{"id":65,"date":"2024-07-10T15:11:15","date_gmt":"2024-07-10T15:11:15","guid":{"rendered":"https:\/\/www.miba.it\/?page_id=65"},"modified":"2025-07-10T12:30:34","modified_gmt":"2025-07-10T12:30:34","slug":"entreprise","status":"publish","type":"page","link":"https:\/\/www.miba.it\/fr\/entreprise\/","title":{"rendered":"Entreprise"},"content":{"rendered":"<div class=\"wpb-content-wrapper\"><div class=\"vc_row wpb_row vc_row-fluid\"><div class=\"wpb_column vc_column_container vc_col-sm-12\"><div class=\"vc_column-inner\"><div class=\"wpb_wrapper\">        <!-- common banner start from here  -->\n        <section class=\"common-banner-main\" style=\"background: url(https:\/\/www.miba.it\/wp-content\/uploads\/2025\/06\/GAB04477-scaled.jpg);\">\n            <div class=\"container\">\n                <div class=\"row\">\n                    <div class=\"col-xs-12 col-sm-12 col-md-12 col-lg-12\">\n                        <div class=\"banner-contents\">\n                            <h1>L'ENTREPRISE<\/h1>\n                        <\/div>\n                    <\/div>\n                <\/div>\n            <\/div>\n        <\/section>\n        <!-- common banner ends here  -->\n<!-- esperianza section start from here  -->\n\n    <section class=\"esperianza-main\">\n        <div class=\"container\">\n            <div class=\"row\">\n                <div class=\"col-xs-12 col-sm-12 col-md-12 col-lg-12\">\n                    <div class=\"common-title\">\n                        <h2 class=\"translation-block\">Exp\u00e9rience et vision<\/h2>\n                        <!--<h3>Esperienza <span>& Visione<\/span><\/h3>-->\n                        <p>Avec plus de 45 ans d'exp\u00e9rience dans divers secteurs industriels, MIBA a acquis un savoir-faire d'entreprise extr\u00eamement structur\u00e9 et robuste, qui repr\u00e9sente le c\u0153ur de nos op\u00e9rations quotidiennes. Cette activit\u00e9 longue et vari\u00e9e nous a permis d'acqu\u00e9rir une connaissance approfondie de nombreux processus de production, et de perfectionner des technologies avanc\u00e9es et des solutions performantes, adaptables aux besoins de diff\u00e9rents march\u00e9s. Notre engagement pour l'innovation et l'optimisation continue nous permet une flexibilit\u00e9 de production que peu d'autres peuvent offrir, avec une efficacit\u00e9 et une qualit\u00e9 constantes \u00e0 chaque \u00e9tape du processus.<\/p>\n                    <\/div>\n    \n                <\/div>\n            <\/div>\n        <\/div>\n    <\/section>\n\n<!-- esperianza section ends here  -->\n<!-- evoluzione section start from here  -->\n    <section class=\"evoluzione-main\">\n        <div class=\"container\">\n            <div class=\"row\">\n                <div class=\"col-xs-12 col-sm-12 col-md-6 col-lg-6\">\n                    <div class=\"contents\">\n                        <h3 class=\"translation-block\">\u00c9volution<br>\n technologique<\/h3>\n                        <p>MIBA est sp\u00e9cialis\u00e9e dans la production et l'assemblage de menuiseries m\u00e9talliques de haute pr\u00e9cision, et offre une large gamme de services de conception pour diff\u00e9rents secteurs. Notre croissance technologique continue, combin\u00e9e \u00e0 une vaste exp\u00e9rience acquise au fil des ann\u00e9es et aliment\u00e9e par une passion constante pour l'innovation, nous a permis de d\u00e9passer les limites de la menuiserie traditionnelle. Aujourd'hui, nous fournissons non seulement des usinages de pr\u00e9cision, mais proposons \u00e9galement des services compl\u00e9mentaires allant de l\u2019assistance technique \u00e0 l'optimisation compl\u00e8te des processus de production de nos clients. Gr\u00e2ce \u00e0 une vision holistique et orient\u00e9e vers l'efficacit\u00e9, nous sommes en mesure de fournir des \u00e9quipements finis, pr\u00eats \u00e0 \u00eatre commercialis\u00e9s sur le r\u00e9seau de vente ou \u00e0 \u00eatre install\u00e9s, consolidant ainsi notre position de partenaire fiable et complet. Nous sommes en mesure de r\u00e9pondre de mani\u00e8re proactive et flexible aux besoins les plus complexes, en proposant des solutions innovantes qui apportent une valeur ajout\u00e9e \u00e0 chaque \u00e9tape du projet.<\/p>\n                    <\/div>\n    \n                <\/div>\n                <div class=\"col-xs-12 col-sm-12 col-md-6 col-lg-6\">\n                    <div class=\"contents\">\n                        <h3 class=\"translation-block\">Croissance et <br>\n constants<\/h3>\n                        <p>Fond\u00e9e dans les ann\u00e9es 1970 par les deux associ\u00e9s actuels, MIBA est n\u00e9e de leur grande passion pour la menuiserie m\u00e9tallique de pr\u00e9cision et de leur exp\u00e9rience consolid\u00e9e dans le secteur des \u00e9quipements \u00e9lectrom\u00e9caniques. Pouss\u00e9s par le d\u00e9sir de cr\u00e9er leur propre r\u00e9alit\u00e9 entrepreneuriale, ils ont cr\u00e9\u00e9 MIBA avec un objectif clair\u00a0: atteindre l'excellence, non seulement dans la qualit\u00e9 des produits, mais aussi dans les services offerts aux clients. Depuis sa cr\u00e9ation, l'entreprise a d\u00e9montr\u00e9 un engagement continu pour l'innovation, en investissant avec d\u00e9termination dans les technologies de pointe pour maintenir une position concurrentielle sur le march\u00e9. MIBA accorde \u00e9galement depuis toujours une grande attention aux personnes, en mettant l'accent sur le d\u00e9veloppement des ressources humaines, la formation continue et la croissance professionnelle de son personnel. Cette approche a permis \u00e0 l'entreprise de s'am\u00e9liorer constamment, en garantissant une qualit\u00e9 de fabrication irr\u00e9prochable et une capacit\u00e9 de r\u00e9ponse toujours plus efficace aux d\u00e9fis du march\u00e9 et aux besoins des clients.<\/p>\n                    <\/div>\n    \n                <\/div>\n            <\/div>\n        <\/div>\n    <\/section>\n<!-- evoluzione section start from here  -->\n<!-- team expertise section start from here  -->\n<section class=\"team-expertise-main\">\n    <div class=\"container\">\n        <div class=\"row\">\n            <div class=\"col-xs-12 col-sm-12 col-md-12 col-lg-12\">\n                <div class=\"expertise-grid-parent\">\n                    <div class=\"single-grid\">\n                        <div class=\"grid-bg\" style=\"background: url(https:\/\/www.miba.it\/wp-content\/uploads\/2024\/08\/DSC_0467-scaled.jpg);\">\n                            <div class=\"contents\">\n                                <div class=\"icon\">\n                                    <img decoding=\"async\" src=\"https:\/\/www.miba.it\/wp-content\/uploads\/2024\/07\/Vector.png\" alt=\"\">\n                                <\/div>\n                                <h3>L'\u00e9quipe &amp;<br \/>\nExpertise<\/h3>\n                                <p>L\u2019exp\u00e9rience et les comp\u00e9tences du personnel de MIBA permettent une approche proactive dans la recherche de solutions solides ax\u00e9es sur la qualit\u00e9 et la fiabilit\u00e9 des activit\u00e9s de production.<br \/>\nL'utilisation des nouvelles technologies avec l'exp\u00e9rience nous permet de saisir les opportunit\u00e9s d'innovation en mati\u00e8re de processus et de produits, tout en maintenant un degr\u00e9 de prudence appropri\u00e9 pour garantir la qualit\u00e9 et la fiabilit\u00e9 de la production avec des r\u00e9sultats constants en mati\u00e8re d'approvisionnement. <\/p>\n                            <\/div>\n                        <\/div>\n                    <\/div>\n                    <div class=\"single-grid\">\n                        <div class=\"grid-bg\" style=\"background: url(https:\/\/www.miba.it\/wp-content\/uploads\/2024\/08\/VideoToPhoto-638596687495285194.png);\">\n                            <div class=\"contents\">\n                                <div class=\"icon\">\n                                    <img decoding=\"async\" src=\"https:\/\/www.miba.it\/wp-content\/uploads\/2024\/07\/Group.png\" alt=\"\">\n                                <\/div>\n                                <h3>Notre vision<\/h3>\n                                <p>Cr\u00e9er des avantages pour nos clients, devenir le PARTENAIRE qu'ils recherchent, capable de comprendre et de satisfaire leurs besoins les plus profonds pour les accompagner vers l'excellence et le leadership sur le march\u00e9.<\/p>\n                            <\/div>\n                        <\/div>\n                    <\/div>\n                    <div class=\"single-grid\">\n                        <div class=\"grid-bg\" style=\"background: url(https:\/\/www.miba.it\/wp-content\/uploads\/2025\/04\/punzonatrice-e-taglio-laser-.png);\">\n                            <div class=\"contents\">\n                                <div class=\"icon\">\n                                    <img decoding=\"async\" src=\"https:\/\/www.miba.it\/wp-content\/uploads\/2024\/07\/Group-92.png\" alt=\"\">\n                                <\/div>\n                                <h3>La mission<\/h3>\n                                <p>\u00catre un leader dans notre secteur et une r\u00e9f\u00e9rence pour nos concurrents, gr\u00e2ce \u00e0 une croissance continue du professionnalisme, des comp\u00e9tences, de la flexibilit\u00e9, des ressources humaines et de l'innovation dans les technologies de production et de gestion.<\/p>\n                            <\/div>\n                        <\/div>\n                    <\/div>\n                <\/div>\n            <\/div>\n        <\/div>\n    <\/div>\n<\/section>\n<!-- team expertise section start from here  -->\n<!-- carpenta metalica section start from here  -->\n<section class=\"carpenta-metalica-main\">\n    <div class=\"container\">\n        <div class=\"row\">\n            <div class=\"col-xs-12 col-sm-12 col-md-12 col-lg-12\">\n                <h4 class=\"translation-block\">La croissance continue de l'exp\u00e9rience et des volumes nous a conduits \u00e0 cr\u00e9er deux divisions<br>\nparfaitement int\u00e9gr\u00e9es l'une \u00e0 l'autre:<\/h4>\n            <\/div>\n        <\/div>\n        <div class=\"row\">\n            <div class=\"col-xs-12 col-sm-12 col-md-6 col-lg-6\">\n                <div class=\"carpentaria-box\">\n                    <h3 class=\"translation-block\">CHARPENTE <br>  M\u00c9TALLIQUE<\/h3>\n                    <p>Plus de quarante-cinq ans d'exp\u00e9rience \u00e0 la disposition de nos clients avec les technologies de production et de gestion les plus avanc\u00e9es<\/p>\n                    <div class=\"text-end\">\n                        <a href=\"https:\/\/www.miba.it\/fr\/menuiserie-metallique\/\">En savoir plus<\/a>\n                    <\/div>\n                <\/div>\n            <\/div>\n            <div class=\"col-xs-12 col-sm-12 col-md-6 col-lg-6\">\n                <div class=\"carpentaria-box\">\n                    <h3 class=\"translation-block\">DIVISION <br> EQUIPEMENT<\/h3>\n                    <p>Gr\u00e2ce au savoir-faire acquis en plus de quarante-cinq ans d'exp\u00e9rience, MIBA fabrique des ensembles \u00e9lectrom\u00e9caniques, en offrant une assistance \u00e0 la conception et en garantissant le respect des normes de qualit\u00e9 les plus strictes.<\/p>\n                    <div class=\"text-end\">\n                        <a href=\"https:\/\/www.miba.it\/fr\/division-des-equipements\/\">En savoir plus<\/a>\n                    <\/div>\n                <\/div>\n            <\/div>\n        <\/div>\n    <\/div>\n<\/section>\n<!-- carpenta metalica section ends here  -->\n<\/div><\/div><\/div><\/div>\n<\/div>","protected":false},"excerpt":{"rendered":"<p> [&#8230;]<\/p>\n<p><a class=\"btn btn-secondary redapple-read-more-link\" href=\"https:\/\/www.miba.it\/fr\/entreprise\/\">Lire la suite&#8230;<\/a><\/p>\n","protected":false},"author":1,"featured_media":0,"parent":0,"menu_order":0,"comment_status":"closed","ping_status":"closed","template":"","meta":{"_acf_changed":false,"inline_featured_image":false,"footnotes":""},"class_list":["post-65","page","type-page","status-publish","hentry"],"acf":[],"yoast_head":"<!-- This site is optimized with the Yoast SEO plugin v26.6 - https:\/\/yoast.com\/wordpress\/plugins\/seo\/ -->\n<title>MIBA | Esperienza e Innovazione Aziendale<\/title>\n<meta name=\"description\" content=\"MIBA: leader nella carpenteria metallica di precisione con oltre 45 anni di esperienza. Scopri la nostra storia, i nostri valori e le nostre divisioni.\" \/>\n<meta name=\"robots\" content=\"index, follow, max-snippet:-1, max-image-preview:large, max-video-preview:-1\" \/>\n<link rel=\"canonical\" href=\"https:\/\/www.miba.it\/fr\/entreprise\/\" \/>\n<meta property=\"og:locale\" content=\"fr_FR\" \/>\n<meta property=\"og:type\" content=\"article\" \/>\n<meta property=\"og:title\" content=\"MIBA | Esperienza e Innovazione Aziendale\" \/>\n<meta property=\"og:description\" content=\"MIBA: leader nella carpenteria metallica di precisione con oltre 45 anni di esperienza. Scopri la nostra storia, i nostri valori e le nostre divisioni.\" \/>\n<meta property=\"og:url\" content=\"https:\/\/www.miba.it\/fr\/entreprise\/\" \/>\n<meta property=\"og:site_name\" content=\"MIBA\" \/>\n<meta property=\"article:modified_time\" content=\"2025-07-10T12:30:34+00:00\" \/>\n<meta property=\"og:image\" content=\"https:\/\/www.miba.it\/wp-content\/uploads\/2025\/06\/MIBAHOME22-scaled.png\" \/>\n\t<meta property=\"og:image:width\" content=\"2560\" \/>\n\t<meta property=\"og:image:height\" content=\"1011\" \/>\n\t<meta property=\"og:image:type\" content=\"image\/png\" \/>\n<meta name=\"twitter:card\" content=\"summary_large_image\" \/>\n<meta name=\"twitter:label1\" content=\"Dur\u00e9e de lecture estim\u00e9e\" \/>\n\t<meta name=\"twitter:data1\" content=\"5 minutes\" \/>\n<script type=\"application\/ld+json\" class=\"yoast-schema-graph\">{\"@context\":\"https:\/\/schema.org\",\"@graph\":[{\"@type\":\"WebPage\",\"@id\":\"https:\/\/www.miba.it\/azienda\/\",\"url\":\"https:\/\/www.miba.it\/azienda\/\",\"name\":\"MIBA | Esperienza e Innovazione Aziendale\",\"isPartOf\":{\"@id\":\"https:\/\/www.miba.it\/#website\"},\"datePublished\":\"2024-07-10T15:11:15+00:00\",\"dateModified\":\"2025-07-10T12:30:34+00:00\",\"description\":\"MIBA: leader nella carpenteria metallica di precisione con oltre 45 anni di esperienza. Scopri la nostra storia, i nostri valori e le nostre divisioni.\",\"breadcrumb\":{\"@id\":\"https:\/\/www.miba.it\/azienda\/#breadcrumb\"},\"inLanguage\":\"fr-FR\",\"potentialAction\":[{\"@type\":\"ReadAction\",\"target\":[\"https:\/\/www.miba.it\/azienda\/\"]}]},{\"@type\":\"BreadcrumbList\",\"@id\":\"https:\/\/www.miba.it\/azienda\/#breadcrumb\",\"itemListElement\":[{\"@type\":\"ListItem\",\"position\":1,\"name\":\"Home\",\"item\":\"https:\/\/www.miba.it\/\"},{\"@type\":\"ListItem\",\"position\":2,\"name\":\"Azienda\"}]},{\"@type\":\"WebSite\",\"@id\":\"https:\/\/www.miba.it\/#website\",\"url\":\"https:\/\/www.miba.it\/\",\"name\":\"MIBA\",\"description\":\"The outsourcing solution\",\"potentialAction\":[{\"@type\":\"SearchAction\",\"target\":{\"@type\":\"EntryPoint\",\"urlTemplate\":\"https:\/\/www.miba.it\/?s={search_term_string}\"},\"query-input\":{\"@type\":\"PropertyValueSpecification\",\"valueRequired\":true,\"valueName\":\"search_term_string\"}}],\"inLanguage\":\"fr-FR\"}]}<\/script>\n<!-- \/ Yoast SEO plugin. -->","yoast_head_json":{"title":"MIBA | Exp\u00e9rience et innovation au sein de l'entreprise","description":"MIBA : un leader dans la m\u00e9tallurgie de pr\u00e9cision avec plus de 45 ans d'exp\u00e9rience. D\u00e9couvrez notre histoire, nos valeurs et nos divisions.","robots":{"index":"index","follow":"follow","max-snippet":"max-snippet:-1","max-image-preview":"max-image-preview:large","max-video-preview":"max-video-preview:-1"},"canonical":"https:\/\/www.miba.it\/fr\/entreprise\/","og_locale":"fr_FR","og_type":"article","og_title":"MIBA | Esperienza e Innovazione Aziendale","og_description":"MIBA: leader nella carpenteria metallica di precisione con oltre 45 anni di esperienza. Scopri la nostra storia, i nostri valori e le nostre divisioni.","og_url":"https:\/\/www.miba.it\/fr\/entreprise\/","og_site_name":"MIBA","article_modified_time":"2025-07-10T12:30:34+00:00","og_image":[{"width":2560,"height":1011,"url":"https:\/\/www.miba.it\/wp-content\/uploads\/2025\/06\/MIBAHOME22-scaled.png","type":"image\/png"}],"twitter_card":"summary_large_image","twitter_misc":{"Dur\u00e9e de lecture estim\u00e9e":"5 minutes"},"schema":{"@context":"https:\/\/schema.org","@graph":[{"@type":"WebPage","@id":"https:\/\/www.miba.it\/azienda\/","url":"https:\/\/www.miba.it\/azienda\/","name":"MIBA | Exp\u00e9rience et innovation au sein de l'entreprise","isPartOf":{"@id":"https:\/\/www.miba.it\/#website"},"datePublished":"2024-07-10T15:11:15+00:00","dateModified":"2025-07-10T12:30:34+00:00","description":"MIBA : un leader dans la m\u00e9tallurgie de pr\u00e9cision avec plus de 45 ans d'exp\u00e9rience. D\u00e9couvrez notre histoire, nos valeurs et nos divisions.","breadcrumb":{"@id":"https:\/\/www.miba.it\/azienda\/#breadcrumb"},"inLanguage":"fr-FR","potentialAction":[{"@type":"ReadAction","target":["https:\/\/www.miba.it\/azienda\/"]}]},{"@type":"BreadcrumbList","@id":"https:\/\/www.miba.it\/azienda\/#breadcrumb","itemListElement":[{"@type":"ListItem","position":1,"name":"Home","item":"https:\/\/www.miba.it\/"},{"@type":"ListItem","position":2,"name":"Azienda"}]},{"@type":"WebSite","@id":"https:\/\/www.miba.it\/#website","url":"https:\/\/www.miba.it\/","name":"MIBA","description":"La solution d'externalisation","potentialAction":[{"@type":"SearchAction","target":{"@type":"EntryPoint","urlTemplate":"https:\/\/www.miba.it\/?s={search_term_string}"},"query-input":{"@type":"PropertyValueSpecification","valueRequired":true,"valueName":"search_term_string"}}],"inLanguage":"fr-FR"}]}},"_links":{"self":[{"href":"https:\/\/www.miba.it\/fr\/wp-json\/wp\/v2\/pages\/65","targetHints":{"allow":["GET"]}}],"collection":[{"href":"https:\/\/www.miba.it\/fr\/wp-json\/wp\/v2\/pages"}],"about":[{"href":"https:\/\/www.miba.it\/fr\/wp-json\/wp\/v2\/types\/page"}],"author":[{"embeddable":true,"href":"https:\/\/www.miba.it\/fr\/wp-json\/wp\/v2\/users\/1"}],"replies":[{"embeddable":true,"href":"https:\/\/www.miba.it\/fr\/wp-json\/wp\/v2\/comments?post=65"}],"version-history":[{"count":10,"href":"https:\/\/www.miba.it\/fr\/wp-json\/wp\/v2\/pages\/65\/revisions"}],"predecessor-version":[{"id":1561,"href":"https:\/\/www.miba.it\/fr\/wp-json\/wp\/v2\/pages\/65\/revisions\/1561"}],"wp:attachment":[{"href":"https:\/\/www.miba.it\/fr\/wp-json\/wp\/v2\/media?parent=65"}],"curies":[{"name":"wp","href":"https:\/\/api.w.org\/{rel}","templated":true}]}}