{"id":1812,"date":"2025-11-04T08:15:36","date_gmt":"2025-11-04T08:15:36","guid":{"rendered":"https:\/\/www.miba.it\/?page_id=1812"},"modified":"2025-12-18T08:34:43","modified_gmt":"2025-12-18T08:34:43","slug":"politique-de-confidentialite","status":"publish","type":"page","link":"https:\/\/www.miba.it\/fr\/politique-de-confidentialite\/","title":{"rendered":"Politique de confidentialit\u00e9"},"content":{"rendered":"<div class=\"wpb-content-wrapper\"><section style=\"min-height: 15vh\" class=\"vc_section vc_custom_1762245914725 vc_section-has-fill\"><div class=\"vc_row wpb_row vc_row-fluid\"><div class=\"wpb_column vc_column_container vc_col-sm-12\"><div class=\"vc_column-inner\"><div class=\"wpb_wrapper\"><\/div><\/div><\/div><\/div><\/section><section class=\"vc_section flex-container\"><div class=\"vc_row wpb_row vc_row-fluid container\"><div class=\"wpb_column vc_column_container vc_col-sm-12\"><div class=\"vc_column-inner\"><div class=\"wpb_wrapper\">\n\t<div class=\"wpb_text_column wpb_content_element\" >\n\t\t<div class=\"wpb_wrapper\">\n\t\t\t<h1>Politique de confidentialit\u00e9<\/h1>\n<h4><\/h4>\n<p><strong>En application du r\u00e8glement UE 2016\/679 et de la r\u00e9glementation applicable, nous souhaitons vous fournir les informations suivantes concernant le traitement et la protection de vos donn\u00e9es personnelles sur ce site internet. <\/strong><\/p>\n<p><strong>&nbsp;<\/strong><\/p>\n<p><strong>Responsable du traitement des donn\u00e9es<\/strong> Miba srl via Caduti sul lavoro 6\/A 41030 San Prospero (MO), qui peut \u00e9galement \u00eatre contact\u00e9e par t\u00e9l\u00e9phone au num\u00e9ro 059 809911 ou par courrier \u00e9lectronique \u00e0 l'adresse privacy@miba.it.<\/p>\n<p>&nbsp;<\/p>\n<p><strong>Donn\u00e9es personnelles et d'identification.<\/strong><\/p>\n<p>En naviguant sur le site, nous vous informons que le contr\u00f4leur traitera vos donn\u00e9es personnelles, qui peuvent consister en un identifiant tel que votre nom, un num\u00e9ro d'identification, un identifiant en ligne ou un ou plusieurs \u00e9l\u00e9ments caract\u00e9ristiques de votre identit\u00e9 physique, \u00e9conomique, culturelle ou sociale susceptibles de vous identifier ou de vous rendre identifiable. D'autres donn\u00e9es personnelles que vous fournissez librement dans les formulaires de demande d'informations peuvent \u00e9galement \u00eatre trait\u00e9es. Le site ne n\u00e9cessite pas l'insertion de donn\u00e9es sensibles, conform\u00e9ment \u00e0 l'art. 9.1 Reg. 2016\/679\/UE, et le Responsable du traitement n'assume aucune responsabilit\u00e9 dans le cas o\u00f9 l'utilisateur saisit ces donn\u00e9es de mani\u00e8re autonome.<\/p>\n<p>&nbsp;<\/p>\n<p><strong>Donn\u00e9es de navigation<\/strong><\/p>\n<p>Les syst\u00e8mes informatiques et les proc\u00e9dures logicielles utilis\u00e9s pour faire fonctionner le site acqui\u00e8rent, au cours de leur fonctionnement normal, certaines donn\u00e9es personnelles dont la transmission est implicite dans l'utilisation des protocoles de communication Internet. Ces informations ne sont pas collect\u00e9es dans le but d'\u00eatre associ\u00e9es \u00e0 des personnes int\u00e9ress\u00e9es identifi\u00e9es, mais, de par leur nature m\u00eame, elles pourraient, par le biais du traitement et de l'association avec des donn\u00e9es d\u00e9tenues par des tiers, permettre d'identifier les utilisateurs. Cette cat\u00e9gorie de donn\u00e9es comprend les adresses IP ou les noms de domaine des ordinateurs utilis\u00e9s par les utilisateurs qui se connectent au site, les adresses de notation URI (Uniform Resource Identifier) des ressources demand\u00e9es, l'heure de la demande, la m\u00e9thode utilis\u00e9e pour soumettre la demande au serveur, la taille du fichier obtenu en r\u00e9ponse, le code num\u00e9rique indiquant l'\u00e9tat de la r\u00e9ponse donn\u00e9e par le serveur (succ\u00e8s, erreur, etc.) et d'autres param\u00e8tres relatifs au syst\u00e8me d'exploitation et \u00e0 l'environnement informatique de l'utilisateur. Ces donn\u00e9es sont utilis\u00e9es dans le seul but d'obtenir des informations statistiques anonymes sur l'utilisation du site et d'en v\u00e9rifier le bon fonctionnement, d'identifier les anomalies et\/ou les abus, et sont effac\u00e9es imm\u00e9diatement apr\u00e8s leur traitement. Les donn\u00e9es pourraient \u00eatre utilis\u00e9es pour d\u00e9terminer les responsabilit\u00e9s en cas d'hypoth\u00e9tiques d\u00e9lits informatiques contre le site ou des tiers.<\/p>\n<p><strong>Donn\u00e9es fournies volontairement par l'utilisateur<\/strong><\/p>\n<p>L'envoi facultatif, explicite et volontaire de courriers \u00e9lectroniques aux adresses indiqu\u00e9es sur ce site entra\u00eene l'acquisition ult\u00e9rieure de l'adresse de l'exp\u00e9diteur, n\u00e9cessaire pour r\u00e9pondre aux demandes, ainsi que des autres donn\u00e9es personnelles saisies. Nous pouvons traiter des donn\u00e9es personnelles et\/ou de contact telles que le nom, le pr\u00e9nom, l'adresse \u00e9lectronique et le num\u00e9ro de t\u00e9l\u00e9phone.<\/p>\n<p><strong>Modalit\u00e9s de la<\/strong> <strong>traitement - temps de r\u00e9tention<\/strong><\/p>\n<p>Les donn\u00e9es personnelles trait\u00e9es seront conserv\u00e9es pendant le temps strictement n\u00e9cessaire pour atteindre les m\u00eames objectifs que ceux d\u00e9crits ci-dessus, conform\u00e9ment aux principes de minimisation et de limitation de la conservation en vertu de l'article 5.1.e) du r\u00e8glement. En tout \u00e9tat de cause, le responsable du traitement traitera les donn\u00e9es personnelles pendant la dur\u00e9e n\u00e9cessaire \u00e0 l'ex\u00e9cution des obligations contractuelles et l\u00e9gales. Les donn\u00e9es seront conserv\u00e9es pendant une p\u00e9riode n'exc\u00e9dant pas les finalit\u00e9s pour lesquelles les donn\u00e9es ont \u00e9t\u00e9 collect\u00e9es et trait\u00e9es par la suite, comme mieux sp\u00e9cifi\u00e9 dans les avis de confidentialit\u00e9 sp\u00e9cifiques.<\/p>\n<p><strong>Port\u00e9e de la communication et de la diffusion<\/strong><\/p>\n<p>Vos donn\u00e9es, objet du traitement, ne seront pas diffus\u00e9es, vendues ou \u00e9chang\u00e9es avec des tiers sans votre consentement expr\u00e8s. Les donn\u00e9es peuvent \u00eatre communiqu\u00e9es \u00e0 des tiers appartenant aux cat\u00e9gories suivantes :<\/p>\n<p>- les parties fournissant des services pour la gestion du syst\u00e8me d'information<\/p>\n<p>- des entreprises ou des soci\u00e9t\u00e9s dans le cadre de relations d'assistance et de conseil ;<\/p>\n<p>- les autorit\u00e9s comp\u00e9tentes pour remplir les obligations l\u00e9gales et\/ou les dispositions des organismes publics, sur demande.<\/p>\n<p>- fournisseur externe ;<\/p>\n<p>- les entreprises charg\u00e9es de l'entretien courant et extraordinaire du site web<\/p>\n<p>En tout \u00e9tat de cause, vos donn\u00e9es ne seront pas divulgu\u00e9es<\/p>\n<p><strong>Transfert de donn\u00e9es \u00e0 l'\u00e9tranger<\/strong><br \/>\nLes donn\u00e9es \u00e0 caract\u00e8re personnel de la personne concern\u00e9e ne seront pas transf\u00e9r\u00e9es \u00e0 des pays tiers. Si des donn\u00e9es \u00e0 caract\u00e8re personnel sont transf\u00e9r\u00e9es \u00e0 des pays tiers ou \u00e0 des organisations internationales \u00e0 l'avenir, toutes les dispositions du chapitre V (r\u00e8glement (UE) 2016\/679) seront respect\u00e9es afin de garantir un niveau de protection ad\u00e9quat.<\/p>\n<p><strong>Droits de la personne concern\u00e9e <\/strong><br \/>\nConform\u00e9ment aux articles 15 et suivants du r\u00e8glement, vous avez le droit de demander, \u00e0 tout moment, l'acc\u00e8s \u00e0 vos donn\u00e9es \u00e0 caract\u00e8re personnel, leur rectification ou leur effacement, la limitation du traitement dans les cas pr\u00e9vus par l'article 18 du r\u00e8glement, et d'obtenir, dans un format structur\u00e9, couramment utilis\u00e9 et lisible par machine, les donn\u00e9es vous concernant, dans les cas pr\u00e9vus par l'article 20 du r\u00e8glement. Vous pouvez \u00e0 tout moment r\u00e9voquer, conform\u00e9ment \u00e0 l'article 7 du r\u00e8glement, le consentement que vous avez donn\u00e9 ; vous pouvez introduire une r\u00e9clamation aupr\u00e8s de l'autorit\u00e9 de contr\u00f4le comp\u00e9tente (Garante per la Protezione dei Dati Personali WWW.GARANTEPRIVACY.IT) conform\u00e9ment \u00e0 l'article 77 du r\u00e8glement, si vous estimez que le traitement de vos donn\u00e9es est contraire \u00e0 la l\u00e9gislation en vigueur. Vous pouvez introduire une demande d'opposition au traitement de vos donn\u00e9es aux termes de l'article 21 du r\u00e8glement, dans laquelle vous justifiez les raisons de votre opposition : le responsable du traitement se r\u00e9serve le droit d'\u00e9valuer votre demande, qui ne serait pas accept\u00e9e en cas d'existence de motifs l\u00e9gitimes imp\u00e9rieux pour le traitement qui pr\u00e9valent sur vos int\u00e9r\u00eats, vos droits et vos libert\u00e9s. Les adresses \u00e0 utiliser pour exercer vos droits sont celles du responsable du traitement comme indiqu\u00e9 ci-dessus<\/p>\n\n\t\t<\/div>\n\t<\/div>\n<\/div><\/div><\/div><\/div><\/section>\n<\/div>","protected":false},"excerpt":{"rendered":"<p> [&#8230;]<\/p>\n<p><a class=\"btn btn-secondary redapple-read-more-link\" href=\"https:\/\/www.miba.it\/fr\/politique-de-confidentialite\/\">Lire la suite&#8230;<\/a><\/p>\n","protected":false},"author":1,"featured_media":0,"parent":0,"menu_order":0,"comment_status":"closed","ping_status":"closed","template":"","meta":{"_acf_changed":false,"inline_featured_image":false,"footnotes":""},"class_list":["post-1812","page","type-page","status-publish","hentry"],"acf":[],"yoast_head":"<!-- This site is optimized with the Yoast SEO plugin v26.6 - https:\/\/yoast.com\/wordpress\/plugins\/seo\/ -->\n<title>Privacy Policy | MIBA<\/title>\n<meta name=\"description\" content=\"Informativa sulla privacy \u2013 protezione dei tuoi dati personali con MIBA: trasparenza, diritti e sicurezza garantiti.\" \/>\n<meta name=\"robots\" content=\"index, follow, max-snippet:-1, max-image-preview:large, max-video-preview:-1\" \/>\n<link rel=\"canonical\" href=\"https:\/\/www.miba.it\/fr\/politique-de-confidentialite\/\" \/>\n<meta property=\"og:locale\" content=\"fr_FR\" \/>\n<meta property=\"og:type\" content=\"article\" \/>\n<meta property=\"og:title\" content=\"Privacy Policy | MIBA\" \/>\n<meta property=\"og:description\" content=\"Informativa sulla privacy \u2013 protezione dei tuoi dati personali con MIBA: trasparenza, diritti e sicurezza garantiti.\" \/>\n<meta property=\"og:url\" content=\"https:\/\/www.miba.it\/fr\/politique-de-confidentialite\/\" \/>\n<meta property=\"og:site_name\" content=\"MIBA\" \/>\n<meta property=\"article:modified_time\" content=\"2025-12-18T08:34:43+00:00\" \/>\n<meta property=\"og:image\" content=\"https:\/\/www.miba.it\/wp-content\/uploads\/2025\/06\/MIBAHOME22-scaled.png\" \/>\n\t<meta property=\"og:image:width\" content=\"2560\" \/>\n\t<meta property=\"og:image:height\" content=\"1011\" \/>\n\t<meta property=\"og:image:type\" content=\"image\/png\" \/>\n<meta name=\"twitter:card\" content=\"summary_large_image\" \/>\n<meta name=\"twitter:label1\" content=\"Dur\u00e9e de lecture estim\u00e9e\" \/>\n\t<meta name=\"twitter:data1\" content=\"5 minutes\" \/>\n<script type=\"application\/ld+json\" class=\"yoast-schema-graph\">{\"@context\":\"https:\/\/schema.org\",\"@graph\":[{\"@type\":\"WebPage\",\"@id\":\"https:\/\/www.miba.it\/privacy-policy\/\",\"url\":\"https:\/\/www.miba.it\/privacy-policy\/\",\"name\":\"Privacy Policy | MIBA\",\"isPartOf\":{\"@id\":\"https:\/\/www.miba.it\/#website\"},\"datePublished\":\"2025-11-04T08:15:36+00:00\",\"dateModified\":\"2025-12-18T08:34:43+00:00\",\"description\":\"Informativa sulla privacy \u2013 protezione dei tuoi dati personali con MIBA: trasparenza, diritti e sicurezza garantiti.\",\"breadcrumb\":{\"@id\":\"https:\/\/www.miba.it\/privacy-policy\/#breadcrumb\"},\"inLanguage\":\"fr-FR\",\"potentialAction\":[{\"@type\":\"ReadAction\",\"target\":[\"https:\/\/www.miba.it\/privacy-policy\/\"]}]},{\"@type\":\"BreadcrumbList\",\"@id\":\"https:\/\/www.miba.it\/privacy-policy\/#breadcrumb\",\"itemListElement\":[{\"@type\":\"ListItem\",\"position\":1,\"name\":\"Home\",\"item\":\"https:\/\/www.miba.it\/\"},{\"@type\":\"ListItem\",\"position\":2,\"name\":\"Privacy Policy\"}]},{\"@type\":\"WebSite\",\"@id\":\"https:\/\/www.miba.it\/#website\",\"url\":\"https:\/\/www.miba.it\/\",\"name\":\"MIBA\",\"description\":\"The outsourcing solution\",\"potentialAction\":[{\"@type\":\"SearchAction\",\"target\":{\"@type\":\"EntryPoint\",\"urlTemplate\":\"https:\/\/www.miba.it\/?s={search_term_string}\"},\"query-input\":{\"@type\":\"PropertyValueSpecification\",\"valueRequired\":true,\"valueName\":\"search_term_string\"}}],\"inLanguage\":\"fr-FR\"}]}<\/script>\n<!-- \/ Yoast SEO plugin. -->","yoast_head_json":{"title":"Politique de confidentialit\u00e9 - MIBA","description":"Politique de confidentialit\u00e9 - protection de vos donn\u00e9es personnelles avec MIBA : transparence, droits et s\u00e9curit\u00e9 garantis.","robots":{"index":"index","follow":"follow","max-snippet":"max-snippet:-1","max-image-preview":"max-image-preview:large","max-video-preview":"max-video-preview:-1"},"canonical":"https:\/\/www.miba.it\/fr\/politique-de-confidentialite\/","og_locale":"fr_FR","og_type":"article","og_title":"Privacy Policy | MIBA","og_description":"Informativa sulla privacy \u2013 protezione dei tuoi dati personali con MIBA: trasparenza, diritti e sicurezza garantiti.","og_url":"https:\/\/www.miba.it\/fr\/politique-de-confidentialite\/","og_site_name":"MIBA","article_modified_time":"2025-12-18T08:34:43+00:00","og_image":[{"width":2560,"height":1011,"url":"https:\/\/www.miba.it\/wp-content\/uploads\/2025\/06\/MIBAHOME22-scaled.png","type":"image\/png"}],"twitter_card":"summary_large_image","twitter_misc":{"Dur\u00e9e de lecture estim\u00e9e":"5 minutes"},"schema":{"@context":"https:\/\/schema.org","@graph":[{"@type":"WebPage","@id":"https:\/\/www.miba.it\/privacy-policy\/","url":"https:\/\/www.miba.it\/privacy-policy\/","name":"Politique de confidentialit\u00e9 - MIBA","isPartOf":{"@id":"https:\/\/www.miba.it\/#website"},"datePublished":"2025-11-04T08:15:36+00:00","dateModified":"2025-12-18T08:34:43+00:00","description":"Politique de confidentialit\u00e9 - protection de vos donn\u00e9es personnelles avec MIBA : transparence, droits et s\u00e9curit\u00e9 garantis.","breadcrumb":{"@id":"https:\/\/www.miba.it\/privacy-policy\/#breadcrumb"},"inLanguage":"fr-FR","potentialAction":[{"@type":"ReadAction","target":["https:\/\/www.miba.it\/privacy-policy\/"]}]},{"@type":"BreadcrumbList","@id":"https:\/\/www.miba.it\/privacy-policy\/#breadcrumb","itemListElement":[{"@type":"ListItem","position":1,"name":"Home","item":"https:\/\/www.miba.it\/"},{"@type":"ListItem","position":2,"name":"Privacy Policy"}]},{"@type":"WebSite","@id":"https:\/\/www.miba.it\/#website","url":"https:\/\/www.miba.it\/","name":"MIBA","description":"La solution d'externalisation","potentialAction":[{"@type":"SearchAction","target":{"@type":"EntryPoint","urlTemplate":"https:\/\/www.miba.it\/?s={search_term_string}"},"query-input":{"@type":"PropertyValueSpecification","valueRequired":true,"valueName":"search_term_string"}}],"inLanguage":"fr-FR"}]}},"_links":{"self":[{"href":"https:\/\/www.miba.it\/fr\/wp-json\/wp\/v2\/pages\/1812","targetHints":{"allow":["GET"]}}],"collection":[{"href":"https:\/\/www.miba.it\/fr\/wp-json\/wp\/v2\/pages"}],"about":[{"href":"https:\/\/www.miba.it\/fr\/wp-json\/wp\/v2\/types\/page"}],"author":[{"embeddable":true,"href":"https:\/\/www.miba.it\/fr\/wp-json\/wp\/v2\/users\/1"}],"replies":[{"embeddable":true,"href":"https:\/\/www.miba.it\/fr\/wp-json\/wp\/v2\/comments?post=1812"}],"version-history":[{"count":22,"href":"https:\/\/www.miba.it\/fr\/wp-json\/wp\/v2\/pages\/1812\/revisions"}],"predecessor-version":[{"id":1910,"href":"https:\/\/www.miba.it\/fr\/wp-json\/wp\/v2\/pages\/1812\/revisions\/1910"}],"wp:attachment":[{"href":"https:\/\/www.miba.it\/fr\/wp-json\/wp\/v2\/media?parent=1812"}],"curies":[{"name":"wp","href":"https:\/\/api.w.org\/{rel}","templated":true}]}}