{"id":113,"date":"2024-07-12T16:12:37","date_gmt":"2024-07-12T16:12:37","guid":{"rendered":"https:\/\/www.miba.it\/?page_id=113"},"modified":"2025-07-23T10:58:10","modified_gmt":"2025-07-23T10:58:10","slug":"services","status":"publish","type":"page","link":"https:\/\/www.miba.it\/fr\/services\/","title":{"rendered":"SERVICES"},"content":{"rendered":"<div class=\"wpb-content-wrapper\"><div class=\"vc_row wpb_row vc_row-fluid\"><div class=\"wpb_column vc_column_container vc_col-sm-12\"><div class=\"vc_column-inner\"><div class=\"wpb_wrapper\"><!-- common banner start from here  -->\n    <section class=\"common-banner-main\" style=\"background: url(https:\/\/www.miba.it\/wp-content\/uploads\/2024\/08\/Screenshot-2024-08-03-102333.png);\">\n        <div class=\"container\">\n            <div class=\"row\">\n                <div class=\"col-xs-12 col-sm-12 col-md-12 col-lg-12\">\n                    <div class=\"banner-contents\">\n                        <h1>SERVICES<\/h1>\n                    <\/div>\n                <\/div>\n            <\/div>\n        <\/div>\n    <\/section>\n<!-- common banner ends here  -->\n<!-- ricerca section start from here  -->\n\n    <section class=\"miba-ricerca-main\">\n        <div class=\"container\">\n            <div class=\"row\">\n                <div class=\"col-xs-12 col-sm-12 col-md-12 col-lg-12\">\n                    <div class=\"common-title\">\n                        <h2 class=\"translation-block\">Innovation et qualit\u00e9 <span>pour chaque\nbesoin<\/span><\/h2>\n                        <p>Chez MIBA, nous nous engageons \u00e0 fournir des solutions de produits avec des composants \u00e9lectrom\u00e9caniques avanc\u00e9s et une assistance hautement sp\u00e9cialis\u00e9e, dans le but de d\u00e9passer les attentes de nos clients. Forts de nombreuses ann\u00e9es d'exp\u00e9rience dans divers secteurs, nous sommes en mesure de garantir la qualit\u00e9, la fiabilit\u00e9 et l'innovation dans tous les projets que nous entreprenons. Notre exp\u00e9rience nous permet de comprendre parfaitement les besoins uniques de chaque client et d'offrir des services sur mesure qui r\u00e9pondent efficacement \u00e0 ces besoins. D\u00e9couvrez comment nos solutions peuvent non seulement r\u00e9pondre \u00e0 vos besoins imm\u00e9diats, mais aussi contribuer au progr\u00e8s et au succ\u00e8s de votre entreprise, en l'amenant \u00e0 de nouveaux sommets d'excellence et de comp\u00e9titivit\u00e9.<\/p>\n                    <\/div>\n                <\/div>\n            <\/div>\n        <\/div>\n    <\/section>\n\n<!-- ricerca section ends here  -->\n    <section class=\"metalica-grid-main\">\n        <div class=\"container\">\n            <div class=\"row\">\n                <div class=\"col-xs-12 col-sm-12 col-md-12 col-lg-12\">\n                    <div class=\"metalica-grid-parent\">\n                                                                                                                                                                                            <div class=\"single-grid\">\n                                        <div class=\"grid-bg\" style=\"background: url(https:\/\/www.miba.it\/wp-content\/uploads\/2024\/10\/welding-c.jpg);\">\n                                            <div class=\"contents\">\n                                                <h3 class=\"translation-block\">CHARPENTE <br>  M\u00c9TALLIQUE<\/h3>\n                                                <p>Avec plus de 45 ans d'exp\u00e9rience au service de nos clients, nous offrons une expertise consolid\u00e9e, b\u00e9n\u00e9ficiant des technologies de production et de gestion les plus avanc\u00e9es. Gr\u00e2ce \u00e0 un parc de machines vari\u00e9 et \u00e0 la pointe de la technique, nos proc\u00e9d\u00e9s sont s\u00fbrs et pr\u00e9cis, adaptables \u00e0 chaque besoin de production. Notre offre comprend une large gamme de mat\u00e9riaux, garantissant une polyvalence maximale pour des projets de diff\u00e9rentes natures et complexit\u00e9s. De plus, nous proposons des traitements de surface de haute qualit\u00e9, visant \u00e0 offrir des performances sup\u00e9rieures et une dur\u00e9e de vie prolong\u00e9e des produits.<\/p>\n                                                                                                    <a href=\"https:\/\/miba.octagona.com\/carpenteria-metallica\/\">En savoir plus<\/a>\n                                                                                            <\/div>\n                                        <\/div>\n                                    <\/div>\n                                                                                                                                                                <div class=\"single-grid\">\n                                        <div class=\"grid-bg\">\n                                            <div class=\"contents\">\n                                                <div class=\"icon\">\n                                                    <img decoding=\"async\" src=\"https:\/\/www.miba.it\/wp-content\/uploads\/2024\/07\/Group-1.png\" alt=\"\">\n                                                <\/div>\n                                                <h3>\n                                                                                                        <\/span><span class=\"count\" data-count=\"5000\">0<\/span>\n                                                <\/h3>\n                                                <h6>\u00c9QUIPEMENTS ET SOUS-ENSEMBLES ASSEMBL\u00c9S PRODUITS ANNUELLEMENT<\/h6>\n\n                                            <\/div>\n                                        <\/div>\n                                    <\/div>\n                                                                                                                                                                <div class=\"single-grid\">\n                                        <div class=\"grid-bg\">\n                                            <div class=\"contents\">\n                                                <div class=\"icon\">\n                                                    <img decoding=\"async\" src=\"https:\/\/www.miba.it\/wp-content\/uploads\/2024\/07\/Group-2.png\" alt=\"\">\n                                                <\/div>\n                                                <h3>\n                                                                                                        <\/span><span class=\"count\" data-count=\"20\">0<\/span>\n                                                <\/h3>\n                                                <h6>SECTEURS INDUSTRIELS DESSERVIS<\/h6>\n\n                                            <\/div>\n                                        <\/div>\n                                    <\/div>\n                                                                                                                                                                <div class=\"single-grid\">\n                                        <div class=\"grid-bg\">\n                                            <div class=\"contents\">\n                                                <div class=\"icon\">\n                                                    <img decoding=\"async\" src=\"https:\/\/www.miba.it\/wp-content\/uploads\/2024\/07\/Group-4-1.png\" alt=\"\">\n                                                <\/div>\n                                                <h3>\n                                                                                                        +<\/span><span class=\"count\" data-count=\"200\">0<\/span>\n                                                <\/h3>\n                                                <h6>COLLABORATIONS INTERNATIONALES<\/h6>\n\n                                            <\/div>\n                                        <\/div>\n                                    <\/div>\n                                                                                                                                                                                                    <div class=\"single-grid\">\n                                        <div class=\"grid-bg\" style=\"background: url(https:\/\/www.miba.it\/wp-content\/uploads\/2025\/06\/apparecchiature-.jpg);\">\n                                            <div class=\"contents\">\n                                                <h3 class=\"translation-block\">DIVISION <br> EQUIPEMENT<\/h3>\n                                                <p>Nous proposons des solutions de haute qualit\u00e9 pour la production et la gestion des \u00e9quipements, utilisant les technologies de production et de gestion les plus innovantes. Cette vaste exp\u00e9rience nous permet de cr\u00e9er des \u00e9quipements complexes et personnalis\u00e9s, garantissant pr\u00e9cision et fiabilit\u00e9 \u00e0 chaque \u00e9tape du projet. L\u2019adoption de technologies de pointe nous permet d\u2019optimiser le processus de production et de fournir des \u00e9quipements r\u00e9pondant parfaitement aux besoins sp\u00e9cifiques de nos clients. Nous nous engageons \u00e0 maintenir des normes de qualit\u00e9 \u00e9lev\u00e9es, en veillant \u00e0 ce que chaque pi\u00e8ce d'\u00e9quipement soit con\u00e7ue et fabriqu\u00e9e avec la plus grande attention aux d\u00e9tails et aux performances.<\/p>\n                                                                                                    <a href=\"https:\/\/miba.octagona.com\/divisione-apparecchiature\/\">En savoir plus<\/a>\n                                                                                            <\/div>\n                                        <\/div>\n                                    <\/div>\n                                                                                                                                                                                                    <div class=\"single-grid\">\n                                        <div class=\"grid-bg\" style=\"background: url();\">\n                                            <div class=\"contents\">\n                                                <h3>Production<\/h3>\n                                                <p>MIBA est en mesure de proposer des \u00e9quipements complets aussi bien en mode \u00ab\u00a0fourniture compl\u00e8te\u00a0\u00bb qu'en mode \u00ab\u00a0\u00e0 fa\u00e7on\u00a0\u00bb avec du mat\u00e9riel fourni par le client, en tout ou en partie. Par ailleurs, lorsque cela est n\u00e9cessaire, nous pouvons \u00e9galement nous substituer au client pour l'achat de marchandises aupr\u00e8s de ses fournisseurs, aux conditions commerciales convenues. Cette flexibilit\u00e9 nous permet de cr\u00e9er une \u00ab\u00a0offre\u00a0\u00bb personnalis\u00e9e de solutions et de services sur mesure, pour r\u00e9pondre \u00e0 chaque besoin sp\u00e9cifique et garantir des r\u00e9sultats optimaux. Avec une approche orient\u00e9e vers la satisfaction du client, nous sommes en mesure de nous adapter aux diff\u00e9rentes demandes, en proposant des solutions int\u00e9gr\u00e9es et compl\u00e8tes qui simplifient le processus de production et am\u00e9liorent l'efficacit\u00e9.<\/p>\n                                                                                            <\/div>\n                                        <\/div>\n                                    <\/div>\n                                                                                                                                                                <div class=\"single-grid\">\n                                        <div class=\"grid-bg\">\n                                            <div class=\"contents\">\n                                                <div class=\"icon\">\n                                                    <img decoding=\"async\" src=\"https:\/\/www.miba.it\/wp-content\/uploads\/2024\/07\/Group-5-1.png\" alt=\"\">\n                                                <\/div>\n                                                <h3>\n                                                                                                        <\/span><span class=\"count\" data-count=\"6000\">0<\/span>\n                                                <\/h3>\n                                                <h6>M\u00c8TRES CARR\u00c9S D'INSTALLATIONS DE PRODUCTION<\/h6>\n\n                                            <\/div>\n                                        <\/div>\n                                    <\/div>\n                                                                                                        <\/div>\n                <\/div>\n            <\/div>\n        <\/div>\n    <\/section>\n<\/div><\/div><\/div><\/div>\n<\/div>","protected":false},"excerpt":{"rendered":"<p> [&#8230;]<\/p>\n<p><a class=\"btn btn-secondary redapple-read-more-link\" href=\"https:\/\/www.miba.it\/fr\/services\/\">Lire la suite&#8230;<\/a><\/p>\n","protected":false},"author":1,"featured_media":0,"parent":0,"menu_order":0,"comment_status":"closed","ping_status":"closed","template":"","meta":{"_acf_changed":false,"inline_featured_image":false,"footnotes":""},"class_list":["post-113","page","type-page","status-publish","hentry"],"acf":[],"yoast_head":"<!-- This site is optimized with the Yoast SEO plugin v26.6 - https:\/\/yoast.com\/wordpress\/plugins\/seo\/ -->\n<title>MIBA | I Nostri Servizi: dalla Progettazione al Prodotto<\/title>\n<meta name=\"description\" content=\"Carpenteria metallica di precisione e apparecchiature elettromeccaniche su misura. Trasformiamo le tue idee in realt\u00e0 con qualit\u00e0 e supporto specializzato.\" \/>\n<meta name=\"robots\" content=\"index, follow, max-snippet:-1, max-image-preview:large, max-video-preview:-1\" \/>\n<link rel=\"canonical\" href=\"https:\/\/www.miba.it\/fr\/services\/\" \/>\n<meta property=\"og:locale\" content=\"fr_FR\" \/>\n<meta property=\"og:type\" content=\"article\" \/>\n<meta property=\"og:title\" content=\"MIBA | I Nostri Servizi: dalla Progettazione al Prodotto\" \/>\n<meta property=\"og:description\" content=\"Carpenteria metallica di precisione e apparecchiature elettromeccaniche su misura. Trasformiamo le tue idee in realt\u00e0 con qualit\u00e0 e supporto specializzato.\" \/>\n<meta property=\"og:url\" content=\"https:\/\/www.miba.it\/fr\/services\/\" \/>\n<meta property=\"og:site_name\" content=\"MIBA\" \/>\n<meta property=\"article:modified_time\" content=\"2025-07-23T10:58:10+00:00\" \/>\n<meta property=\"og:image\" content=\"https:\/\/www.miba.it\/wp-content\/uploads\/2025\/06\/MIBAHOME22-scaled.png\" \/>\n\t<meta property=\"og:image:width\" content=\"2560\" \/>\n\t<meta property=\"og:image:height\" content=\"1011\" \/>\n\t<meta property=\"og:image:type\" content=\"image\/png\" \/>\n<meta name=\"twitter:card\" content=\"summary_large_image\" \/>\n<meta name=\"twitter:label1\" content=\"Dur\u00e9e de lecture estim\u00e9e\" \/>\n\t<meta name=\"twitter:data1\" content=\"1 minute\" \/>\n<script type=\"application\/ld+json\" class=\"yoast-schema-graph\">{\"@context\":\"https:\/\/schema.org\",\"@graph\":[{\"@type\":\"WebPage\",\"@id\":\"https:\/\/www.miba.it\/servizi\/\",\"url\":\"https:\/\/www.miba.it\/servizi\/\",\"name\":\"MIBA | I Nostri Servizi: dalla Progettazione al Prodotto\",\"isPartOf\":{\"@id\":\"https:\/\/www.miba.it\/#website\"},\"datePublished\":\"2024-07-12T16:12:37+00:00\",\"dateModified\":\"2025-07-23T10:58:10+00:00\",\"description\":\"Carpenteria metallica di precisione e apparecchiature elettromeccaniche su misura. Trasformiamo le tue idee in realt\u00e0 con qualit\u00e0 e supporto specializzato.\",\"breadcrumb\":{\"@id\":\"https:\/\/www.miba.it\/servizi\/#breadcrumb\"},\"inLanguage\":\"fr-FR\",\"potentialAction\":[{\"@type\":\"ReadAction\",\"target\":[\"https:\/\/www.miba.it\/servizi\/\"]}]},{\"@type\":\"BreadcrumbList\",\"@id\":\"https:\/\/www.miba.it\/servizi\/#breadcrumb\",\"itemListElement\":[{\"@type\":\"ListItem\",\"position\":1,\"name\":\"Home\",\"item\":\"https:\/\/www.miba.it\/\"},{\"@type\":\"ListItem\",\"position\":2,\"name\":\"Servizi\"}]},{\"@type\":\"WebSite\",\"@id\":\"https:\/\/www.miba.it\/#website\",\"url\":\"https:\/\/www.miba.it\/\",\"name\":\"MIBA\",\"description\":\"The outsourcing solution\",\"potentialAction\":[{\"@type\":\"SearchAction\",\"target\":{\"@type\":\"EntryPoint\",\"urlTemplate\":\"https:\/\/www.miba.it\/?s={search_term_string}\"},\"query-input\":{\"@type\":\"PropertyValueSpecification\",\"valueRequired\":true,\"valueName\":\"search_term_string\"}}],\"inLanguage\":\"fr-FR\"}]}<\/script>\n<!-- \/ Yoast SEO plugin. -->","yoast_head_json":{"title":"MIBA | Nos services : de la conception au produit","description":"M\u00e9tallurgie de pr\u00e9cision et \u00e9quipements \u00e9lectrom\u00e9caniques sur mesure. Nous transformons vos id\u00e9es en r\u00e9alit\u00e9 gr\u00e2ce \u00e0 la qualit\u00e9 et \u00e0 l'assistance sp\u00e9cialis\u00e9e.","robots":{"index":"index","follow":"follow","max-snippet":"max-snippet:-1","max-image-preview":"max-image-preview:large","max-video-preview":"max-video-preview:-1"},"canonical":"https:\/\/www.miba.it\/fr\/services\/","og_locale":"fr_FR","og_type":"article","og_title":"MIBA | I Nostri Servizi: dalla Progettazione al Prodotto","og_description":"Carpenteria metallica di precisione e apparecchiature elettromeccaniche su misura. Trasformiamo le tue idee in realt\u00e0 con qualit\u00e0 e supporto specializzato.","og_url":"https:\/\/www.miba.it\/fr\/services\/","og_site_name":"MIBA","article_modified_time":"2025-07-23T10:58:10+00:00","og_image":[{"width":2560,"height":1011,"url":"https:\/\/www.miba.it\/wp-content\/uploads\/2025\/06\/MIBAHOME22-scaled.png","type":"image\/png"}],"twitter_card":"summary_large_image","twitter_misc":{"Dur\u00e9e de lecture estim\u00e9e":"1 minute"},"schema":{"@context":"https:\/\/schema.org","@graph":[{"@type":"WebPage","@id":"https:\/\/www.miba.it\/servizi\/","url":"https:\/\/www.miba.it\/servizi\/","name":"MIBA | Nos services : de la conception au produit","isPartOf":{"@id":"https:\/\/www.miba.it\/#website"},"datePublished":"2024-07-12T16:12:37+00:00","dateModified":"2025-07-23T10:58:10+00:00","description":"M\u00e9tallurgie de pr\u00e9cision et \u00e9quipements \u00e9lectrom\u00e9caniques sur mesure. Nous transformons vos id\u00e9es en r\u00e9alit\u00e9 gr\u00e2ce \u00e0 la qualit\u00e9 et \u00e0 l'assistance sp\u00e9cialis\u00e9e.","breadcrumb":{"@id":"https:\/\/www.miba.it\/servizi\/#breadcrumb"},"inLanguage":"fr-FR","potentialAction":[{"@type":"ReadAction","target":["https:\/\/www.miba.it\/servizi\/"]}]},{"@type":"BreadcrumbList","@id":"https:\/\/www.miba.it\/servizi\/#breadcrumb","itemListElement":[{"@type":"ListItem","position":1,"name":"Home","item":"https:\/\/www.miba.it\/"},{"@type":"ListItem","position":2,"name":"Servizi"}]},{"@type":"WebSite","@id":"https:\/\/www.miba.it\/#website","url":"https:\/\/www.miba.it\/","name":"MIBA","description":"La solution d'externalisation","potentialAction":[{"@type":"SearchAction","target":{"@type":"EntryPoint","urlTemplate":"https:\/\/www.miba.it\/?s={search_term_string}"},"query-input":{"@type":"PropertyValueSpecification","valueRequired":true,"valueName":"search_term_string"}}],"inLanguage":"fr-FR"}]}},"_links":{"self":[{"href":"https:\/\/www.miba.it\/fr\/wp-json\/wp\/v2\/pages\/113","targetHints":{"allow":["GET"]}}],"collection":[{"href":"https:\/\/www.miba.it\/fr\/wp-json\/wp\/v2\/pages"}],"about":[{"href":"https:\/\/www.miba.it\/fr\/wp-json\/wp\/v2\/types\/page"}],"author":[{"embeddable":true,"href":"https:\/\/www.miba.it\/fr\/wp-json\/wp\/v2\/users\/1"}],"replies":[{"embeddable":true,"href":"https:\/\/www.miba.it\/fr\/wp-json\/wp\/v2\/comments?post=113"}],"version-history":[{"count":7,"href":"https:\/\/www.miba.it\/fr\/wp-json\/wp\/v2\/pages\/113\/revisions"}],"predecessor-version":[{"id":1664,"href":"https:\/\/www.miba.it\/fr\/wp-json\/wp\/v2\/pages\/113\/revisions\/1664"}],"wp:attachment":[{"href":"https:\/\/www.miba.it\/fr\/wp-json\/wp\/v2\/media?parent=113"}],"curies":[{"name":"wp","href":"https:\/\/api.w.org\/{rel}","templated":true}]}}