{"id":126,"date":"2024-07-13T11:22:52","date_gmt":"2024-07-13T11:22:52","guid":{"rendered":"https:\/\/www.miba.it\/?page_id=126"},"modified":"2025-10-10T11:44:11","modified_gmt":"2025-10-10T11:44:11","slug":"certifications","status":"publish","type":"page","link":"https:\/\/www.miba.it\/en\/certifications\/","title":{"rendered":"CERTIFICATIONS"},"content":{"rendered":"<div class=\"wpb-content-wrapper\"><div class=\"vc_row wpb_row vc_row-fluid\"><div class=\"wpb_column vc_column_container vc_col-sm-12\"><div class=\"vc_column-inner\"><div class=\"wpb_wrapper\"><!-- common banner start from here  -->\n    <section class=\"common-banner-main\" style=\"background: url(https:\/\/www.miba.it\/wp-content\/uploads\/2024\/10\/3d-qualita.png);\">\n        <div class=\"container\">\n            <div class=\"row\">\n                <div class=\"col-xs-12 col-sm-12 col-md-12 col-lg-12\">\n                    <div class=\"banner-contents\">\n                        <h1>CERTIFICATIONS<\/h1>\n                    <\/div>\n                <\/div>\n            <\/div>\n        <\/div>\n    <\/section>\n<!-- common banner ends here  -->\n<!-- ricerca section start from here  -->\n\n    <section class=\"miba-ricerca-main\">\n        <div class=\"container\">\n            <div class=\"row\">\n                <div class=\"col-xs-12 col-sm-12 col-md-12 col-lg-12\">\n                    <div class=\"common-title\">\n                        <h2 class=\"translation-block\">Commitment and safety, <span> a guarantee<\/span><\/h2>\n                        <p>Our certifications tangibly prove MIBA's commitment to excellence and quality. We are proud to ensure high standards and full compliance with the most stringent regulations to our customers, thus guaranteeing safe and reliable solutions as well as solutions that are complete, innovative and high-quality. Each certification reflects our dedication to maintaining the highest levels of performance and integrity and confirms our constant commitment to continuous improvement. Find out more about our certifications and how they contribute to strengthening our leadership in the sector, offering customers the security of choosing a state of the art and highly qualified partner.<\/p>\n                    <\/div>\n                <\/div>\n            <\/div>\n        <\/div>\n    <\/section>\n\n<!-- ricerca section ends here  -->\n<section class=\"certifacation-grid-main\">\n    <div class=\"container\">\n        <div class=\"row\">\n            <div class=\"col-xs-12 col-sm-12 col-md-12 col-lg-12\">\n                <div class=\"certifacation-grid-parent\">\n                                                                                            <div class=\"single-grid\">\n                            <div class=\"grid-bg\" style=\"background: url(https:\/\/www.miba.it\/wp-content\/uploads\/2025\/06\/tecnologia-.jpg);\">\n                                <div class=\"contents\">\n                                    <div class=\"icon\">\n                                        <img decoding=\"async\" src=\"\" alt=\"\">\n                                    <\/div>\n                                    <h3>Constant updating<\/h3>\n                                    <p>At MIBA, every employee, from the designer to the packer, is encouraged to pursue quality improvement and continuous training. Although education and training are essential, the company leaves ample room for individual ability and commitment, according to a specific company will.<\/p>\n    \n                                <\/div>\n                            <\/div>\n                        <\/div>\n                                                                        <div class=\"single-grid\">\n                            <div class=\"grid-bg\" style=\"background: url(https:\/\/www.miba.it\/wp-content\/uploads\/2025\/06\/tante-piegatrici-scaled.jpg);\">\n                                <div class=\"contents\">\n                                    <div class=\"icon\">\n                                        <img decoding=\"async\" src=\"\" alt=\"\">\n                                    <\/div>\n                                    <h3>Quality values<\/h3>\n                                    <p>A modern, \u2018clean\u2019 and safe workplace, which facilitates the employee's involvement and encourages him\/her to contribute in the best possible way, identifying with the company in all its components.\n<\/p>\n    \n                                <\/div>\n                            <\/div>\n                        <\/div>\n                                                                        <div class=\"single-grid\">\n                            <div class=\"grid-bg\" style=\"background: url(https:\/\/www.miba.it\/wp-content\/uploads\/2025\/06\/altri-2-colleghi.jpg);\">\n                                <div class=\"contents\">\n                                    <div class=\"icon\">\n                                        <img decoding=\"async\" src=\"https:\/\/www.miba.it\/wp-content\/uploads\/2024\/07\/Vector-1-1.png\" alt=\"\">\n                                    <\/div>\n                                    <h3>Flexible Organisation<\/h3>\n                                    <p>MIBA's working environment, although structured and organised with precision, offers a flexibility that allows each employee to make a meaningful and personalised contribution.<\/p>\n    \n                                <\/div>\n                            <\/div>\n                        <\/div>\n                                                            <\/div>\n            <\/div>\n        <\/div>\n    <\/div>\n<\/section>\n<section class=\"evoluzione-main certifcate-evoluzione\">\n    <div class=\"container\">\n        <div class=\"row\">\n                                                                <div class=\"col-xs-12 col-sm-12 col-md-6 col-lg-6\">\n                        <div class=\"contents px-3\">\n                            <div class=\"icon\">\n                                <img decoding=\"async\" src=\"https:\/\/www.miba.it\/wp-content\/uploads\/2024\/07\/Group-7-1.png\" alt=\"\">\n                            <\/div>\n                            <h3>Quality testing<\/h3>\n                            <p>Among our departments, Internal Quality Control (ISO 9001 certified) is particularly important. This department is in fact essential not only to support production and suppliers, but also assembly activities and our customers. Using rigorous internal procedures, advanced tools and the most qualified control methodologies, our quality control team carries out detailed checks on incoming materials and production processes. This approach allows us to ensure the quality of the final product and to make sure that each phase of the process meets the highest standards. Thanks to this scrupulous control, we can offer our customers reliable products that meet their expectations, consolidating our reputation for excellence in the sector.<\/p>\n                        <\/div>\n                    <\/div>\n                                                    <div class=\"col-xs-12 col-sm-12 col-md-6 col-lg-6\">\n                        <div class=\"contents px-3\">\n                            <div class=\"icon\">\n                                <img decoding=\"async\" src=\"https:\/\/www.miba.it\/wp-content\/uploads\/2024\/07\/surface1-1.png\" alt=\"\">\n                            <\/div>\n                            <h3> Quality certificates<\/h3>\n                            <p>Upon specific request, we provide quality certificates and testing reports, which can be carried out both at our operational facility and at accredited external laboratories. We are committed to ensuring punctual deliveries, offering various shipping options: we use our own vehicles and contracted couriers for both national and international deliveries. This flexibility in delivery methods and our attention to detail ensures that our customers receive their products in a timely manner and in compliance with the required standards, wherever they are.<\/p>\n                        <\/div>\n                    <\/div>\n                                    <\/div>\n    <\/div>\n<\/section>\n<section class=\"case-study-main certification-case\">\n    <div class=\"container\">\n        <div class=\"row\">\n            <div class=\"col-xs-12 col-sm-12 col-md-12 col-lg-12\">\n                <h6>Download our certifications to discover how MIBA ensures quality, safety and compliance with the highest standards in the field of electromechanical equipment. Our certifications testify to our commitment to excellence and customer satisfaction.<\/h6>\n            <\/div>\n        <\/div>\n        <div class=\"row\">\n            <div class=\"col-xs-12 col-sm-12 col-md-12 col-lg-12\">\n                <div class=\"case-lists\">\n                                                                        <div class=\"single-case\">\n                                <div class=\"text\">\n                                    <a class=\"mba_list_text_align\" download href=\"https:\/\/miba.it\/wp-content\/uploads\/2024\/08\/Certificato-ISO-9001-ita-eng-scad.-15-07-26.pdf\">\n                                        <i class=\"fa-regular fa-file-lines\"><\/i>\n                                        <span><strong>ISO 9001<\/strong>\u2013  Quality Management System<\/span>\n                                    <\/a>\n                                <\/div>\n                                <div class=\"btn-box\">\n                                    <a download href=\"https:\/\/miba.it\/wp-content\/uploads\/2024\/08\/Certificato-ISO-9001-ita-eng-scad.-15-07-26.pdf\">download PDF<\/a>\n                                <\/div>\n                            <\/div>\n                                                    <div class=\"single-case\">\n                                <div class=\"text\">\n                                    <a class=\"mba_list_text_align\" download href=\"https:\/\/www.miba.it\/wp-content\/uploads\/2025\/02\/Certificato-ISO-14001-ita-eng-scad.-24-01-28-6.pdf\">\n                                        <i class=\"fa-regular fa-file-lines\"><\/i>\n                                        <span><strong>ISO 14001<\/strong>\u2013 Environmental Management System<\/span>\n                                    <\/a>\n                                <\/div>\n                                <div class=\"btn-box\">\n                                    <a download href=\"https:\/\/www.miba.it\/wp-content\/uploads\/2025\/02\/Certificato-ISO-14001-ita-eng-scad.-24-01-28-6.pdf\">download PDF<\/a>\n                                <\/div>\n                            <\/div>\n                                                    <div class=\"single-case\">\n                                <div class=\"text\">\n                                    <a class=\"mba_list_text_align\" download href=\"https:\/\/www.miba.it\/wp-content\/uploads\/2025\/07\/Certificato-FPC-1090-ita-eng-rev.3.pdf\">\n                                        <i class=\"fa-regular fa-file-lines\"><\/i>\n                                        <span><strong>EN 1090<\/strong> \u2013 Certification of metal products for structural applications<\/span>\n                                    <\/a>\n                                <\/div>\n                                <div class=\"btn-box\">\n                                    <a download href=\"https:\/\/www.miba.it\/wp-content\/uploads\/2025\/07\/Certificato-FPC-1090-ita-eng-rev.3.pdf\">download PDF<\/a>\n                                <\/div>\n                            <\/div>\n                                                    <div class=\"single-case\">\n                                <div class=\"text\">\n                                    <a class=\"mba_list_text_align\" download href=\"https:\/\/www.miba.it\/wp-content\/uploads\/2025\/02\/Certificato-ISO-45001-ita-eng-scad.-24-01-28-5.pdf\">\n                                        <i class=\"fa-regular fa-file-lines\"><\/i>\n                                        <span><strong>ISO 45001<\/strong>\u2013  Occupational Health and Safety Management System<\/span>\n                                    <\/a>\n                                <\/div>\n                                <div class=\"btn-box\">\n                                    <a download href=\"https:\/\/www.miba.it\/wp-content\/uploads\/2025\/02\/Certificato-ISO-45001-ita-eng-scad.-24-01-28-5.pdf\">download PDF<\/a>\n                                <\/div>\n                            <\/div>\n                                                    <div class=\"single-case\">\n                                <div class=\"text\">\n                                    <a class=\"mba_list_text_align\" download href=\"https:\/\/www.miba.it\/wp-content\/uploads\/2025\/03\/Cribis-28.03.2025-IT-1.png\">\n                                        <i class=\"fa-regular fa-file-lines\"><\/i>\n                                        <span>CRIBIS PRIME COMPANY<\/span>\n                                    <\/a>\n                                <\/div>\n                                <div class=\"btn-box\">\n                                    <a download href=\"https:\/\/www.miba.it\/wp-content\/uploads\/2025\/03\/Cribis-28.03.2025-IT-1.png\">download PDF<\/a>\n                                <\/div>\n                            <\/div>\n                                                    <div class=\"single-case\">\n                                <div class=\"text\">\n                                    <a class=\"mba_list_text_align\" download href=\"https:\/\/www.miba.it\/wp-content\/uploads\/2025\/03\/Cribis-28.03.2025-UK.png\">\n                                        <i class=\"fa-regular fa-file-lines\"><\/i>\n                                        <span>CRIBIS , DUNS Number<\/span>\n                                    <\/a>\n                                <\/div>\n                                <div class=\"btn-box\">\n                                    <a download href=\"https:\/\/www.miba.it\/wp-content\/uploads\/2025\/03\/Cribis-28.03.2025-UK.png\">download PDF<\/a>\n                                <\/div>\n                            <\/div>\n                                                    <div class=\"single-case\">\n                                <div class=\"text\">\n                                    <a class=\"mba_list_text_align\" download href=\"https:\/\/www.miba.it\/wp-content\/uploads\/2025\/08\/AGCM.REGISTRO-UFFICIALE_2025-1.pdf\">\n                                        <i class=\"fa-regular fa-file-lines\"><\/i>\n                                        <span>LEGALITY RATING <\/span>\n                                    <\/a>\n                                <\/div>\n                                <div class=\"btn-box\">\n                                    <a download href=\"https:\/\/www.miba.it\/wp-content\/uploads\/2025\/08\/AGCM.REGISTRO-UFFICIALE_2025-1.pdf\">download PDF<\/a>\n                                <\/div>\n                            <\/div>\n                                                    <div class=\"single-case\">\n                                <div class=\"text\">\n                                    <a class=\"mba_list_text_align\" download href=\"https:\/\/www.miba.it\/wp-content\/uploads\/2025\/10\/DACH-certificazione-scaled.jpg\">\n                                        <i class=\"fa-regular fa-file-lines\"><\/i>\n                                        <span>\"DACH\" AREA INTERNATIONALIZATION PROJECT\"<\/span>\n                                    <\/a>\n                                <\/div>\n                                <div class=\"btn-box\">\n                                    <a download href=\"https:\/\/www.miba.it\/wp-content\/uploads\/2025\/10\/DACH-certificazione-scaled.jpg\">download PDF<\/a>\n                                <\/div>\n                            <\/div>\n                                                            <\/div>\n            <\/div>\n        <\/div>\n    <\/div>\n<\/section>\n\r\n    <style>\r\n        .case-lists.single_list_item_case {\r\n            display: inline;\r\n        }\r\n    <\/style>\r\n    <section class=\"case-study-main certification-case progetto-main\" style=\"background: #fff;\">\r\n        <div class=\"container\">\r\n            <div class=\"row\">\r\n                <div class=\"col-12\">\r\n\r\n                    <h6 style=\"text-align: center\" class=\"translation-block\">Safety at work and environmental protection are indispensable and fundamental conditions for the technological and qualitative development and improvement to which MIBA aspires.<\/h6>\r\n                <\/div>\r\n            <\/div>\r\n            <div class=\"row\">\r\n                <div class=\"col-xs-12 col-sm-12 col-md-2 col-lg-2\">\r\n\r\n                <\/div>\r\n                <div class=\"col-xs-12 col-sm-12 col-md-8 col-lg-8\">\r\n                    <div class=\"case-lists single_list_item_case\">\r\n                                                                                    <div class=\"single-case\">\r\n                                    <div class=\"text\">\r\n                                        <a download href=\"https:\/\/www.miba.it\/wp-content\/uploads\/2024\/12\/Quality-Environment-Health-and-Safety-Policy.pdf\">\r\n                                            <i class=\"fa-regular fa-file-lines\"><\/i>\r\n                                            Quality, environment and safety policy                                         <\/a>\r\n                                    <\/div>\r\n                                    <div class=\"btn-box\">\r\n                                        <a download href=\"https:\/\/www.miba.it\/wp-content\/uploads\/2024\/12\/Quality-Environment-Health-and-Safety-Policy.pdf\">download PDF<\/a>\r\n                                    <\/div>\r\n                                <\/div>\r\n                                                                        <\/div>\r\n                <\/div>\r\n                <div class=\"col-xs-12 col-sm-12 col-md-2 col-lg-2\">\r\n\r\n                <\/div>\r\n            <\/div>\r\n        <\/div>\r\n    <\/section>\r\n<\/div><\/div><\/div><\/div>\n<\/div>","protected":false},"excerpt":{"rendered":"<p> [&#8230;]<\/p>\n<p><a class=\"btn btn-secondary redapple-read-more-link\" href=\"https:\/\/www.miba.it\/en\/certifications\/\">Read More&#8230;<\/a><\/p>\n","protected":false},"author":1,"featured_media":0,"parent":0,"menu_order":0,"comment_status":"closed","ping_status":"closed","template":"","meta":{"_acf_changed":false,"inline_featured_image":false,"footnotes":""},"class_list":["post-126","page","type-page","status-publish","hentry"],"acf":[],"yoast_head":"<!-- This site is optimized with the Yoast SEO plugin v26.6 - https:\/\/yoast.com\/wordpress\/plugins\/seo\/ -->\n<title>MIBA | Certificazioni Qualit\u00e0 e Sicurezza<\/title>\n<meta name=\"description\" content=\"Scopri il nostro impegno per la qualit\u00e0, la sicurezza e l&#039;ambiente, certificazioni ISO che garantiscono i pi\u00f9 alti standard nel settore.\" \/>\n<meta name=\"robots\" content=\"index, follow, max-snippet:-1, max-image-preview:large, max-video-preview:-1\" \/>\n<link rel=\"canonical\" href=\"https:\/\/www.miba.it\/en\/certifications\/\" \/>\n<meta property=\"og:locale\" content=\"en_US\" \/>\n<meta property=\"og:type\" content=\"article\" \/>\n<meta property=\"og:title\" content=\"MIBA | Certificazioni Qualit\u00e0 e Sicurezza\" \/>\n<meta property=\"og:description\" content=\"Scopri il nostro impegno per la qualit\u00e0, la sicurezza e l&#039;ambiente, certificazioni ISO che garantiscono i pi\u00f9 alti standard nel settore.\" \/>\n<meta property=\"og:url\" content=\"https:\/\/www.miba.it\/en\/certifications\/\" \/>\n<meta property=\"og:site_name\" content=\"MIBA\" \/>\n<meta property=\"article:modified_time\" content=\"2025-10-10T11:44:11+00:00\" \/>\n<meta property=\"og:image\" content=\"https:\/\/www.miba.it\/wp-content\/uploads\/2025\/06\/MIBAHOME22-scaled.png\" \/>\n\t<meta property=\"og:image:width\" content=\"2560\" \/>\n\t<meta property=\"og:image:height\" content=\"1011\" \/>\n\t<meta property=\"og:image:type\" content=\"image\/png\" \/>\n<meta name=\"twitter:card\" content=\"summary_large_image\" \/>\n<meta name=\"twitter:label1\" content=\"Est. reading time\" \/>\n\t<meta name=\"twitter:data1\" content=\"1 minute\" \/>\n<script type=\"application\/ld+json\" class=\"yoast-schema-graph\">{\"@context\":\"https:\/\/schema.org\",\"@graph\":[{\"@type\":\"WebPage\",\"@id\":\"https:\/\/www.miba.it\/certificazioni\/\",\"url\":\"https:\/\/www.miba.it\/certificazioni\/\",\"name\":\"MIBA | Certificazioni Qualit\u00e0 e Sicurezza\",\"isPartOf\":{\"@id\":\"https:\/\/www.miba.it\/#website\"},\"datePublished\":\"2024-07-13T11:22:52+00:00\",\"dateModified\":\"2025-10-10T11:44:11+00:00\",\"description\":\"Scopri il nostro impegno per la qualit\u00e0, la sicurezza e l'ambiente, certificazioni ISO che garantiscono i pi\u00f9 alti standard nel settore.\",\"breadcrumb\":{\"@id\":\"https:\/\/www.miba.it\/certificazioni\/#breadcrumb\"},\"inLanguage\":\"en-US\",\"potentialAction\":[{\"@type\":\"ReadAction\",\"target\":[\"https:\/\/www.miba.it\/certificazioni\/\"]}]},{\"@type\":\"BreadcrumbList\",\"@id\":\"https:\/\/www.miba.it\/certificazioni\/#breadcrumb\",\"itemListElement\":[{\"@type\":\"ListItem\",\"position\":1,\"name\":\"Home\",\"item\":\"https:\/\/www.miba.it\/\"},{\"@type\":\"ListItem\",\"position\":2,\"name\":\"CERTIFICAZIONI\"}]},{\"@type\":\"WebSite\",\"@id\":\"https:\/\/www.miba.it\/#website\",\"url\":\"https:\/\/www.miba.it\/\",\"name\":\"MIBA\",\"description\":\"The outsourcing solution\",\"potentialAction\":[{\"@type\":\"SearchAction\",\"target\":{\"@type\":\"EntryPoint\",\"urlTemplate\":\"https:\/\/www.miba.it\/?s={search_term_string}\"},\"query-input\":{\"@type\":\"PropertyValueSpecification\",\"valueRequired\":true,\"valueName\":\"search_term_string\"}}],\"inLanguage\":\"en-US\"}]}<\/script>\n<!-- \/ Yoast SEO plugin. -->","yoast_head_json":{"title":"MIBA | Quality and Safety Certifications","description":"Learn about our commitment to quality, safety and the environment, ISO certifications that ensure the highest standards in the industry.","robots":{"index":"index","follow":"follow","max-snippet":"max-snippet:-1","max-image-preview":"max-image-preview:large","max-video-preview":"max-video-preview:-1"},"canonical":"https:\/\/www.miba.it\/en\/certifications\/","og_locale":"en_US","og_type":"article","og_title":"MIBA | Certificazioni Qualit\u00e0 e Sicurezza","og_description":"Scopri il nostro impegno per la qualit\u00e0, la sicurezza e l'ambiente, certificazioni ISO che garantiscono i pi\u00f9 alti standard nel settore.","og_url":"https:\/\/www.miba.it\/en\/certifications\/","og_site_name":"MIBA","article_modified_time":"2025-10-10T11:44:11+00:00","og_image":[{"width":2560,"height":1011,"url":"https:\/\/www.miba.it\/wp-content\/uploads\/2025\/06\/MIBAHOME22-scaled.png","type":"image\/png"}],"twitter_card":"summary_large_image","twitter_misc":{"Est. reading time":"1 minute"},"schema":{"@context":"https:\/\/schema.org","@graph":[{"@type":"WebPage","@id":"https:\/\/www.miba.it\/certificazioni\/","url":"https:\/\/www.miba.it\/certificazioni\/","name":"MIBA | Quality and Safety Certifications","isPartOf":{"@id":"https:\/\/www.miba.it\/#website"},"datePublished":"2024-07-13T11:22:52+00:00","dateModified":"2025-10-10T11:44:11+00:00","description":"Learn about our commitment to quality, safety and the environment, ISO certifications that ensure the highest standards in the industry.","breadcrumb":{"@id":"https:\/\/www.miba.it\/certificazioni\/#breadcrumb"},"inLanguage":"en-US","potentialAction":[{"@type":"ReadAction","target":["https:\/\/www.miba.it\/certificazioni\/"]}]},{"@type":"BreadcrumbList","@id":"https:\/\/www.miba.it\/certificazioni\/#breadcrumb","itemListElement":[{"@type":"ListItem","position":1,"name":"Home","item":"https:\/\/www.miba.it\/"},{"@type":"ListItem","position":2,"name":"CERTIFICAZIONI"}]},{"@type":"WebSite","@id":"https:\/\/www.miba.it\/#website","url":"https:\/\/www.miba.it\/","name":"MIBA","description":"The outsourcing solution","potentialAction":[{"@type":"SearchAction","target":{"@type":"EntryPoint","urlTemplate":"https:\/\/www.miba.it\/?s={search_term_string}"},"query-input":{"@type":"PropertyValueSpecification","valueRequired":true,"valueName":"search_term_string"}}],"inLanguage":"en-US"}]}},"_links":{"self":[{"href":"https:\/\/www.miba.it\/en\/wp-json\/wp\/v2\/pages\/126","targetHints":{"allow":["GET"]}}],"collection":[{"href":"https:\/\/www.miba.it\/en\/wp-json\/wp\/v2\/pages"}],"about":[{"href":"https:\/\/www.miba.it\/en\/wp-json\/wp\/v2\/types\/page"}],"author":[{"embeddable":true,"href":"https:\/\/www.miba.it\/en\/wp-json\/wp\/v2\/users\/1"}],"replies":[{"embeddable":true,"href":"https:\/\/www.miba.it\/en\/wp-json\/wp\/v2\/comments?post=126"}],"version-history":[{"count":33,"href":"https:\/\/www.miba.it\/en\/wp-json\/wp\/v2\/pages\/126\/revisions"}],"predecessor-version":[{"id":1766,"href":"https:\/\/www.miba.it\/en\/wp-json\/wp\/v2\/pages\/126\/revisions\/1766"}],"wp:attachment":[{"href":"https:\/\/www.miba.it\/en\/wp-json\/wp\/v2\/media?parent=126"}],"curies":[{"name":"wp","href":"https:\/\/api.w.org\/{rel}","templated":true}]}}