{"id":65,"date":"2024-07-10T15:11:15","date_gmt":"2024-07-10T15:11:15","guid":{"rendered":"https:\/\/www.miba.it\/?page_id=65"},"modified":"2025-07-10T12:30:34","modified_gmt":"2025-07-10T12:30:34","slug":"unternehmen","status":"publish","type":"page","link":"https:\/\/www.miba.it\/de\/unternehmen\/","title":{"rendered":"Unternehmen"},"content":{"rendered":"<div class=\"wpb-content-wrapper\"><div class=\"vc_row wpb_row vc_row-fluid\"><div class=\"wpb_column vc_column_container vc_col-sm-12\"><div class=\"vc_column-inner\"><div class=\"wpb_wrapper\">        <!-- common banner start from here  -->\n        <section class=\"common-banner-main\" style=\"background: url(https:\/\/www.miba.it\/wp-content\/uploads\/2025\/06\/GAB04477-scaled.jpg);\">\n            <div class=\"container\">\n                <div class=\"row\">\n                    <div class=\"col-xs-12 col-sm-12 col-md-12 col-lg-12\">\n                        <div class=\"banner-contents\">\n                            <h1>UNTERNEHMEN<\/h1>\n                        <\/div>\n                    <\/div>\n                <\/div>\n            <\/div>\n        <\/section>\n        <!-- common banner ends here  -->\n<!-- esperianza section start from here  -->\n\n    <section class=\"esperianza-main\">\n        <div class=\"container\">\n            <div class=\"row\">\n                <div class=\"col-xs-12 col-sm-12 col-md-12 col-lg-12\">\n                    <div class=\"common-title\">\n                        <h2 class=\"translation-block\">Erfahrung <span>und Vision<\/span><\/h2>\n                        <!--<h3>Esperienza <span>& Visione<\/span><\/h3>-->\n                        <p>Mit \u00fcber 45 Jahren Erfahrung in verschiedenen Industriebereichen konnte sich MIBA ein \u00e4u\u00dferst strukturiertes und solides betriebliches Know-how aneignen, das den lebendigen Kern unserer t\u00e4glichen Arbeit darstellt. Diese langj\u00e4hrige und vielseitige T\u00e4tigkeit erm\u00f6glichte es uns, tiefgreifende Kenntnisse \u00fcber zahlreiche Produktionsprozesse zu erwerben sowie fortschrittliche Technologien und leistungsstarke L\u00f6sungen zu perfektionieren, die sich den Bed\u00fcrfnissen der verschiedenen M\u00e4rkte anpassen lassen. Dank unseres Engagements f\u00fcr Innovation und st\u00e4ndige Optimierung steuern wir die Produktion mit einer Flexibilit\u00e4t, die nur wenige andere bieten k\u00f6nnen, und gew\u00e4hrleisten in jeder Phase des Prozesses gleichbleibende Effizienz und Qualit\u00e4t.<\/p>\n                    <\/div>\n    \n                <\/div>\n            <\/div>\n        <\/div>\n    <\/section>\n\n<!-- esperianza section ends here  -->\n<!-- evoluzione section start from here  -->\n    <section class=\"evoluzione-main\">\n        <div class=\"container\">\n            <div class=\"row\">\n                <div class=\"col-xs-12 col-sm-12 col-md-6 col-lg-6\">\n                    <div class=\"contents\">\n                        <h3 class=\"translation-block\">Technologische<br>\nEntwicklung<\/h3>\n                        <p>MIBA ist auf die Herstellung und Montage von Hochpr\u00e4zisionsmetallteilen spezialisiert und bietet eine breite Palette an Konstruktionsdienstleistungen f\u00fcr verschiedene Sektoren. Unser st\u00e4ndiges technologisches Wachstum in Verbindung mit der im Laufe der Jahre gesammelten Erfahrung und der st\u00e4ndigen Leidenschaft f\u00fcr Innovation erm\u00f6glichte es uns, die Grenzen des traditionellen Metallbaus zu erweitern. Heute bieten wir nicht nur Pr\u00e4zisionsbearbeitung, sondern auch erg\u00e4nzende Dienstleistungen, die von der technischen Unterst\u00fctzung bis zur kompletten Optimierung der Produktionsprozesse unserer Kunden reichen. Dank einer integrierten und auf Effizienz ausgerichteten Vision sind wir in der Lage, fertige Ger\u00e4te zu liefern, die \u00fcber das Vertriebsnetz verkauft oder installiert werden k\u00f6nnen, wodurch wir unsere Position als zuverl\u00e4ssiger und kompletter Partner festigen. Wir sind in der Lage, proaktiv und flexibel auf die komplexesten Anforderungen zu reagieren und innovative L\u00f6sungen zu bieten, die in jeder Phase des Projekts einen Mehrwert schaffen.<\/p>\n                    <\/div>\n    \n                <\/div>\n                <div class=\"col-xs-12 col-sm-12 col-md-6 col-lg-6\">\n                    <div class=\"contents\">\n                        <h3 class=\"translation-block\">Wachstum und st\u00e4ndige<br>\nInvestitionen<\/h3>\n                        <p>MIBA wurde in den 1970er-Jahren von den beiden heutigen Gesellschaftern gegr\u00fcndet, basierend auf deren Leidenschaft f\u00fcr die Pr\u00e4zisionsmetallverarbeitung und ihrer konsolidierten Erfahrung im Bereich der elektromechanischen Ger\u00e4te. Angetrieben von dem Wunsch, ihr eigenes Unternehmen zu schaffen, gr\u00fcndeten sie MIBA mit einem klaren Ziel: Sie wollten nicht nur bei der Qualit\u00e4t ihrer Produkte, sondern auch bei den Dienstleistungen, die sie ihren Kunden bieten, Spitzenleistungen erzielen. Seit seiner Gr\u00fcndung stellte das Unternehmen ein unerm\u00fcdliches Engagement f\u00fcr Innovation unter Beweis und investierte entschlossen in fortschrittliche Technologien, um eine wettbewerbsf\u00e4hige Position auf dem Markt aufrechtzuerhalten. Gleichzeitig legt MIBA seit jeher gro\u00dfen Wert auf seine Mitarbeitenden und setzt auf die Entwicklung der Humanressourcen, die st\u00e4ndige Weiterbildung und das berufliche Wachstum seines Personals. Dieser Ansatz erm\u00f6glichte es dem Unternehmen, sich st\u00e4ndig zu verbessern und einwandfreie Qualit\u00e4t der Bearbeitungen sowie die F\u00e4higkeit zu garantieren, den Herausforderungen des Markts und den Bed\u00fcrfnissen der Kunden immer effizienter gerecht zu werden.<\/p>\n                    <\/div>\n    \n                <\/div>\n            <\/div>\n        <\/div>\n    <\/section>\n<!-- evoluzione section start from here  -->\n<!-- team expertise section start from here  -->\n<section class=\"team-expertise-main\">\n    <div class=\"container\">\n        <div class=\"row\">\n            <div class=\"col-xs-12 col-sm-12 col-md-12 col-lg-12\">\n                <div class=\"expertise-grid-parent\">\n                    <div class=\"single-grid\">\n                        <div class=\"grid-bg\" style=\"background: url(https:\/\/www.miba.it\/wp-content\/uploads\/2024\/08\/DSC_0467-scaled.jpg);\">\n                            <div class=\"contents\">\n                                <div class=\"icon\">\n                                    <img decoding=\"async\" src=\"https:\/\/www.miba.it\/wp-content\/uploads\/2024\/07\/Vector.png\" alt=\"\">\n                                <\/div>\n                                <h3>Team &amp;<br \/>\nFachwissen<\/h3>\n                                <p>Die Erfahrung und das Organisationstalent der MIBA-Mitarbeiter erm\u00f6glichen es uns, proaktiv nach guten L\u00f6sungen zu suchen, um eine qualitativ hochwertige und zuverl\u00e4ssige Produktion zu gew\u00e4hrleisten.<br \/>\nDer Einsatz neuer Technologien mit Erfahrung erm\u00f6glicht es uns, Chancen f\u00fcr Prozess- und Produktinnovationen zu ergreifen und gleichzeitig ein angemessenes Ma\u00df an Vorsicht walten zu lassen, um Qualit\u00e4t und Zuverl\u00e4ssigkeit der Produktion mit gleichbleibenden Ergebnissen bei der Lieferung zu gew\u00e4hrleisten. <\/p>\n                            <\/div>\n                        <\/div>\n                    <\/div>\n                    <div class=\"single-grid\">\n                        <div class=\"grid-bg\" style=\"background: url(https:\/\/www.miba.it\/wp-content\/uploads\/2024\/08\/VideoToPhoto-638596687495285194.png);\">\n                            <div class=\"contents\">\n                                <div class=\"icon\">\n                                    <img decoding=\"async\" src=\"https:\/\/www.miba.it\/wp-content\/uploads\/2024\/07\/Group.png\" alt=\"\">\n                                <\/div>\n                                <h3>Unsere Vision<\/h3>\n                                <p>Wir schaffen Vorteile f\u00fcr unsere Kunden, indem wir zu dem PARTNER werden, den sie suchen, der in der Lage ist, ihre tiefsten Bed\u00fcrfnisse zu verstehen und zu erf\u00fcllen, um sie auf ihrem Weg zu Spitzenleistungen und Marktf\u00fchrerschaft zu begleiten.<\/p>\n                            <\/div>\n                        <\/div>\n                    <\/div>\n                    <div class=\"single-grid\">\n                        <div class=\"grid-bg\" style=\"background: url(https:\/\/www.miba.it\/wp-content\/uploads\/2025\/04\/punzonatrice-e-taglio-laser-.png);\">\n                            <div class=\"contents\">\n                                <div class=\"icon\">\n                                    <img decoding=\"async\" src=\"https:\/\/www.miba.it\/wp-content\/uploads\/2024\/07\/Group-92.png\" alt=\"\">\n                                <\/div>\n                                <h3>Mission<\/h3>\n                                <p>Wir wollen in unserem Sektor f\u00fchrend sein und als Ma\u00dfstab f\u00fcr unsere Konkurrenten dienen, indem wir unsere Professionalit\u00e4t, unsere Kompetenzen, unsere Flexibilit\u00e4t, unsere Humanressourcen und unsere innovativen Produktions- und Managementtechnologien st\u00e4ndig verbessern.<\/p>\n                            <\/div>\n                        <\/div>\n                    <\/div>\n                <\/div>\n            <\/div>\n        <\/div>\n    <\/div>\n<\/section>\n<!-- team expertise section start from here  -->\n<!-- carpenta metalica section start from here  -->\n<section class=\"carpenta-metalica-main\">\n    <div class=\"container\">\n        <div class=\"row\">\n            <div class=\"col-xs-12 col-sm-12 col-md-12 col-lg-12\">\n                <h4 class=\"translation-block\">Das kontinuierliche Wachstum an Erfahrung und Volumen hat dazu gef\u00fchrt, dass wir zwei Abteilungen<br>\ndie perfekt miteinander integriert sind:<\/h4>\n            <\/div>\n        <\/div>\n        <div class=\"row\">\n            <div class=\"col-xs-12 col-sm-12 col-md-6 col-lg-6\">\n                <div class=\"carpentaria-box\">\n                    <h3 class=\"translation-block\">METALLBAU <br><\/h3>\n                    <p>\u00dcber f\u00fcnfundvierzig Jahre Erfahrung, die unseren Kunden mit den modernsten Produktions- und Verwaltungstechnologien zur Verf\u00fcgung stehen<\/p>\n                    <div class=\"text-end\">\n                        <a href=\"https:\/\/www.miba.it\/de\/metallbau\/\">mehr erfahren<\/a>\n                    <\/div>\n                <\/div>\n            <\/div>\n            <div class=\"col-xs-12 col-sm-12 col-md-6 col-lg-6\">\n                <div class=\"carpentaria-box\">\n                    <h3 class=\"translation-block\">GESCH\u00c4FTSFELD <br> \nGER\u00c4TE<\/h3>\n                    <p>Dank des in \u00fcber f\u00fcnfundvierzig Jahren erworbenen Know-hows stellt MIBA elektromechanische Baugruppen her, bietet Unterst\u00fctzung bei der Entwicklung und garantiert die Einhaltung h\u00f6chster Qualit\u00e4tsstandards.<\/p>\n                    <div class=\"text-end\">\n                        <a href=\"https:\/\/www.miba.it\/de\/geschaftsfeld-gerate\/\">mehr erfahren<\/a>\n                    <\/div>\n                <\/div>\n            <\/div>\n        <\/div>\n    <\/div>\n<\/section>\n<!-- carpenta metalica section ends here  -->\n<\/div><\/div><\/div><\/div>\n<\/div>","protected":false},"excerpt":{"rendered":"<p> [&#8230;]<\/p>\n<p><a class=\"btn btn-secondary redapple-read-more-link\" href=\"https:\/\/www.miba.it\/de\/unternehmen\/\">Weiterlesen&#8230;<\/a><\/p>\n","protected":false},"author":1,"featured_media":0,"parent":0,"menu_order":0,"comment_status":"closed","ping_status":"closed","template":"","meta":{"_acf_changed":false,"inline_featured_image":false,"footnotes":""},"class_list":["post-65","page","type-page","status-publish","hentry"],"acf":[],"yoast_head":"<!-- This site is optimized with the Yoast SEO plugin v26.6 - https:\/\/yoast.com\/wordpress\/plugins\/seo\/ -->\n<title>MIBA | Esperienza e Innovazione Aziendale<\/title>\n<meta name=\"description\" content=\"MIBA: leader nella carpenteria metallica di precisione con oltre 45 anni di esperienza. Scopri la nostra storia, i nostri valori e le nostre divisioni.\" \/>\n<meta name=\"robots\" content=\"index, follow, max-snippet:-1, max-image-preview:large, max-video-preview:-1\" \/>\n<link rel=\"canonical\" href=\"https:\/\/www.miba.it\/de\/unternehmen\/\" \/>\n<meta property=\"og:locale\" content=\"de_DE\" \/>\n<meta property=\"og:type\" content=\"article\" \/>\n<meta property=\"og:title\" content=\"MIBA | Esperienza e Innovazione Aziendale\" \/>\n<meta property=\"og:description\" content=\"MIBA: leader nella carpenteria metallica di precisione con oltre 45 anni di esperienza. Scopri la nostra storia, i nostri valori e le nostre divisioni.\" \/>\n<meta property=\"og:url\" content=\"https:\/\/www.miba.it\/de\/unternehmen\/\" \/>\n<meta property=\"og:site_name\" content=\"MIBA\" \/>\n<meta property=\"article:modified_time\" content=\"2025-07-10T12:30:34+00:00\" \/>\n<meta property=\"og:image\" content=\"https:\/\/www.miba.it\/wp-content\/uploads\/2025\/06\/MIBAHOME22-scaled.png\" \/>\n\t<meta property=\"og:image:width\" content=\"2560\" \/>\n\t<meta property=\"og:image:height\" content=\"1011\" \/>\n\t<meta property=\"og:image:type\" content=\"image\/png\" \/>\n<meta name=\"twitter:card\" content=\"summary_large_image\" \/>\n<meta name=\"twitter:label1\" content=\"Gesch\u00e4tzte Lesezeit\" \/>\n\t<meta name=\"twitter:data1\" content=\"5\u00a0Minuten\" \/>\n<script type=\"application\/ld+json\" class=\"yoast-schema-graph\">{\"@context\":\"https:\/\/schema.org\",\"@graph\":[{\"@type\":\"WebPage\",\"@id\":\"https:\/\/www.miba.it\/azienda\/\",\"url\":\"https:\/\/www.miba.it\/azienda\/\",\"name\":\"MIBA | Esperienza e Innovazione Aziendale\",\"isPartOf\":{\"@id\":\"https:\/\/www.miba.it\/#website\"},\"datePublished\":\"2024-07-10T15:11:15+00:00\",\"dateModified\":\"2025-07-10T12:30:34+00:00\",\"description\":\"MIBA: leader nella carpenteria metallica di precisione con oltre 45 anni di esperienza. Scopri la nostra storia, i nostri valori e le nostre divisioni.\",\"breadcrumb\":{\"@id\":\"https:\/\/www.miba.it\/azienda\/#breadcrumb\"},\"inLanguage\":\"de\",\"potentialAction\":[{\"@type\":\"ReadAction\",\"target\":[\"https:\/\/www.miba.it\/azienda\/\"]}]},{\"@type\":\"BreadcrumbList\",\"@id\":\"https:\/\/www.miba.it\/azienda\/#breadcrumb\",\"itemListElement\":[{\"@type\":\"ListItem\",\"position\":1,\"name\":\"Home\",\"item\":\"https:\/\/www.miba.it\/\"},{\"@type\":\"ListItem\",\"position\":2,\"name\":\"Azienda\"}]},{\"@type\":\"WebSite\",\"@id\":\"https:\/\/www.miba.it\/#website\",\"url\":\"https:\/\/www.miba.it\/\",\"name\":\"MIBA\",\"description\":\"The outsourcing solution\",\"potentialAction\":[{\"@type\":\"SearchAction\",\"target\":{\"@type\":\"EntryPoint\",\"urlTemplate\":\"https:\/\/www.miba.it\/?s={search_term_string}\"},\"query-input\":{\"@type\":\"PropertyValueSpecification\",\"valueRequired\":true,\"valueName\":\"search_term_string\"}}],\"inLanguage\":\"de\"}]}<\/script>\n<!-- \/ Yoast SEO plugin. -->","yoast_head_json":{"title":"MIBA | Unternehmenserfahrung und Innovation","description":"MIBA: ein f\u00fchrendes Unternehmen im Bereich Pr\u00e4zisionsmetallbau mit \u00fcber 45 Jahren Erfahrung. Entdecken Sie unsere Geschichte, unsere Werte und unsere Abteilungen.","robots":{"index":"index","follow":"follow","max-snippet":"max-snippet:-1","max-image-preview":"max-image-preview:large","max-video-preview":"max-video-preview:-1"},"canonical":"https:\/\/www.miba.it\/de\/unternehmen\/","og_locale":"de_DE","og_type":"article","og_title":"MIBA | Esperienza e Innovazione Aziendale","og_description":"MIBA: leader nella carpenteria metallica di precisione con oltre 45 anni di esperienza. Scopri la nostra storia, i nostri valori e le nostre divisioni.","og_url":"https:\/\/www.miba.it\/de\/unternehmen\/","og_site_name":"MIBA","article_modified_time":"2025-07-10T12:30:34+00:00","og_image":[{"width":2560,"height":1011,"url":"https:\/\/www.miba.it\/wp-content\/uploads\/2025\/06\/MIBAHOME22-scaled.png","type":"image\/png"}],"twitter_card":"summary_large_image","twitter_misc":{"Gesch\u00e4tzte Lesezeit":"5\u00a0Minuten"},"schema":{"@context":"https:\/\/schema.org","@graph":[{"@type":"WebPage","@id":"https:\/\/www.miba.it\/azienda\/","url":"https:\/\/www.miba.it\/azienda\/","name":"MIBA | Unternehmenserfahrung und Innovation","isPartOf":{"@id":"https:\/\/www.miba.it\/#website"},"datePublished":"2024-07-10T15:11:15+00:00","dateModified":"2025-07-10T12:30:34+00:00","description":"MIBA: ein f\u00fchrendes Unternehmen im Bereich Pr\u00e4zisionsmetallbau mit \u00fcber 45 Jahren Erfahrung. Entdecken Sie unsere Geschichte, unsere Werte und unsere Abteilungen.","breadcrumb":{"@id":"https:\/\/www.miba.it\/azienda\/#breadcrumb"},"inLanguage":"de","potentialAction":[{"@type":"ReadAction","target":["https:\/\/www.miba.it\/azienda\/"]}]},{"@type":"BreadcrumbList","@id":"https:\/\/www.miba.it\/azienda\/#breadcrumb","itemListElement":[{"@type":"ListItem","position":1,"name":"Home","item":"https:\/\/www.miba.it\/"},{"@type":"ListItem","position":2,"name":"Azienda"}]},{"@type":"WebSite","@id":"https:\/\/www.miba.it\/#website","url":"https:\/\/www.miba.it\/","name":"MIBA","description":"Die Outsourcing-L\u00f6sung","potentialAction":[{"@type":"SearchAction","target":{"@type":"EntryPoint","urlTemplate":"https:\/\/www.miba.it\/?s={search_term_string}"},"query-input":{"@type":"PropertyValueSpecification","valueRequired":true,"valueName":"search_term_string"}}],"inLanguage":"de"}]}},"_links":{"self":[{"href":"https:\/\/www.miba.it\/de\/wp-json\/wp\/v2\/pages\/65","targetHints":{"allow":["GET"]}}],"collection":[{"href":"https:\/\/www.miba.it\/de\/wp-json\/wp\/v2\/pages"}],"about":[{"href":"https:\/\/www.miba.it\/de\/wp-json\/wp\/v2\/types\/page"}],"author":[{"embeddable":true,"href":"https:\/\/www.miba.it\/de\/wp-json\/wp\/v2\/users\/1"}],"replies":[{"embeddable":true,"href":"https:\/\/www.miba.it\/de\/wp-json\/wp\/v2\/comments?post=65"}],"version-history":[{"count":10,"href":"https:\/\/www.miba.it\/de\/wp-json\/wp\/v2\/pages\/65\/revisions"}],"predecessor-version":[{"id":1561,"href":"https:\/\/www.miba.it\/de\/wp-json\/wp\/v2\/pages\/65\/revisions\/1561"}],"wp:attachment":[{"href":"https:\/\/www.miba.it\/de\/wp-json\/wp\/v2\/media?parent=65"}],"curies":[{"name":"wp","href":"https:\/\/api.w.org\/{rel}","templated":true}]}}