{"id":221,"date":"2024-07-25T07:11:59","date_gmt":"2024-07-25T07:11:59","guid":{"rendered":"https:\/\/www.miba.it\/?page_id=221"},"modified":"2025-07-10T12:31:03","modified_gmt":"2025-07-10T12:31:03","slug":"metallbau","status":"publish","type":"page","link":"https:\/\/www.miba.it\/de\/metallbau\/","title":{"rendered":"Metallbau"},"content":{"rendered":"<div class=\"wpb-content-wrapper\"><div class=\"vc_row wpb_row vc_row-fluid\"><div class=\"wpb_column vc_column_container vc_col-sm-12\"><div class=\"vc_column-inner\"><div class=\"wpb_wrapper\">\n<section class=\"common-banner-main\" style=\"background: url(https:\/\/www.miba.it\/wp-content\/uploads\/2024\/08\/VideoToPhoto-638597541707128837.png);\">\n    <div class=\"container\">\n        <div class=\"row\">\n            <div class=\"col-xs-12 col-sm-12 col-md-12 col-lg-12\">\n                <div class=\"banner-contents\">\n                    <h1 class=\"translation-block\">METALLBAU <br><\/h1>\n\t\t\t\t\t\n\t\t\t\t\t\t\t\t\t\t\t\t<div class=\"progetto-main bannr\">\n\t\t\t\t\t\t\t\t<div class=\"progetto-btn-group\">\n\t\t\t\t\t\t\t\t\t<a href=\"https:\/\/www.miba.it\/de\/warum-miba\/#casi-studio\" data-cmp-ab=\"2\">\n\t\t\t\t\t\t\t\t\t\tSektoren\t\t\t\t\t\t\t\t\t<\/a>\n\t\t\t\t\t\t\t\t<\/div>\n\t\t\t\t\t\t\t<\/div>\n\t\t\t\t\t\t                <\/div>\n            <\/div>\n        <\/div>\n    <\/div>\n<\/section>\n\n<!-- ricerca section start from here  -->\n\n    <section class=\"miba-ricerca-main\">\n        <div class=\"container\">\n            <div class=\"row\">\n                <div class=\"col-xs-12 col-sm-12 col-md-12 col-lg-12\">\n                    <div class=\"common-title\">\n                        <h2 class=\"translation-block\">Innovation und Qualit\u00e4t <span>f\u00fcr jedes Bed\u00fcrfnis<\/span><\/h2>\n                        <p>Bei MIBA bem\u00fchen wir uns st\u00e4ndig, wettbewerbsf\u00e4hige und hochwertige Lieferl\u00f6sungen zu bieten. Dank unserer langj\u00e4hrigen Erfahrung im Pr\u00e4zisionsmetallbau sind wir in der Lage, unsere Kunden bei der Entwicklung und Herstellung ihrer Produkte zu unterst\u00fctzen, indem wir die beste Kombination von Bearbeitungsvorg\u00e4ngen f\u00fcr jede spezifische Anforderung ausw\u00e4hlen. Wir nutzen nicht nur die internen F\u00e4higkeiten der MIBA-Organisation, sondern auch die Kompetenzen einer ausgew\u00e4hlten Gruppe von Zulieferern und Mitarbeitern, um hervorragende Ergebnisse und eine kontinuierliche Prozessoptimierung zu gew\u00e4hrleisten. Diese Synergie zwischen internen und externen Ressourcen erm\u00f6glicht es uns, integrierte und ma\u00dfgeschneiderte L\u00f6sungen zu bieten, die gew\u00e4hrleisten, dass jedes Projekt mit \u00e4u\u00dferster Pr\u00e4zision und termingerecht und stets unter Einhaltung der h\u00f6chsten Qualit\u00e4tsstandards durchgef\u00fchrt wird.<\/p>\n                    <\/div>\n                <\/div>\n            <\/div>\n        <\/div>\n    <\/section>\n\n<!-- ricerca section ends here  -->\n<!-- carpenta grid start from here  -->\n<section class=\"carpenta-grid-main\">\n    <div class=\"container\">\n        <div class=\"row\">\n            <div class=\"col-xs-12 col-sm-12 col-md-12 col-lg-12\">\n                <div class=\"carpenta-grid-parent\">\n                                                                                                <div class=\"single-grid\">\n                                <div class=\"grid-bg\">\n                                                                                <h4>Vielf\u00e4ltiger Maschinenpark<\/h4>\n                                                                                                                    <p>Unser Gesch\u00e4ftsfeld verf\u00fcgt \u00fcber einen gro\u00dfen Maschinenpark an CNC- und robotergesteuerten Maschinen, darunter hochmoderne Ger\u00e4te f\u00fcr eine breite Palette von Bearbeitungsvorg\u00e4ngen. Zu den verf\u00fcgbaren Technologien geh\u00f6ren Laserschneiden, Stanzen, manuelles und robotergest\u00fctztes Biegen sowie maschinelle Bearbeitung. Dar\u00fcber hinaus bieten wir Elektropolieren, Hand- und Roboterschwei\u00dfen (MIG\/TIG) sowie eine Reihe fortschrittlicher Oberfl\u00e4chenbehandlungen wie Ultraschallwaschen, Tumbeln, Satinieren, Entgraten und Mikrostrahlen. Um vollst\u00e4ndige und wettbewerbsf\u00e4hige L\u00f6sungen zu gew\u00e4hrleisten, erg\u00e4nzen wir diese Prozesse durch ein ausgew\u00e4hltes Netzwerk von Unterauftragnehmern, wodurch wir unsere F\u00e4higkeiten weiter ausbauen und die Projekteffizienz optimieren. Diese Synergie aus internen Ressourcen und strategischen Partnerschaften erm\u00f6glicht es uns, hochwertige Dienstleistungen zu bieten, die auf die spezifischen Bed\u00fcrfnisse eines jeden Kunden zugeschnitten sind.<\/p>\n                                                                                                        <\/div>\n                            <\/div>\n                                                                            <div class=\"single-grid\">\n                                <div class=\"grid-bg\">\n                                                                                <h4>Sichere Bearbeitungen<\/h4>\n                                                                                                                    <p>Eigene Bearbeitungen einschlie\u00dflich Metall- und maschinelle Arbeiten k\u00f6nnen durch unser Netzwerk an externen Lieferanten und Partnern ausgelagert werden. Diese Partner w\u00e4hlen wir nach strengen Qualit\u00e4ts- und Prozessstandards im Einklang mit der Zertifizierung nach ISO 9001 aus. Auf diese Weise k\u00f6nnen wir auch in Sto\u00dfzeiten ein hohes Ma\u00df an Qualit\u00e4t, P\u00fcnktlichkeit und Service aufrechterhalten und unseren Kunden zuverl\u00e4ssige und zeitnahe L\u00f6sungen garantieren. Unsere F\u00e4higkeit, externe Ressourcen mit internem Fachwissen zu verbinden, erm\u00f6glicht es uns, das Projektmanagement zu optimieren und effizient auf alle Anforderungen zu reagieren, sodass in jeder Phase des Produktionsprozesses hervorragende Ergebnisse erzielt werden.\n\n<\/p>\n                                                                                                        <\/div>\n                            <\/div>\n                                                                            <div class=\"single-grid\">\n                                <div class=\"grid-bg\">\n                                                                                                                                                        <a href=\"https:\/\/www.miba.it\/wp-content\/uploads\/2025\/06\/mag-e-stacca-.jpg\">\n                                                <img decoding=\"async\" src=\"https:\/\/www.miba.it\/wp-content\/uploads\/2025\/06\/mag-e-stacca-.jpg\" alt=\"\">\n                                            <\/a>\n                                                                    <\/div>\n                            <\/div>\n                                                                            <div class=\"single-grid\">\n                                <div class=\"grid-bg\">\n                                                                                                                                                        <a href=\"https:\/\/www.miba.it\/wp-content\/uploads\/2025\/06\/lavorazione-lamiera-2-scaled.jpg\">\n                                                <img decoding=\"async\" src=\"https:\/\/www.miba.it\/wp-content\/uploads\/2025\/06\/lavorazione-lamiera-2-scaled.jpg\" alt=\"\">\n                                            <\/a>\n                                                                    <\/div>\n                            <\/div>\n                                                                            <div class=\"single-grid\">\n                                <div class=\"grid-bg\">\n                                                                                <h4>Gro\u00dfe Auswahl an Materialien<\/h4>\n                                                                                                                    <p>MIBA verf\u00fcgt \u00fcber Hightech-Ger\u00e4te und eine moderne Organisation, was uns die hochpr\u00e4zise Bearbeitung einer breiten Palette von Werkstoffen, darunter Eisen, Edelstahl, Aluminium, Kupfer, Messing und Sonderlegierungen wie Neusilber und Titan erm\u00f6glicht. In Verbindung mit unserer fortschrittlichen Technologie und dieser F\u00e4higkeit, mit unterschiedlichen Werkstoffen zu arbeiten, sind wir in der Lage, ma\u00dfgeschneiderte, hochwertige L\u00f6sungen zu bieten, die den spezifischen Anforderungen eines jeden Projekts gerecht werden und hervorragende Ergebnisse in puncto Pr\u00e4zision und Zuverl\u00e4ssigkeit garantieren.<\/p>\n                                                                                                        <\/div>\n                            <\/div>\n                                                                            <div class=\"single-grid\">\n                                <div class=\"grid-bg\">\n                                                                                <h4>Oberfl\u00e4chenbehandlungen<\/h4>\n                                                                                                                    <p>Bei MIBA befassen wir uns mit allen Oberfl\u00e4chenbehandlungen und Veredelungsprozessen und bieten eine breite Palette an Dienstleistungen wie galvanische, thermische, Pulver- und Fl\u00fcssigbeschichtung, Kataphorese, Eloxieren und Siebdruck. Wir \u00fcbernehmen auch die Montage und den Zusammenbau und garantieren so einen Komplettservice der Spitzenqualit\u00e4t. Dank der F\u00e4higkeit, jede Phase des Bearbeitungsprozesses zu lenken, bieten wir ma\u00dfgeschneiderte L\u00f6sungen, die alle Bed\u00fcrfnisse in puncto Optik und Schutz Ihrer Produkte erf\u00fcllen und einwandfreie Ergebnisse sowie optimale Haltbarkeit gew\u00e4hrleisten. MIBA ist bestrebt, einen integrierten Service zu bieten, der all Ihre Bed\u00fcrfnisse mit Pr\u00e4zision und Liebe zum Detail erf\u00fcllt, um maximale Zufriedenheit und die kontinuierliche Verbesserung der Qualit\u00e4t Ihrer Produkte sicherzustellen.<\/p>\n                                                                                                        <\/div>\n                            <\/div>\n                                                                            <div class=\"single-grid\">\n                                <div class=\"grid-bg\">\n                                                                                                                                                        <a href=\"https:\/\/www.miba.it\/wp-content\/uploads\/2024\/08\/18598_337015893069186_262196211_n-1.jpg\">\n                                                <img decoding=\"async\" src=\"https:\/\/www.miba.it\/wp-content\/uploads\/2024\/08\/18598_337015893069186_262196211_n-1.jpg\" alt=\"\">\n                                            <\/a>\n                                                                    <\/div>\n                            <\/div>\n                                                            <\/div>\n            <\/div>\n        <\/div>\n    <\/div>\n<\/section>\n<!-- carpenta grid ends here  -->\n  <section class=\"faq-main\">\n    <div class=\"container\">\n        <div class=\"row\">\n            <div class=\"col-xs-12 col-sm-12 col-md-12 col-lg-12\">\n                <div class=\"common-title\">\n                    <h3>FAQ<\/h3>\n                <\/div>\n            <\/div>\n        <\/div>\n        <div class=\"row\">\n            <div class=\"col-xs-12 col-sm-12 col-md-12 col-lg-12\">\n                <div class=\"accordion\" id=\"accordionExample\">\n                                                                        <div class=\"accordion-item\">\n                                <h2 class=\"accordion-header\">\n                                    <button aria-controls=\"collapse_0\" aria-expanded=\"true\"\n                                        class=\"accordion-button collapsed\" data-bs-target=\"#collapse_0\"\n                                        data-bs-toggle=\"collapse\" type=\"button\">\n                                        Was sind die Merkmale der von MIBA angebotenen PR\u00c4ZISIONSMETALLSCHMIEDE?                                    <\/button>\n                                <\/h2>\n                                <div class=\"accordion-collapse collapse\" data-bs-parent=\"#accordionExample\"\n                                    id=\"collapse_0\">\n                                    <div class=\"accordion-body\">\n        \n                                        <p>Komponenten aus Blech und verschiedenen Materialien bieten vielf\u00e4ltige Anwendungsm\u00f6glichkeiten. Insbesondere die Pr\u00e4zisionsmetallarbeiten von MIBA werden h\u00e4ufig zur Unterst\u00fctzung der verschiedenen Ger\u00e4te in elektromechanischen Anlagen verwendet. Diese Komponenten erfordern eine hohe Pr\u00e4zision und strenge Wiederholbarkeit bei der Positionierung, um das korrekte Funktionieren der Systeme zu gew\u00e4hrleisten.\n\nDar\u00fcber hinaus decken die Pr\u00e4zisionsmetallarbeiten von MIBA die Ger\u00e4te ab und sch\u00fctzen die integrierten Komponenten vor \u00e4u\u00dferen oder inneren Einfl\u00fcssen und haben auch eine \u00e4sthetische Funktion. Auf diese Weise wird das Design des Kunden beibehalten, die Markenwerte werden auf den Markt \u00fcbertragen und das Qualit\u00e4tsversprechen der Endprodukte wird vermittelt.<\/p>\n                                    <\/div>\n                                <\/div>\n                            <\/div>\n                                                    <div class=\"accordion-item\">\n                                <h2 class=\"accordion-header\">\n                                    <button aria-controls=\"collapse_1\" aria-expanded=\"true\"\n                                        class=\"accordion-button collapsed\" data-bs-target=\"#collapse_1\"\n                                        data-bs-toggle=\"collapse\" type=\"button\">\n                                        Lieferung von METALLISCHEM SCHAFFEN und MONTAGE VON ELEKTROMECHANISCHEN UND HYDRAULISCHEN AUSR\u00dcSTUNGEN                                    <\/button>\n                                <\/h2>\n                                <div class=\"accordion-collapse collapse\" data-bs-parent=\"#accordionExample\"\n                                    id=\"collapse_1\">\n                                    <div class=\"accordion-body\">\n        \n                                        <p>MIBA verf\u00fcgt \u00fcber mehr als 45 Jahre Erfahrung in der Lieferung von Pr\u00e4zisionsmetallarbeiten. Das Unternehmen bietet ein fundiertes Fachwissen, das durch modernste Produktions- und Verwaltungstechnologien unterst\u00fctzt wird und eine sichere und pr\u00e4zise Verarbeitung garantiert, die sich an jede Produktionsanforderung anpassen l\u00e4sst. MIBA steuert den gesamten Produktionsprozess mit Sorgfalt und Pr\u00e4zision, vom Co-Design bis zur Endkontrolle, und bietet L\u00f6sungen, die Innovation und Zuverl\u00e4ssigkeit vereinen. MIBA bietet technische Unterst\u00fctzung bei der Projektdefinition und arbeitet eng mit den Kunden zusammen, um Ideen in koh\u00e4rente und wettbewerbsf\u00e4hige L\u00f6sungen umzusetzen.<\/p>\n                                    <\/div>\n                                <\/div>\n                            <\/div>\n                                                    <div class=\"accordion-item\">\n                                <h2 class=\"accordion-header\">\n                                    <button aria-controls=\"collapse_2\" aria-expanded=\"true\"\n                                        class=\"accordion-button collapsed\" data-bs-target=\"#collapse_2\"\n                                        data-bs-toggle=\"collapse\" type=\"button\">\n                                        TECHNISCHE UNTERST\u00dcTZUNG bei der Industrialisierung des Produkts in seinen Teilen und der Montage zur Unterst\u00fctzung des DESIGN des MIBA-Kunden                                     <\/button>\n                                <\/h2>\n                                <div class=\"accordion-collapse collapse\" data-bs-parent=\"#accordionExample\"\n                                    id=\"collapse_2\">\n                                    <div class=\"accordion-body\">\n        \n                                        <p>MIBA bietet umfassende technische Unterst\u00fctzung in der Industrialisierungsphase des Produkts, sowohl in seinen Einzelteilen als auch in der Montage, und unterst\u00fctzt damit das Design des Kunden. Diese Unterst\u00fctzung erfolgt in Form eines proaktiven Ansatzes zur L\u00f6sung von Designproblemen der Kunden. MIBA arbeitet eng mit den Kunden zusammen, um Ideen in koh\u00e4rente und schnell umsetzbare L\u00f6sungen umzuwandeln und jede Phase der Produktion zu optimieren. Die Erfahrung von MIBA erstreckt sich auch auf die Unterst\u00fctzung bei der Industrialisierung, wobei der Kunde vom Prototyp bis zur Produktion begleitet wird und die Qualit\u00e4t und Zuverl\u00e4ssigkeit des Produkts gesichert wird.<\/p>\n                                    <\/div>\n                                <\/div>\n                            <\/div>\n                                                    <div class=\"accordion-item\">\n                                <h2 class=\"accordion-header\">\n                                    <button aria-controls=\"collapse_3\" aria-expanded=\"true\"\n                                        class=\"accordion-button collapsed\" data-bs-target=\"#collapse_3\"\n                                        data-bs-toggle=\"collapse\" type=\"button\">\n                                        Pr\u00e4zisionsschreinerarbeiten aus Metall                                     <\/button>\n                                <\/h2>\n                                <div class=\"accordion-collapse collapse\" data-bs-parent=\"#accordionExample\"\n                                    id=\"collapse_3\">\n                                    <div class=\"accordion-body\">\n        \n                                        <p>Pr\u00e4zisionsmetallbau ist ein entscheidendes Element bei der Herstellung hochwertiger Produkte f\u00fcr die globalen M\u00e4rkte, insbesondere in Bereichen, in denen die \u00c4sthetik als \u201eerstes Fahrzeug\u201c der Marke eine wichtige Rolle spielt. MIBA verf\u00fcgt \u00fcber mehr als 45 Jahre Erfahrung und bietet Metallbauleistungen an, die sich durch ihre Pr\u00e4zision und Zuverl\u00e4ssigkeit auszeichnen.<\/p>\n                                    <\/div>\n                                <\/div>\n                            <\/div>\n                                                    <div class=\"accordion-item\">\n                                <h2 class=\"accordion-header\">\n                                    <button aria-controls=\"collapse_4\" aria-expanded=\"true\"\n                                        class=\"accordion-button collapsed\" data-bs-target=\"#collapse_4\"\n                                        data-bs-toggle=\"collapse\" type=\"button\">\n                                        Elektromechanische Ausr\u00fcstung                                     <\/button>\n                                <\/h2>\n                                <div class=\"accordion-collapse collapse\" data-bs-parent=\"#accordionExample\"\n                                    id=\"collapse_4\">\n                                    <div class=\"accordion-body\">\n        \n                                        <p>Die Integration von Schreinerei und Montage in einem einzigen Anbieter wie MIBA ist ein strategischer Vorteil bei der Herstellung elektromechanischer Ger\u00e4te, der Qualit\u00e4t, Flexibilit\u00e4t und Wettbewerbsf\u00e4higkeit bietet, insbesondere bei komplexer ausgelagerter Produktion. MIBA verwaltet den gesamten Produktionsprozess von elektromechanischen Ger\u00e4ten mit gro\u00dfer Sorgfalt und Pr\u00e4zision, von der ersten Co-Design-Phase bis zur Endabnahme. Dieser Ansatz garantiert eine komplette Produktionslinie, die in der Lage ist, effizient und flexibel auf die spezifischen Anforderungen eines jeden Projekts zu reagieren<\/p>\n                                    <\/div>\n                                <\/div>\n                            <\/div>\n                                            \n                <\/div>\n            <\/div>\n        <\/div>\n    <\/div>\n<\/section>\n<\/div><\/div><\/div><\/div>\n<\/div>","protected":false},"excerpt":{"rendered":"<p> [&#8230;]<\/p>\n<p><a class=\"btn btn-secondary redapple-read-more-link\" href=\"https:\/\/www.miba.it\/de\/metallbau\/\">Weiterlesen&#8230;<\/a><\/p>\n","protected":false},"author":1,"featured_media":0,"parent":0,"menu_order":0,"comment_status":"closed","ping_status":"closed","template":"","meta":{"_acf_changed":false,"inline_featured_image":false,"footnotes":""},"class_list":["post-221","page","type-page","status-publish","hentry"],"acf":[],"yoast_head":"<!-- This site is optimized with the Yoast SEO plugin v26.6 - https:\/\/yoast.com\/wordpress\/plugins\/seo\/ -->\n<title>MIBA | Carpenteria Metallica su Misura<\/title>\n<meta name=\"description\" content=\"Soluzioni su misura in ferro, acciaio, alluminio e altro. Taglio laser, piegatura, saldatura e finiture di alta qualit\u00e0 per ogni esigenza.\" \/>\n<meta name=\"robots\" content=\"index, follow, max-snippet:-1, max-image-preview:large, max-video-preview:-1\" \/>\n<link rel=\"canonical\" href=\"https:\/\/www.miba.it\/de\/metallbau\/\" \/>\n<meta property=\"og:locale\" content=\"de_DE\" \/>\n<meta property=\"og:type\" content=\"article\" \/>\n<meta property=\"og:title\" content=\"MIBA | Carpenteria Metallica su Misura\" \/>\n<meta property=\"og:description\" content=\"Soluzioni su misura in ferro, acciaio, alluminio e altro. Taglio laser, piegatura, saldatura e finiture di alta qualit\u00e0 per ogni esigenza.\" \/>\n<meta property=\"og:url\" content=\"https:\/\/www.miba.it\/de\/metallbau\/\" \/>\n<meta property=\"og:site_name\" content=\"MIBA\" \/>\n<meta property=\"article:modified_time\" content=\"2025-07-10T12:31:03+00:00\" \/>\n<meta property=\"og:image\" content=\"https:\/\/www.miba.it\/wp-content\/uploads\/2025\/06\/MIBAHOME22-scaled.png\" \/>\n\t<meta property=\"og:image:width\" content=\"2560\" \/>\n\t<meta property=\"og:image:height\" content=\"1011\" \/>\n\t<meta property=\"og:image:type\" content=\"image\/png\" \/>\n<meta name=\"twitter:card\" content=\"summary_large_image\" \/>\n<meta name=\"twitter:label1\" content=\"Gesch\u00e4tzte Lesezeit\" \/>\n\t<meta name=\"twitter:data1\" content=\"1\u00a0Minute\" \/>\n<script type=\"application\/ld+json\" class=\"yoast-schema-graph\">{\"@context\":\"https:\/\/schema.org\",\"@graph\":[{\"@type\":\"WebPage\",\"@id\":\"https:\/\/www.miba.it\/carpenteria-metallica\/\",\"url\":\"https:\/\/www.miba.it\/carpenteria-metallica\/\",\"name\":\"MIBA | Carpenteria Metallica su Misura\",\"isPartOf\":{\"@id\":\"https:\/\/www.miba.it\/#website\"},\"datePublished\":\"2024-07-25T07:11:59+00:00\",\"dateModified\":\"2025-07-10T12:31:03+00:00\",\"description\":\"Soluzioni su misura in ferro, acciaio, alluminio e altro. Taglio laser, piegatura, saldatura e finiture di alta qualit\u00e0 per ogni esigenza.\",\"breadcrumb\":{\"@id\":\"https:\/\/www.miba.it\/carpenteria-metallica\/#breadcrumb\"},\"inLanguage\":\"de\",\"potentialAction\":[{\"@type\":\"ReadAction\",\"target\":[\"https:\/\/www.miba.it\/carpenteria-metallica\/\"]}]},{\"@type\":\"BreadcrumbList\",\"@id\":\"https:\/\/www.miba.it\/carpenteria-metallica\/#breadcrumb\",\"itemListElement\":[{\"@type\":\"ListItem\",\"position\":1,\"name\":\"Home\",\"item\":\"https:\/\/www.miba.it\/\"},{\"@type\":\"ListItem\",\"position\":2,\"name\":\"CARPENTERIA METALLICA\"}]},{\"@type\":\"WebSite\",\"@id\":\"https:\/\/www.miba.it\/#website\",\"url\":\"https:\/\/www.miba.it\/\",\"name\":\"MIBA\",\"description\":\"The outsourcing solution\",\"potentialAction\":[{\"@type\":\"SearchAction\",\"target\":{\"@type\":\"EntryPoint\",\"urlTemplate\":\"https:\/\/www.miba.it\/?s={search_term_string}\"},\"query-input\":{\"@type\":\"PropertyValueSpecification\",\"valueRequired\":true,\"valueName\":\"search_term_string\"}}],\"inLanguage\":\"de\"}]}<\/script>\n<!-- \/ Yoast SEO plugin. -->","yoast_head_json":{"title":"MIBA | Ma\u00dfgeschneiderte Metallzimmerei","description":"Ma\u00dfgeschneiderte L\u00f6sungen aus Eisen, Stahl, Aluminium und mehr. Laserschneiden, Biegen, Schwei\u00dfen und hochwertige Endbearbeitung f\u00fcr jeden Bedarf.","robots":{"index":"index","follow":"follow","max-snippet":"max-snippet:-1","max-image-preview":"max-image-preview:large","max-video-preview":"max-video-preview:-1"},"canonical":"https:\/\/www.miba.it\/de\/metallbau\/","og_locale":"de_DE","og_type":"article","og_title":"MIBA | Carpenteria Metallica su Misura","og_description":"Soluzioni su misura in ferro, acciaio, alluminio e altro. Taglio laser, piegatura, saldatura e finiture di alta qualit\u00e0 per ogni esigenza.","og_url":"https:\/\/www.miba.it\/de\/metallbau\/","og_site_name":"MIBA","article_modified_time":"2025-07-10T12:31:03+00:00","og_image":[{"width":2560,"height":1011,"url":"https:\/\/www.miba.it\/wp-content\/uploads\/2025\/06\/MIBAHOME22-scaled.png","type":"image\/png"}],"twitter_card":"summary_large_image","twitter_misc":{"Gesch\u00e4tzte Lesezeit":"1\u00a0Minute"},"schema":{"@context":"https:\/\/schema.org","@graph":[{"@type":"WebPage","@id":"https:\/\/www.miba.it\/carpenteria-metallica\/","url":"https:\/\/www.miba.it\/carpenteria-metallica\/","name":"MIBA | Ma\u00dfgeschneiderte Metallzimmerei","isPartOf":{"@id":"https:\/\/www.miba.it\/#website"},"datePublished":"2024-07-25T07:11:59+00:00","dateModified":"2025-07-10T12:31:03+00:00","description":"Ma\u00dfgeschneiderte L\u00f6sungen aus Eisen, Stahl, Aluminium und mehr. Laserschneiden, Biegen, Schwei\u00dfen und hochwertige Endbearbeitung f\u00fcr jeden Bedarf.","breadcrumb":{"@id":"https:\/\/www.miba.it\/carpenteria-metallica\/#breadcrumb"},"inLanguage":"de","potentialAction":[{"@type":"ReadAction","target":["https:\/\/www.miba.it\/carpenteria-metallica\/"]}]},{"@type":"BreadcrumbList","@id":"https:\/\/www.miba.it\/carpenteria-metallica\/#breadcrumb","itemListElement":[{"@type":"ListItem","position":1,"name":"Home","item":"https:\/\/www.miba.it\/"},{"@type":"ListItem","position":2,"name":"CARPENTERIA METALLICA"}]},{"@type":"WebSite","@id":"https:\/\/www.miba.it\/#website","url":"https:\/\/www.miba.it\/","name":"MIBA","description":"Die Outsourcing-L\u00f6sung","potentialAction":[{"@type":"SearchAction","target":{"@type":"EntryPoint","urlTemplate":"https:\/\/www.miba.it\/?s={search_term_string}"},"query-input":{"@type":"PropertyValueSpecification","valueRequired":true,"valueName":"search_term_string"}}],"inLanguage":"de"}]}},"_links":{"self":[{"href":"https:\/\/www.miba.it\/de\/wp-json\/wp\/v2\/pages\/221","targetHints":{"allow":["GET"]}}],"collection":[{"href":"https:\/\/www.miba.it\/de\/wp-json\/wp\/v2\/pages"}],"about":[{"href":"https:\/\/www.miba.it\/de\/wp-json\/wp\/v2\/types\/page"}],"author":[{"embeddable":true,"href":"https:\/\/www.miba.it\/de\/wp-json\/wp\/v2\/users\/1"}],"replies":[{"embeddable":true,"href":"https:\/\/www.miba.it\/de\/wp-json\/wp\/v2\/comments?post=221"}],"version-history":[{"count":19,"href":"https:\/\/www.miba.it\/de\/wp-json\/wp\/v2\/pages\/221\/revisions"}],"predecessor-version":[{"id":1599,"href":"https:\/\/www.miba.it\/de\/wp-json\/wp\/v2\/pages\/221\/revisions\/1599"}],"wp:attachment":[{"href":"https:\/\/www.miba.it\/de\/wp-json\/wp\/v2\/media?parent=221"}],"curies":[{"name":"wp","href":"https:\/\/api.w.org\/{rel}","templated":true}]}}