{"id":195,"date":"2024-07-17T08:18:29","date_gmt":"2024-07-17T08:18:29","guid":{"rendered":"https:\/\/www.miba.it\/?page_id=195"},"modified":"2025-06-19T12:46:00","modified_gmt":"2025-06-19T12:46:00","slug":"kontakte","status":"publish","type":"page","link":"https:\/\/www.miba.it\/de\/kontakte\/","title":{"rendered":"KONTAKT"},"content":{"rendered":"<div class=\"wpb-content-wrapper\"><div class=\"vc_row wpb_row vc_row-fluid\"><div class=\"wpb_column vc_column_container vc_col-sm-12\"><div class=\"vc_column-inner\"><div class=\"wpb_wrapper\"><!-- common banner start from here  -->\r\n    <section class=\"common-banner-main\" style=\"background: url(https:\/\/www.miba.it\/wp-content\/uploads\/2025\/06\/immagine-stabile-x-web.jpg);\">\r\n        <div class=\"container\">\r\n            <div class=\"row\">\r\n                <div class=\"col-xs-12 col-sm-12 col-md-12 col-lg-12\">\r\n                    <div class=\"banner-contents\">\r\n                        <h1>KONTAKTE<\/h1>\r\n                    <\/div>\r\n                <\/div>\r\n            <\/div>\r\n        <\/div>\r\n    <\/section>\r\n<!-- common banner ends here  -->\r\n<!-- ricerca section start from here  -->\r\n\r\n    <section class=\"miba-ricerca-main\">\r\n        <div class=\"container\">\r\n            <div class=\"row\">\r\n                <div class=\"col-xs-12 col-sm-12 col-md-12 col-lg-12\">\r\n                    <div class=\"common-title\">\r\n                        <h2 class=\"translation-block\">Wir sind f\u00fcr Sie da, <span>um Sie zu unterst\u00fctzen <\/span><\/h2>\r\n                        <p>Willkommen im MIBA-Kontaktbereich Wir sind f\u00fcr Sie da, um Sie zu unterst\u00fctzen und all Ihre Fragen umgehend zu beantworten. Bitte z\u00f6gern Sie nicht, uns bei Bedarf oder f\u00fcr zus\u00e4tzliche Informationen zu kontaktieren. Unser Team steht Ihnen zur Verf\u00fcgung, um Sie zu unterst\u00fctzen und zu gew\u00e4hrleisten, dass all Ihre Anfragen mit h\u00f6chster Sorgfalt und Professionalit\u00e4t bearbeitet werden. Wir sind bereit, Sie bei jedem Schritt Ihres Projekts zu unterst\u00fctzen.<\/p>\r\n                    <\/div>\r\n                <\/div>\r\n            <\/div>\r\n        <\/div>\r\n    <\/section>\r\n\r\n<!-- ricerca section ends here  -->\r\n    <section class=\"contattin-main\">\r\n        <div class=\"container\">\r\n            <div class=\"row\">\r\n                <div class=\"col-xs-12 col-sm-12 col-md-4 col-lg-4\">\r\n                    <div class=\"contatti-sidebar\">\r\n                        <div class=\"common-title\">\r\n                            <h3 class=\"translation-block\">INFORMATIONEN <span>GESCH\u00c4FTS<\/span><\/h3>\r\n                        <\/div>\r\n                        <div class=\"contatti-common-box\">\r\n                            <h4 class=\"translation-block\">GESETZLICHER HAUPTSITZ <br> EINRICHTUNG<\/h4>\r\n                            <ul>\r\n                                <li>\r\n                                    <a href=\"#\">\r\n                                        <div class=\"icon\">\r\n                                            <img decoding=\"async\" src=\"https:\/\/www.miba.it\/wp-content\/themes\/redapple\/assets\/images\/icon\/location.png\" alt=\"\">\r\n                                        <\/div>\r\n                                        <div class=\"text\">Via Caduti sul lavoro, 6\/A, <br>\n41030 S. Prospero (MO)<\/div>\r\n                                    <\/a>\r\n                                <\/li>\r\n                            <\/ul>\r\n\r\n                        <\/div>\r\n                        <div class=\"contatti-common-box\">\r\n                            <h4>B\u00dcROS<\/h4>\r\n                            <ul>\r\n                                <li>\r\n                                    <a href=\"#\">\r\n                                        <div class=\"icon\">\r\n                                            <img decoding=\"async\" src=\"https:\/\/www.miba.it\/wp-content\/themes\/redapple\/assets\/images\/icon\/location.png\" alt=\"\">\r\n                                        <\/div>\r\n                                        <div class=\"text\">Via Buozzi, 1\/A, 41030 <br> S. Prospero (MO)<\/div>\r\n                                    <\/a>\r\n                                <\/li>\r\n                                <li>\r\n                                    <a href=\"#\">\r\n                                        <div class=\"icon\">\r\n                                            <img decoding=\"async\" src=\"https:\/\/www.miba.it\/wp-content\/themes\/redapple\/assets\/images\/icon\/phone.png\" alt=\"\">\r\n                                        <\/div>\r\n                                        <div class=\"text\">\r\n                                             <span>Telefon<\/span> (+39) 059 80.99.11                                        <\/div>\r\n                                    <\/a>\r\n                                <\/li>\r\n                                <li>\r\n                                    <a href=\"#\">\r\n                                        <div class=\"icon\">\r\n                                            <img decoding=\"async\" src=\"https:\/\/www.miba.it\/wp-content\/themes\/redapple\/assets\/images\/icon\/fax.png\" alt=\"\">\r\n                                        <\/div>\r\n                                        <div class=\"text\">\r\n                                             <span>Fax<\/span> (+39) 059 80.95.00                                        <\/div>\r\n                                    <\/a>\r\n                                <\/li>\r\n                                <li>\r\n                                    <a href=\"#\">\r\n                                        <div class=\"icon\">\r\n                                            <img decoding=\"async\" src=\"https:\/\/www.miba.it\/wp-content\/themes\/redapple\/assets\/images\/icon\/mail.png\" alt=\"\">\r\n                                        <\/div>\r\n                                        <div class=\"text\">\r\n                                             <span>Post:<\/span> info@miba.it                                        <\/div>\r\n                                    <\/a>\r\n                                <\/li>\r\n                                <li>\r\n                                    <a href=\"#\">\r\n                                        <div class=\"icon\">\r\n                                            <img decoding=\"async\" src=\"https:\/\/www.miba.it\/wp-content\/themes\/redapple\/assets\/images\/icon\/pec.png\" alt=\"\">\r\n                                        <\/div>\r\n                                        <div class=\"text\">\r\n                                             <span>PEC:<\/span> miba.pec@cert.cna.it                                        <\/div>\r\n                                    <\/a>\r\n                                <\/li>\r\n                            <\/ul>\r\n\r\n                        <\/div>\r\n                    <\/div>\r\n                <\/div>\r\n                <div class=\"col-xs-12 col-sm-12 col-md-8 col-lg-8\">\r\n                    \n<div class=\"wpcf7 no-js\" id=\"wpcf7-f272-o1\" lang=\"en-US\" dir=\"ltr\" data-wpcf7-id=\"272\">\n<div class=\"screen-reader-response\"><p role=\"status\" aria-live=\"polite\" aria-atomic=\"true\"><\/p> <ul><\/ul><\/div>\n<form action=\"\/de\/wp-json\/wp\/v2\/pages\/195#wpcf7-f272-o1\" method=\"post\" class=\"wpcf7-form init\" aria-label=\"Kontakt-Formular\" novalidate=\"novalidate\" data-status=\"init\" data-trp-original-action=\"\/de\/wp-json\/wp\/v2\/pages\/195#wpcf7-f272-o1\">\n<fieldset class=\"hidden-fields-container\"><input type=\"hidden\" name=\"_wpcf7\" value=\"272\" \/><input type=\"hidden\" name=\"_wpcf7_version\" value=\"6.1.5\" \/><input type=\"hidden\" name=\"_wpcf7_locale\" value=\"en_US\" \/><input type=\"hidden\" name=\"_wpcf7_unit_tag\" value=\"wpcf7-f272-o1\" \/><input type=\"hidden\" name=\"_wpcf7_container_post\" value=\"0\" \/><input type=\"hidden\" name=\"_wpcf7_posted_data_hash\" value=\"\" \/>\n<\/fieldset>\n<div class=\"row\">\n\t<div class=\"col-xs-12 col-sm-12 col-md-6 col-lg-6 col-xl-4\">\n\t\t<div class=\"form-group\">\n\t\t\t<p><label for=\"nome\" class=\"form-label\">Name<\/label><br \/>\n<span class=\"wpcf7-form-control-wrap\" data-name=\"text-995\"><input size=\"40\" maxlength=\"400\" class=\"wpcf7-form-control wpcf7-text wpcf7-validates-as-required form-control\" aria-required=\"true\" aria-invalid=\"false\" placeholder=\"Ihr Name\" value=\"\" type=\"text\" name=\"text-995\" \/><\/span>\n\t\t\t<\/p>\n\t\t<\/div>\n\t<\/div>\n\t<div class=\"col-xs-12 col-sm-12 col-md-6 col-lg-6 col-xl-4\">\n\t\t<div class=\"form-group\">\n\t\t\t<p><label for=\"cognome\" class=\"form-label\">Nachname<\/label><br \/>\n<span class=\"wpcf7-form-control-wrap\" data-name=\"text-996\"><input size=\"40\" maxlength=\"400\" class=\"wpcf7-form-control wpcf7-text form-control\" aria-invalid=\"false\" placeholder=\"Ihr Nachname\" value=\"\" type=\"text\" name=\"text-996\" \/><\/span>\n\t\t\t<\/p>\n\t\t<\/div>\n\t<\/div>\n\t<div class=\"col-xs-12 col-sm-12 col-md-6 col-lg-6 col-xl-4\">\n\t\t<div class=\"form-group\">\n\t\t\t<p><label for=\"azienda\" class=\"form-label translation-block\">Unternehmen<br>\n<span>(fakultativ)<\/span><\/label><br \/>\n<span class=\"wpcf7-form-control-wrap\" data-name=\"text-997\"><input size=\"40\" maxlength=\"400\" class=\"wpcf7-form-control wpcf7-text form-control\" aria-invalid=\"false\" placeholder=\"Das Unternehmen, f\u00fcr das Sie schreiben\" value=\"\" type=\"text\" name=\"text-997\" \/><\/span>\n\t\t\t<\/p>\n\t\t<\/div>\n\t<\/div>\n\t<div class=\"col-xs-12 col-sm-12 col-md-6 col-lg-6 col-xl-4\">\n\t\t<div class=\"form-group\">\n\t\t\t<p><label for=\"\" class=\"form-label translation-block\">Rolle im <br>\n<span> ( optionnel )<\/span><\/label><br \/>\n<span class=\"wpcf7-form-control-wrap\" data-name=\"text-998\"><input size=\"40\" maxlength=\"400\" class=\"wpcf7-form-control wpcf7-text form-control\" aria-invalid=\"false\" placeholder=\"Richtung\" value=\"\" type=\"text\" name=\"text-998\" \/><\/span>\n\t\t\t<\/p>\n\t\t<\/div>\n\t<\/div>\n\t<div class=\"col-xs-12 col-sm-12 col-md-6 col-lg-6 col-xl-4\">\n\t\t<div class=\"form-group\">\n\t\t\t<p><label for=\"\" class=\"form-label\">Email<\/label><br \/>\n<span class=\"wpcf7-form-control-wrap\" data-name=\"email-763\"><input size=\"40\" maxlength=\"400\" class=\"wpcf7-form-control wpcf7-email wpcf7-validates-as-required wpcf7-text wpcf7-validates-as-email form-control\" aria-required=\"true\" aria-invalid=\"false\" placeholder=\"Ihr E-Mail-Kontakt\" value=\"\" type=\"email\" name=\"email-763\" \/><\/span>\n\t\t\t<\/p>\n\t\t<\/div>\n\t<\/div>\n\t<div class=\"col-xs-12 col-sm-12 col-md-6 col-lg-6 col-xl-4\">\n\t\t<div class=\"form-group\">\n\t\t\t<p><label for=\"\" class=\"form-label\">Telefon &lt;span (optional)<\/span><\/span><\/label><br \/>\n<span class=\"wpcf7-form-control-wrap\" data-name=\"tel-193\"><input size=\"40\" maxlength=\"400\" class=\"wpcf7-form-control wpcf7-tel wpcf7-text wpcf7-validates-as-tel form-control\" aria-invalid=\"false\" placeholder=\"Ihre Telefonnummer\" value=\"\" type=\"tel\" name=\"tel-193\" \/><\/span>\n\t\t\t<\/p>\n\t\t<\/div>\n\t<\/div>\n\t<div class=\"col-xs-12 col-sm-12 col-md-12 col-lg-12\">\n\t\t<div class=\"form-group\">\n\t\t\t<p><label for=\"messaggio\" class=\"form-label\">Nachricht<\/label><br \/>\n<span class=\"wpcf7-form-control-wrap\" data-name=\"textarea-265\"><textarea cols=\"40\" rows=\"10\" maxlength=\"2000\" class=\"wpcf7-form-control wpcf7-textarea form-control\" aria-invalid=\"false\" placeholder=\"Was ist der Grund f\u00fcr Ihre Kontaktaufnahme?\" name=\"textarea-265\"><\/textarea><\/span>\n\t\t\t<\/p>\n\t\t<\/div>\n\t<\/div>\n\t<div class=\"col-xs-12 col-sm-12 col-md-12 col-lg-12\">\n\t\t<div class=\"form-check\">\n\t\t\t<p><span class=\"wpcf7-form-control-wrap\" data-name=\"checkbox-528\"><span class=\"wpcf7-form-control wpcf7-checkbox wpcf7-validates-as-required\"><span class=\"wpcf7-list-item first last\"><label><input type=\"checkbox\" name=\"checkbox-528[]\" value=\"Ho letto l&#039;\" \/><span class=\"wpcf7-list-item-label\">Ich habe die\u00a0<\/span><\/label><\/span><\/span><\/span><a style=\"font-size: 14px;\" href='https:\/\/www.miba.it\/de\/datenschutzbestimmungen\/'>offenlegung<\/a>\n\t\t\t<\/p>\n\t\t<\/div>\n\t\t<div class=\"form-check\">\n\t\t\t<p><span class=\"wpcf7-form-control-wrap\" data-name=\"checkbox-412\"><span class=\"wpcf7-form-control wpcf7-checkbox\"><span class=\"wpcf7-list-item first last\"><label><input type=\"checkbox\" name=\"checkbox-412[]\" value=\"Acconsento alla ricezione di newsletter\" \/><span class=\"wpcf7-list-item-label\">Ich bin mit dem Erhalt von Newslettern einverstanden<\/span><\/label><\/span><\/span><\/span>\n\t\t\t<\/p>\n\t\t<\/div>\n\t<\/div>\n\t<div class=\"col-xs-12 col-sm-12 col-md-12 col-lg-12\">\n\t\t<p><input class=\"wpcf7-form-control wpcf7-submit has-spinner btn contatti-btn\" type=\"submit\" value=\"ANFRAGE SENDEN\" \/>\n\t\t<\/p>\n\t<\/div>\n<\/div><div class=\"wpcf7-response-output\" aria-hidden=\"true\"><\/div>\n<input type=\"hidden\" name=\"trp-form-language\" value=\"de\"\/><\/form>\n<\/div>\n                <\/div>\r\n            <\/div>\r\n        <\/div>\r\n    <\/section>\r\n    <section class=\"contatti-map-main\">\r\n        <div class=\"container\">\r\n            <div class=\"row\">\r\n                <div class=\"col-xs-12 col-sm-12 col-md-8 col-lg-8\">\r\n                    <div class=\"common-title\">\r\n                        <h3>Wo <span>Sie uns finden<\/span><\/h3>\r\n                    <\/div>\r\n                    <div class=\"map-box\">\r\n                        <iframe src=\"https:\/\/www.google.com\/maps\/embed?pb=!1m18!1m12!1m3!1d2830.639252557734!2d11.025333576238424!3d44.808540071070716!2m3!1f0!2f0!3f0!3m2!1i1024!2i768!4f13.1!3m3!1m2!1s0x477f947b4206700b%3A0x7a1be62ac017109e!2sMIBA%20S.r.l.%20-%20Carpenteria%20Metallica%20-%20Lavorazione%20Lamiera!5e0!3m2!1sen!2sbd!4v1721199999536!5m2!1sen!2sbd\" width=\"\" height=\"\" style=\"border:0;\" allowfullscreen=\"\" loading=\"lazy\" referrerpolicy=\"no-referrer-when-downgrade\"><\/iframe>                    <\/div>\r\n                <\/div>\r\n                <div class=\"col-xs-12 col-sm-12 col-md-4 col-lg-4\">\r\n                    <div class=\"common-title\">\r\n                        <h3>Soziale <span>Links<\/span><\/h3>\r\n                    <\/div>\r\n                    <div class=\"social-links-flex\">\r\n                        <a href=\"https:\/\/www.youtube.com\/@MIBA1979\" target=\"_blank\">\r\n                            <i class=\"fa-brands fa-youtube\"><\/i>\r\n                        <\/a>\r\n                        <a href=\"https:\/\/www.linkedin.com\/company\/miba-srl\/\" target=\"_blank\">\r\n                            <i class=\"fa-brands fa-linkedin-in\"><\/i>\r\n                        <\/a>\r\n                    <\/div>\r\n                <\/div>\r\n            <\/div>\r\n        <\/div>\r\n    <\/section>\r\n<\/div><\/div><\/div><\/div>\n<\/div>","protected":false},"excerpt":{"rendered":"<p> [&#8230;]<\/p>\n<p><a class=\"btn btn-secondary redapple-read-more-link\" href=\"https:\/\/www.miba.it\/de\/kontakte\/\">Weiterlesen&#8230;<\/a><\/p>\n","protected":false},"author":1,"featured_media":0,"parent":0,"menu_order":0,"comment_status":"closed","ping_status":"closed","template":"","meta":{"_acf_changed":false,"inline_featured_image":false,"footnotes":""},"class_list":["post-195","page","type-page","status-publish","hentry"],"acf":[],"yoast_head":"<!-- This site is optimized with the Yoast SEO plugin v26.6 - https:\/\/yoast.com\/wordpress\/plugins\/seo\/ -->\n<title>Contatta Miba per soluzioni personalizzate<\/title>\n<meta name=\"description\" content=\"Contatta MIBA: trova tutti i nostri recapiti, inclusi indirizzi, telefono, email e form di contatto. Siamo pronti a rispondere a ogni domanda e richiesta.\" \/>\n<meta name=\"robots\" content=\"index, follow, max-snippet:-1, max-image-preview:large, max-video-preview:-1\" \/>\n<link rel=\"canonical\" href=\"https:\/\/www.miba.it\/de\/kontakte\/\" \/>\n<meta property=\"og:locale\" content=\"de_DE\" \/>\n<meta property=\"og:type\" content=\"article\" \/>\n<meta property=\"og:title\" content=\"Contatta Miba per soluzioni personalizzate\" \/>\n<meta property=\"og:description\" content=\"Contatta MIBA: trova tutti i nostri recapiti, inclusi indirizzi, telefono, email e form di contatto. Siamo pronti a rispondere a ogni domanda e richiesta.\" \/>\n<meta property=\"og:url\" content=\"https:\/\/www.miba.it\/de\/kontakte\/\" \/>\n<meta property=\"og:site_name\" content=\"MIBA\" \/>\n<meta property=\"article:modified_time\" content=\"2025-06-19T12:46:00+00:00\" \/>\n<meta property=\"og:image\" content=\"https:\/\/www.miba.it\/wp-content\/uploads\/2025\/06\/MIBAHOME22-scaled.png\" \/>\n\t<meta property=\"og:image:width\" content=\"2560\" \/>\n\t<meta property=\"og:image:height\" content=\"1011\" \/>\n\t<meta property=\"og:image:type\" content=\"image\/png\" \/>\n<meta name=\"twitter:card\" content=\"summary_large_image\" \/>\n<meta name=\"twitter:label1\" content=\"Gesch\u00e4tzte Lesezeit\" \/>\n\t<meta name=\"twitter:data1\" content=\"1\u00a0Minute\" \/>\n<script type=\"application\/ld+json\" class=\"yoast-schema-graph\">{\"@context\":\"https:\/\/schema.org\",\"@graph\":[{\"@type\":\"WebPage\",\"@id\":\"https:\/\/www.miba.it\/contatti\/\",\"url\":\"https:\/\/www.miba.it\/contatti\/\",\"name\":\"Contatta Miba per soluzioni personalizzate\",\"isPartOf\":{\"@id\":\"https:\/\/www.miba.it\/#website\"},\"datePublished\":\"2024-07-17T08:18:29+00:00\",\"dateModified\":\"2025-06-19T12:46:00+00:00\",\"description\":\"Contatta MIBA: trova tutti i nostri recapiti, inclusi indirizzi, telefono, email e form di contatto. Siamo pronti a rispondere a ogni domanda e richiesta.\",\"breadcrumb\":{\"@id\":\"https:\/\/www.miba.it\/contatti\/#breadcrumb\"},\"inLanguage\":\"de\",\"potentialAction\":[{\"@type\":\"ReadAction\",\"target\":[\"https:\/\/www.miba.it\/contatti\/\"]}]},{\"@type\":\"BreadcrumbList\",\"@id\":\"https:\/\/www.miba.it\/contatti\/#breadcrumb\",\"itemListElement\":[{\"@type\":\"ListItem\",\"position\":1,\"name\":\"Home\",\"item\":\"https:\/\/www.miba.it\/\"},{\"@type\":\"ListItem\",\"position\":2,\"name\":\"contatti\"}]},{\"@type\":\"WebSite\",\"@id\":\"https:\/\/www.miba.it\/#website\",\"url\":\"https:\/\/www.miba.it\/\",\"name\":\"MIBA\",\"description\":\"The outsourcing solution\",\"potentialAction\":[{\"@type\":\"SearchAction\",\"target\":{\"@type\":\"EntryPoint\",\"urlTemplate\":\"https:\/\/www.miba.it\/?s={search_term_string}\"},\"query-input\":{\"@type\":\"PropertyValueSpecification\",\"valueRequired\":true,\"valueName\":\"search_term_string\"}}],\"inLanguage\":\"de\"}]}<\/script>\n<!-- \/ Yoast SEO plugin. -->","yoast_head_json":{"title":"Kontaktieren Sie Miba: Ihr Partner f\u00fcr Qualit\u00e4t","description":"Kontakt zu MIBA: Hier finden Sie alle unsere Kontaktdaten, einschlie\u00dflich Adresse, Telefon, E-Mail und Kontaktformular. Wir sind bereit, alle Fragen und W\u00fcnsche zu beantworten.","robots":{"index":"index","follow":"follow","max-snippet":"max-snippet:-1","max-image-preview":"max-image-preview:large","max-video-preview":"max-video-preview:-1"},"canonical":"https:\/\/www.miba.it\/de\/kontakte\/","og_locale":"de_DE","og_type":"article","og_title":"Contatta Miba per soluzioni personalizzate","og_description":"Contatta MIBA: trova tutti i nostri recapiti, inclusi indirizzi, telefono, email e form di contatto. Siamo pronti a rispondere a ogni domanda e richiesta.","og_url":"https:\/\/www.miba.it\/de\/kontakte\/","og_site_name":"MIBA","article_modified_time":"2025-06-19T12:46:00+00:00","og_image":[{"width":2560,"height":1011,"url":"https:\/\/www.miba.it\/wp-content\/uploads\/2025\/06\/MIBAHOME22-scaled.png","type":"image\/png"}],"twitter_card":"summary_large_image","twitter_misc":{"Gesch\u00e4tzte Lesezeit":"1\u00a0Minute"},"schema":{"@context":"https:\/\/schema.org","@graph":[{"@type":"WebPage","@id":"https:\/\/www.miba.it\/contatti\/","url":"https:\/\/www.miba.it\/contatti\/","name":"Kontaktieren Sie Miba: Ihr Partner f\u00fcr Qualit\u00e4t","isPartOf":{"@id":"https:\/\/www.miba.it\/#website"},"datePublished":"2024-07-17T08:18:29+00:00","dateModified":"2025-06-19T12:46:00+00:00","description":"Kontakt zu MIBA: Hier finden Sie alle unsere Kontaktdaten, einschlie\u00dflich Adresse, Telefon, E-Mail und Kontaktformular. Wir sind bereit, alle Fragen und W\u00fcnsche zu beantworten.","breadcrumb":{"@id":"https:\/\/www.miba.it\/contatti\/#breadcrumb"},"inLanguage":"de","potentialAction":[{"@type":"ReadAction","target":["https:\/\/www.miba.it\/contatti\/"]}]},{"@type":"BreadcrumbList","@id":"https:\/\/www.miba.it\/contatti\/#breadcrumb","itemListElement":[{"@type":"ListItem","position":1,"name":"Home","item":"https:\/\/www.miba.it\/"},{"@type":"ListItem","position":2,"name":"contatti"}]},{"@type":"WebSite","@id":"https:\/\/www.miba.it\/#website","url":"https:\/\/www.miba.it\/","name":"MIBA","description":"Die Outsourcing-L\u00f6sung","potentialAction":[{"@type":"SearchAction","target":{"@type":"EntryPoint","urlTemplate":"https:\/\/www.miba.it\/?s={search_term_string}"},"query-input":{"@type":"PropertyValueSpecification","valueRequired":true,"valueName":"search_term_string"}}],"inLanguage":"de"}]}},"_links":{"self":[{"href":"https:\/\/www.miba.it\/de\/wp-json\/wp\/v2\/pages\/195","targetHints":{"allow":["GET"]}}],"collection":[{"href":"https:\/\/www.miba.it\/de\/wp-json\/wp\/v2\/pages"}],"about":[{"href":"https:\/\/www.miba.it\/de\/wp-json\/wp\/v2\/types\/page"}],"author":[{"embeddable":true,"href":"https:\/\/www.miba.it\/de\/wp-json\/wp\/v2\/users\/1"}],"replies":[{"embeddable":true,"href":"https:\/\/www.miba.it\/de\/wp-json\/wp\/v2\/comments?post=195"}],"version-history":[{"count":11,"href":"https:\/\/www.miba.it\/de\/wp-json\/wp\/v2\/pages\/195\/revisions"}],"predecessor-version":[{"id":1579,"href":"https:\/\/www.miba.it\/de\/wp-json\/wp\/v2\/pages\/195\/revisions\/1579"}],"wp:attachment":[{"href":"https:\/\/www.miba.it\/de\/wp-json\/wp\/v2\/media?parent=195"}],"curies":[{"name":"wp","href":"https:\/\/api.w.org\/{rel}","templated":true}]}}