{"id":1812,"date":"2025-11-04T08:15:36","date_gmt":"2025-11-04T08:15:36","guid":{"rendered":"https:\/\/www.miba.it\/?page_id=1812"},"modified":"2025-12-18T08:34:43","modified_gmt":"2025-12-18T08:34:43","slug":"datenschutzbestimmungen","status":"publish","type":"page","link":"https:\/\/www.miba.it\/de\/datenschutzbestimmungen\/","title":{"rendered":"Datenschutzbestimmungen"},"content":{"rendered":"<div class=\"wpb-content-wrapper\"><section style=\"min-height: 15vh\" class=\"vc_section vc_custom_1762245914725 vc_section-has-fill\"><div class=\"vc_row wpb_row vc_row-fluid\"><div class=\"wpb_column vc_column_container vc_col-sm-12\"><div class=\"vc_column-inner\"><div class=\"wpb_wrapper\"><\/div><\/div><\/div><\/div><\/section><section class=\"vc_section flex-container\"><div class=\"vc_row wpb_row vc_row-fluid container\"><div class=\"wpb_column vc_column_container vc_col-sm-12\"><div class=\"vc_column-inner\"><div class=\"wpb_wrapper\">\n\t<div class=\"wpb_text_column wpb_content_element\" >\n\t\t<div class=\"wpb_wrapper\">\n\t\t\t<h1>Datenschutzbestimmungen<\/h1>\n<h4><\/h4>\n<p><strong>In Umsetzung der EU-Verordnung 2016\/679 und der geltenden Vorschriften m\u00f6chten wir Ihnen die folgenden Informationen zur Verarbeitung und zum Schutz Ihrer personenbezogenen Daten auf dieser Website geben <\/strong><\/p>\n<p><strong>&nbsp;<\/strong><\/p>\n<p><strong>Verantwortlicher f\u00fcr die Datenverarbeitung<\/strong> Miba srl via Caduti sul lavoro 6\/A 41030 San Prospero (MO), die auch unter der Telefonnummer 059 809911 oder per E-Mail unter privacy@miba.it erreichbar ist<\/p>\n<p>&nbsp;<\/p>\n<p><strong>Pers\u00f6nliche Daten und Identifikationsdaten.<\/strong><\/p>\n<p>Wir informieren Sie dar\u00fcber, dass der f\u00fcr die Verarbeitung Verantwortliche Ihre personenbezogenen Daten verarbeitet, die aus einer Kennung wie Ihrem Namen, einer Identifikationsnummer, einer Online-Kennung oder einem oder mehreren charakteristischen Elementen Ihrer physischen, wirtschaftlichen, kulturellen oder sozialen Identit\u00e4t bestehen k\u00f6nnen, mit denen Sie identifiziert oder identifizierbar gemacht werden k\u00f6nnen, wenn Sie die Website besuchen. Andere personenbezogene Daten, die Sie freiwillig in den Formularen f\u00fcr Informationsanfragen angeben, k\u00f6nnen ebenfalls verarbeitet werden. Die Website verlangt nicht die Eingabe sensibler Daten gem\u00e4\u00df Art. 9.1 der Verordnung (EU) 2016\/679, und der f\u00fcr die Verarbeitung Verantwortliche \u00fcbernimmt keine Haftung f\u00fcr den Fall, dass der Nutzer solche Daten selbst\u00e4ndig eingibt.<\/p>\n<p>&nbsp;<\/p>\n<p><strong>Daten zur Navigation<\/strong><\/p>\n<p>Die f\u00fcr den Betrieb der Website verwendeten Computersysteme und Softwareverfahren erfassen w\u00e4hrend ihres normalen Betriebs einige personenbezogene Daten, deren \u00dcbermittlung durch die Verwendung von Internet-Kommunikationsprotokollen implizit ist. Diese Daten werden nicht gesammelt, um sie mit bestimmten Personen in Verbindung zu bringen, sondern k\u00f6nnten aufgrund ihrer Beschaffenheit durch Verarbeitung und Verkn\u00fcpfung mit Daten im Besitz von Dritten die Identifizierung der Nutzer erm\u00f6glichen. Zu dieser Datenkategorie geh\u00f6ren die IP-Adressen oder Dom\u00e4nennamen der von den Nutzern verwendeten Computer, die sich mit der Website verbinden, die URI (Uniform Resource Identifier)-Notationsadressen der angeforderten Ressourcen, die Uhrzeit der Anfrage, die f\u00fcr die \u00dcbermittlung der Anfrage an den Server verwendete Methode, die Gr\u00f6\u00dfe der als Antwort erhaltenen Datei, der numerische Code, der den Status der vom Server gegebenen Antwort angibt (erfolgreich, Fehler usw.) sowie andere Parameter, die sich auf das Betriebssystem und die IT-Umgebung des Nutzers beziehen. Diese Daten werden ausschlie\u00dflich dazu verwendet, anonyme statistische Informationen \u00fcber die Nutzung der Website zu erhalten und ihr ordnungsgem\u00e4\u00dfes Funktionieren zu \u00fcberpr\u00fcfen, Anomalien und\/oder Missbr\u00e4uche festzustellen, und werden sofort nach der Verarbeitung gel\u00f6scht. Die Daten k\u00f6nnten zur Feststellung der Verantwortlichkeit im Falle hypothetischer Computerkriminalit\u00e4t gegen die Website oder Dritte verwendet werden.<\/p>\n<p><strong>Freiwillig vom Nutzer bereitgestellte Daten<\/strong><\/p>\n<p>Das fakultative, ausdr\u00fcckliche und freiwillige Versenden von E-Mails an die auf dieser Website angegebenen Adressen hat zur Folge, dass die Adresse des Absenders, die f\u00fcr die Beantwortung von Anfragen erforderlich ist, sowie alle anderen eingegebenen personenbezogenen Daten erfasst werden. Wir k\u00f6nnen personenbezogene Daten und\/oder Kontaktdaten wie Vorname, Nachname, E-Mail-Adresse und Telefonnummer verarbeiten.<\/p>\n<p><strong>Modalit\u00e4ten des<\/strong> <strong>Behandlung - Verweilzeiten<\/strong><\/p>\n<p>Die verarbeiteten personenbezogenen Daten werden so lange aufbewahrt, wie es zur Erreichung der oben genannten Zwecke unbedingt erforderlich ist, wobei die Grunds\u00e4tze der Minimierung und Beschr\u00e4nkung der Speicherung gem\u00e4\u00df Artikel 5 Absatz 1 Buchstabe e) der Verordnung beachtet werden. In jedem Fall wird der f\u00fcr die Verarbeitung Verantwortliche personenbezogene Daten so lange verarbeiten, wie dies zur Erf\u00fcllung vertraglicher und gesetzlicher Verpflichtungen erforderlich ist. Die Daten werden f\u00fcr einen Zeitraum aufbewahrt, der nicht \u00fcber die Zwecke hinausgeht, f\u00fcr die die Daten erhoben und anschlie\u00dfend verarbeitet wurden, wie in den spezifischen Datenschutzhinweisen genauer angegeben<\/p>\n<p><strong>Umfang der Kommunikation und Verbreitung<\/strong><\/p>\n<p>Ihre Daten, die Gegenstand der Verarbeitung sind, werden nicht ohne Ihre ausdr\u00fcckliche Zustimmung an Dritte weitergegeben, verkauft oder ausgetauscht. Die Daten k\u00f6nnen an Dritte weitergegeben werden, die zu den folgenden Kategorien geh\u00f6ren:<\/p>\n<p>- Parteien, die Dienstleistungen f\u00fcr die Verwaltung des Informationssystems erbringen<\/p>\n<p>- Firmen oder Unternehmen im Rahmen von Assistenz- und Beratungsbeziehungen;<\/p>\n<p>- zust\u00e4ndige Beh\u00f6rden, um gesetzliche Verpflichtungen und\/oder Bestimmungen \u00f6ffentlicher Einrichtungen zu erf\u00fcllen, auf Anfrage.<\/p>\n<p>- externer Anbieter;<\/p>\n<p>- Unternehmen, die die routinem\u00e4\u00dfige und au\u00dferordentliche Wartung der Website durchf\u00fchren<\/p>\n<p>Ihre Daten werden in jedem Fall nicht weitergegeben<\/p>\n<p><strong>Daten\u00fcbermittlung ins Ausland<\/strong><br \/>\nDie personenbezogenen Daten der betroffenen Person werden nicht an Drittl\u00e4nder \u00fcbermittelt. Sollten in Zukunft personenbezogene Daten an Drittl\u00e4nder oder internationale Organisationen \u00fcbermittelt werden, so werden alle Bestimmungen von Kapitel V (Verordnung (EU) 2016\/679) eingehalten, um ein angemessenes Schutzniveau zu gew\u00e4hrleisten.<\/p>\n<p><strong>Rechte der betroffenen Person <\/strong><br \/>\nGem\u00e4\u00df Artikel 15 ff. der Verordnung haben Sie das Recht, jederzeit Zugang zu Ihren personenbezogenen Daten, deren Berichtigung oder L\u00f6schung sowie die Einschr\u00e4nkung der Verarbeitung in den in Artikel 18 der Verordnung vorgesehenen F\u00e4llen zu verlangen und in den in Artikel 20 der Verordnung vorgesehenen F\u00e4llen die Sie betreffenden Daten in einem strukturierten, g\u00e4ngigen und maschinenlesbaren Format zu erhalten. Sie k\u00f6nnen jederzeit gem\u00e4\u00df Artikel 7 der Verordnung die von Ihnen erteilte Einwilligung widerrufen; Sie k\u00f6nnen gem\u00e4\u00df Artikel 77 der Verordnung eine Beschwerde bei der zust\u00e4ndigen Aufsichtsbeh\u00f6rde (Garante per la Protezione dei Dati Personali WWW.GARANTEPRIVACY.IT) einreichen, wenn Sie der Ansicht sind, dass die Verarbeitung Ihrer Daten gegen geltendes Recht verst\u00f6\u00dft. Sie k\u00f6nnen gem\u00e4\u00df Artikel 21 der Verordnung einen Antrag auf Widerspruch gegen die Verarbeitung Ihrer Daten stellen, in dem Sie die Gr\u00fcnde f\u00fcr den Widerspruch darlegen: Der f\u00fcr die Verarbeitung Verantwortliche beh\u00e4lt sich das Recht vor, den Antrag zu pr\u00fcfen, der nicht angenommen wird, wenn zwingende schutzw\u00fcrdige Gr\u00fcnde f\u00fcr die Fortsetzung der Verarbeitung vorliegen, die Ihre Interessen, Rechte und Freiheiten \u00fcberwiegen. Die zur Aus\u00fcbung Ihrer Rechte zu benutzenden Adressen sind die des f\u00fcr die Datenverarbeitung Verantwortlichen, wie oben angegeben<\/p>\n\n\t\t<\/div>\n\t<\/div>\n<\/div><\/div><\/div><\/div><\/section>\n<\/div>","protected":false},"excerpt":{"rendered":"<p> [&#8230;]<\/p>\n<p><a class=\"btn btn-secondary redapple-read-more-link\" href=\"https:\/\/www.miba.it\/de\/datenschutzbestimmungen\/\">Weiterlesen&#8230;<\/a><\/p>\n","protected":false},"author":1,"featured_media":0,"parent":0,"menu_order":0,"comment_status":"closed","ping_status":"closed","template":"","meta":{"_acf_changed":false,"inline_featured_image":false,"footnotes":""},"class_list":["post-1812","page","type-page","status-publish","hentry"],"acf":[],"yoast_head":"<!-- This site is optimized with the Yoast SEO plugin v26.6 - https:\/\/yoast.com\/wordpress\/plugins\/seo\/ -->\n<title>Privacy Policy | MIBA<\/title>\n<meta name=\"description\" content=\"Informativa sulla privacy \u2013 protezione dei tuoi dati personali con MIBA: trasparenza, diritti e sicurezza garantiti.\" \/>\n<meta name=\"robots\" content=\"index, follow, max-snippet:-1, max-image-preview:large, max-video-preview:-1\" \/>\n<link rel=\"canonical\" href=\"https:\/\/www.miba.it\/de\/datenschutzbestimmungen\/\" \/>\n<meta property=\"og:locale\" content=\"de_DE\" \/>\n<meta property=\"og:type\" content=\"article\" \/>\n<meta property=\"og:title\" content=\"Privacy Policy | MIBA\" \/>\n<meta property=\"og:description\" content=\"Informativa sulla privacy \u2013 protezione dei tuoi dati personali con MIBA: trasparenza, diritti e sicurezza garantiti.\" \/>\n<meta property=\"og:url\" content=\"https:\/\/www.miba.it\/de\/datenschutzbestimmungen\/\" \/>\n<meta property=\"og:site_name\" content=\"MIBA\" \/>\n<meta property=\"article:modified_time\" content=\"2025-12-18T08:34:43+00:00\" \/>\n<meta property=\"og:image\" content=\"https:\/\/www.miba.it\/wp-content\/uploads\/2025\/06\/MIBAHOME22-scaled.png\" \/>\n\t<meta property=\"og:image:width\" content=\"2560\" \/>\n\t<meta property=\"og:image:height\" content=\"1011\" \/>\n\t<meta property=\"og:image:type\" content=\"image\/png\" \/>\n<meta name=\"twitter:card\" content=\"summary_large_image\" \/>\n<meta name=\"twitter:label1\" content=\"Gesch\u00e4tzte Lesezeit\" \/>\n\t<meta name=\"twitter:data1\" content=\"5\u00a0Minuten\" \/>\n<script type=\"application\/ld+json\" class=\"yoast-schema-graph\">{\"@context\":\"https:\/\/schema.org\",\"@graph\":[{\"@type\":\"WebPage\",\"@id\":\"https:\/\/www.miba.it\/privacy-policy\/\",\"url\":\"https:\/\/www.miba.it\/privacy-policy\/\",\"name\":\"Privacy Policy | MIBA\",\"isPartOf\":{\"@id\":\"https:\/\/www.miba.it\/#website\"},\"datePublished\":\"2025-11-04T08:15:36+00:00\",\"dateModified\":\"2025-12-18T08:34:43+00:00\",\"description\":\"Informativa sulla privacy \u2013 protezione dei tuoi dati personali con MIBA: trasparenza, diritti e sicurezza garantiti.\",\"breadcrumb\":{\"@id\":\"https:\/\/www.miba.it\/privacy-policy\/#breadcrumb\"},\"inLanguage\":\"de\",\"potentialAction\":[{\"@type\":\"ReadAction\",\"target\":[\"https:\/\/www.miba.it\/privacy-policy\/\"]}]},{\"@type\":\"BreadcrumbList\",\"@id\":\"https:\/\/www.miba.it\/privacy-policy\/#breadcrumb\",\"itemListElement\":[{\"@type\":\"ListItem\",\"position\":1,\"name\":\"Home\",\"item\":\"https:\/\/www.miba.it\/\"},{\"@type\":\"ListItem\",\"position\":2,\"name\":\"Privacy Policy\"}]},{\"@type\":\"WebSite\",\"@id\":\"https:\/\/www.miba.it\/#website\",\"url\":\"https:\/\/www.miba.it\/\",\"name\":\"MIBA\",\"description\":\"The outsourcing solution\",\"potentialAction\":[{\"@type\":\"SearchAction\",\"target\":{\"@type\":\"EntryPoint\",\"urlTemplate\":\"https:\/\/www.miba.it\/?s={search_term_string}\"},\"query-input\":{\"@type\":\"PropertyValueSpecification\",\"valueRequired\":true,\"valueName\":\"search_term_string\"}}],\"inLanguage\":\"de\"}]}<\/script>\n<!-- \/ Yoast SEO plugin. -->","yoast_head_json":{"title":"Datenschutzpolitik | MIBA","description":"Informativa sulla privacy \u2013 protezione dei tuoi dati personali con MIBA: trasparenza, diritti e sicurezza garantiti.","robots":{"index":"index","follow":"follow","max-snippet":"max-snippet:-1","max-image-preview":"max-image-preview:large","max-video-preview":"max-video-preview:-1"},"canonical":"https:\/\/www.miba.it\/de\/datenschutzbestimmungen\/","og_locale":"de_DE","og_type":"article","og_title":"Privacy Policy | MIBA","og_description":"Informativa sulla privacy \u2013 protezione dei tuoi dati personali con MIBA: trasparenza, diritti e sicurezza garantiti.","og_url":"https:\/\/www.miba.it\/de\/datenschutzbestimmungen\/","og_site_name":"MIBA","article_modified_time":"2025-12-18T08:34:43+00:00","og_image":[{"width":2560,"height":1011,"url":"https:\/\/www.miba.it\/wp-content\/uploads\/2025\/06\/MIBAHOME22-scaled.png","type":"image\/png"}],"twitter_card":"summary_large_image","twitter_misc":{"Gesch\u00e4tzte Lesezeit":"5\u00a0Minuten"},"schema":{"@context":"https:\/\/schema.org","@graph":[{"@type":"WebPage","@id":"https:\/\/www.miba.it\/privacy-policy\/","url":"https:\/\/www.miba.it\/privacy-policy\/","name":"Datenschutzpolitik | MIBA","isPartOf":{"@id":"https:\/\/www.miba.it\/#website"},"datePublished":"2025-11-04T08:15:36+00:00","dateModified":"2025-12-18T08:34:43+00:00","description":"Informativa sulla privacy \u2013 protezione dei tuoi dati personali con MIBA: trasparenza, diritti e sicurezza garantiti.","breadcrumb":{"@id":"https:\/\/www.miba.it\/privacy-policy\/#breadcrumb"},"inLanguage":"de","potentialAction":[{"@type":"ReadAction","target":["https:\/\/www.miba.it\/privacy-policy\/"]}]},{"@type":"BreadcrumbList","@id":"https:\/\/www.miba.it\/privacy-policy\/#breadcrumb","itemListElement":[{"@type":"ListItem","position":1,"name":"Home","item":"https:\/\/www.miba.it\/"},{"@type":"ListItem","position":2,"name":"Privacy Policy"}]},{"@type":"WebSite","@id":"https:\/\/www.miba.it\/#website","url":"https:\/\/www.miba.it\/","name":"MIBA","description":"Die Outsourcing-L\u00f6sung","potentialAction":[{"@type":"SearchAction","target":{"@type":"EntryPoint","urlTemplate":"https:\/\/www.miba.it\/?s={search_term_string}"},"query-input":{"@type":"PropertyValueSpecification","valueRequired":true,"valueName":"search_term_string"}}],"inLanguage":"de"}]}},"_links":{"self":[{"href":"https:\/\/www.miba.it\/de\/wp-json\/wp\/v2\/pages\/1812","targetHints":{"allow":["GET"]}}],"collection":[{"href":"https:\/\/www.miba.it\/de\/wp-json\/wp\/v2\/pages"}],"about":[{"href":"https:\/\/www.miba.it\/de\/wp-json\/wp\/v2\/types\/page"}],"author":[{"embeddable":true,"href":"https:\/\/www.miba.it\/de\/wp-json\/wp\/v2\/users\/1"}],"replies":[{"embeddable":true,"href":"https:\/\/www.miba.it\/de\/wp-json\/wp\/v2\/comments?post=1812"}],"version-history":[{"count":22,"href":"https:\/\/www.miba.it\/de\/wp-json\/wp\/v2\/pages\/1812\/revisions"}],"predecessor-version":[{"id":1910,"href":"https:\/\/www.miba.it\/de\/wp-json\/wp\/v2\/pages\/1812\/revisions\/1910"}],"wp:attachment":[{"href":"https:\/\/www.miba.it\/de\/wp-json\/wp\/v2\/media?parent=1812"}],"curies":[{"name":"wp","href":"https:\/\/api.w.org\/{rel}","templated":true}]}}