{"id":126,"date":"2024-07-13T11:22:52","date_gmt":"2024-07-13T11:22:52","guid":{"rendered":"https:\/\/www.miba.it\/?page_id=126"},"modified":"2025-10-10T11:44:11","modified_gmt":"2025-10-10T11:44:11","slug":"zertifizierungen","status":"publish","type":"page","link":"https:\/\/www.miba.it\/de\/zertifizierungen\/","title":{"rendered":"ZERTIFIZIERUNGEN"},"content":{"rendered":"<div class=\"wpb-content-wrapper\"><div class=\"vc_row wpb_row vc_row-fluid\"><div class=\"wpb_column vc_column_container vc_col-sm-12\"><div class=\"vc_column-inner\"><div class=\"wpb_wrapper\"><!-- common banner start from here  -->\n    <section class=\"common-banner-main\" style=\"background: url(https:\/\/www.miba.it\/wp-content\/uploads\/2024\/10\/3d-qualita.png);\">\n        <div class=\"container\">\n            <div class=\"row\">\n                <div class=\"col-xs-12 col-sm-12 col-md-12 col-lg-12\">\n                    <div class=\"banner-contents\">\n                        <h1>ZERTIFIZIERUNGEN<\/h1>\n                    <\/div>\n                <\/div>\n            <\/div>\n        <\/div>\n    <\/section>\n<!-- common banner ends here  -->\n<!-- ricerca section start from here  -->\n\n    <section class=\"miba-ricerca-main\">\n        <div class=\"container\">\n            <div class=\"row\">\n                <div class=\"col-xs-12 col-sm-12 col-md-12 col-lg-12\">\n                    <div class=\"common-title\">\n                        <h2 class=\"translation-block\">Engagement und Sicherheit: <span>eine Garantie<\/span><\/h2>\n                        <p>Unsere Zertifizierungen sind ein konkreter Beweis f\u00fcr das Engagement von MIBA f\u00fcr Spitzenleistungen und Qualit\u00e4t. Wir sind stolz darauf, unseren Kunden hohe Standards und die Einhaltung der strengsten Vorschriften zu garantieren und damit sichere und zuverl\u00e4ssige sowie vollst\u00e4ndige, innovative und hochwertige L\u00f6sungen zu gew\u00e4hrleisten. Jede Zertifizierung spiegelt unser Engagement f\u00fcr ein H\u00f6chstma\u00df an Leistung und Integrit\u00e4t wider und best\u00e4tigt unser st\u00e4ndiges Engagement bei der kontinuierlichen Verbesserung. Erfahren Sie mehr \u00fcber unsere Zertifizierungen und dar\u00fcber, wie diese dazu beitragen, unsere F\u00fchrungsposition in der Branche zu festigen, und unseren Kunden die Sicherheit geben, sich f\u00fcr einen hochqualifizierten Partner zu entscheiden, der auf dem neuesten Stand ist.<\/p>\n                    <\/div>\n                <\/div>\n            <\/div>\n        <\/div>\n    <\/section>\n\n<!-- ricerca section ends here  -->\n<section class=\"certifacation-grid-main\">\n    <div class=\"container\">\n        <div class=\"row\">\n            <div class=\"col-xs-12 col-sm-12 col-md-12 col-lg-12\">\n                <div class=\"certifacation-grid-parent\">\n                                                                                            <div class=\"single-grid\">\n                            <div class=\"grid-bg\" style=\"background: url(https:\/\/www.miba.it\/wp-content\/uploads\/2025\/06\/tecnologia-.jpg);\">\n                                <div class=\"contents\">\n                                    <div class=\"icon\">\n                                        <img decoding=\"async\" src=\"\" alt=\"\">\n                                    <\/div>\n                                    <h3>St\u00e4ndige Aktualisierung<\/h3>\n                                    <p>Bei MIBA wird jeder Mitarbeiter, vom Designer bis zum Verpacker, zur Qualit\u00e4tsverbesserung und zur st\u00e4ndigen Weiterbildung ermutigt. Obwohl Ausbildung und Schulung unerl\u00e4sslich sind, l\u00e4sst das Unternehmen viel Raum f\u00fcr individuelle F\u00e4higkeiten und Engagement, je nach dem Willen des Unternehmens.<\/p>\n    \n                                <\/div>\n                            <\/div>\n                        <\/div>\n                                                                        <div class=\"single-grid\">\n                            <div class=\"grid-bg\" style=\"background: url(https:\/\/www.miba.it\/wp-content\/uploads\/2025\/06\/tante-piegatrici-scaled.jpg);\">\n                                <div class=\"contents\">\n                                    <div class=\"icon\">\n                                        <img decoding=\"async\" src=\"\" alt=\"\">\n                                    <\/div>\n                                    <h3>Qualit\u00e4t Werte<\/h3>\n                                    <p>Ein moderner, \u201esauberer\u201c und sicherer Arbeitsplatz, der die Einbindung des Arbeitnehmers erleichtert und ihn ermutigt, sich bestm\u00f6glich einzubringen und sich mit dem Unternehmen in all seinen Bestandteilen zu identifizieren.\n<\/p>\n    \n                                <\/div>\n                            <\/div>\n                        <\/div>\n                                                                        <div class=\"single-grid\">\n                            <div class=\"grid-bg\" style=\"background: url(https:\/\/www.miba.it\/wp-content\/uploads\/2025\/06\/altri-2-colleghi.jpg);\">\n                                <div class=\"contents\">\n                                    <div class=\"icon\">\n                                        <img decoding=\"async\" src=\"https:\/\/www.miba.it\/wp-content\/uploads\/2024\/07\/Vector-1-1.png\" alt=\"\">\n                                    <\/div>\n                                    <h3>Flexible Organisation<\/h3>\n                                    <p>Das Arbeitsumfeld von MIBA ist zwar genau strukturiert und organisiert, bietet jedoch eine Flexibilit\u00e4t, die es jedem Mitarbeiter erm\u00f6glicht, einen sinnvollen und pers\u00f6nlichen Beitrag zu leisten.<\/p>\n    \n                                <\/div>\n                            <\/div>\n                        <\/div>\n                                                            <\/div>\n            <\/div>\n        <\/div>\n    <\/div>\n<\/section>\n<section class=\"evoluzione-main certifcate-evoluzione\">\n    <div class=\"container\">\n        <div class=\"row\">\n                                                                <div class=\"col-xs-12 col-sm-12 col-md-6 col-lg-6\">\n                        <div class=\"contents px-3\">\n                            <div class=\"icon\">\n                                <img decoding=\"async\" src=\"https:\/\/www.miba.it\/wp-content\/uploads\/2024\/07\/Group-7-1.png\" alt=\"\">\n                            <\/div>\n                            <h3>Qualit\u00e4tspr\u00fcfungen<\/h3>\n                            <p>Bei unseren Abteilungen ist die interne Qualit\u00e4tskontrolle (nach ISO 9001) von besonderer Bedeutung. Diese Abteilung spielt eine grundlegende Rolle nicht nur bei der Unterst\u00fctzung der Produktion und der Lieferanten, sondern auch der Montaget\u00e4tigkeiten und unserer Kunden. Nach strengen internen Abl\u00e4ufen und unter Inanspruchnahme von Hightech-Instrumenten und Pr\u00fcfungsverfahren auf h\u00f6chstem Niveau f\u00fchrt unser f\u00fcr die Qualit\u00e4tskontrolle zust\u00e4ndiges Team detaillierte Pr\u00fcfungen der eingehenden Materialien und der Produktionsprozesse durch. Auf diese Weise k\u00f6nnen wir die Qualit\u00e4t des Endprodukts garantieren und sicherstellen, dass jeder Schritt des Prozesses den h\u00f6chsten Standards entspricht. Dank dieser sorgf\u00e4ltigen Kontrolle bieten wir unseren Kunden zuverl\u00e4ssige Produkte, die ihren Erwartungen gerecht werden und unseren exzellenten Ruf in der Branche festigen.<\/p>\n                        <\/div>\n                    <\/div>\n                                                    <div class=\"col-xs-12 col-sm-12 col-md-6 col-lg-6\">\n                        <div class=\"contents px-3\">\n                            <div class=\"icon\">\n                                <img decoding=\"async\" src=\"https:\/\/www.miba.it\/wp-content\/uploads\/2024\/07\/surface1-1.png\" alt=\"\">\n                            <\/div>\n                            <h3> Qualit\u00e4tszertifikate<\/h3>\n                            <p>Auf besonderen Wunsch stellen wir Qualit\u00e4tszertifikate, Pr\u00fcfberichte und Inspektionen zur Verf\u00fcgung, die entweder in unserer Betriebsst\u00e4tte oder in akkreditierten externen Labors durchgef\u00fchrt werden k\u00f6nnen. Wir bem\u00fchen uns um p\u00fcnktliche Lieferungen und bieten mehrere Versandoptionen: Daf\u00fcr nutzen wir eigenen Fahrzeuge und beauftragte Kurierdienste f\u00fcr nationale und internationale Lieferungen. Diese Flexibilit\u00e4t bei den Liefermethoden und der Wert, den wir auf Details legen, garantieren, dass unsere Kunden ihre Produkte zeitnah und in der gew\u00fcnschten Qualit\u00e4t erhalten, egal, wo sie sich befinden.<\/p>\n                        <\/div>\n                    <\/div>\n                                    <\/div>\n    <\/div>\n<\/section>\n<section class=\"case-study-main certification-case\">\n    <div class=\"container\">\n        <div class=\"row\">\n            <div class=\"col-xs-12 col-sm-12 col-md-12 col-lg-12\">\n                <h6>Laden Sie unsere Zertifizierungen herunter und erfahren Sie, wie MIBA Qualit\u00e4t, Sicherheit und die Einhaltung der h\u00f6chsten Standards in der elektromechanischen Ger\u00e4teindustrie gew\u00e4hrleistet. Unsere Zertifizierungen zeugen von unserem Engagement f\u00fcr Spitzenleistungen und Kundenzufriedenheit.<\/h6>\n            <\/div>\n        <\/div>\n        <div class=\"row\">\n            <div class=\"col-xs-12 col-sm-12 col-md-12 col-lg-12\">\n                <div class=\"case-lists\">\n                                                                        <div class=\"single-case\">\n                                <div class=\"text\">\n                                    <a class=\"mba_list_text_align\" download href=\"https:\/\/miba.it\/wp-content\/uploads\/2024\/08\/Certificato-ISO-9001-ita-eng-scad.-15-07-26.pdf\">\n                                        <i class=\"fa-regular fa-file-lines\"><\/i>\n                                        <span><strong>ISO 9001<\/strong>\u2013  Qualit\u00e4tsmanagementsystem<\/span>\n                                    <\/a>\n                                <\/div>\n                                <div class=\"btn-box\">\n                                    <a download href=\"https:\/\/miba.it\/wp-content\/uploads\/2024\/08\/Certificato-ISO-9001-ita-eng-scad.-15-07-26.pdf\">PDF herunterladen<\/a>\n                                <\/div>\n                            <\/div>\n                                                    <div class=\"single-case\">\n                                <div class=\"text\">\n                                    <a class=\"mba_list_text_align\" download href=\"https:\/\/www.miba.it\/wp-content\/uploads\/2025\/02\/Certificato-ISO-14001-ita-eng-scad.-24-01-28-6.pdf\">\n                                        <i class=\"fa-regular fa-file-lines\"><\/i>\n                                        <span><strong>ISO 14001<\/strong>\u2013  Umweltmanagementsystem<\/span>\n                                    <\/a>\n                                <\/div>\n                                <div class=\"btn-box\">\n                                    <a download href=\"https:\/\/www.miba.it\/wp-content\/uploads\/2025\/02\/Certificato-ISO-14001-ita-eng-scad.-24-01-28-6.pdf\">PDF herunterladen<\/a>\n                                <\/div>\n                            <\/div>\n                                                    <div class=\"single-case\">\n                                <div class=\"text\">\n                                    <a class=\"mba_list_text_align\" download href=\"https:\/\/www.miba.it\/wp-content\/uploads\/2025\/07\/Certificato-FPC-1090-ita-eng-rev.3.pdf\">\n                                        <i class=\"fa-regular fa-file-lines\"><\/i>\n                                        <span><strong>EN 1090<\/strong> \u2013 Zertifizierung von Metallerzeugnissen f\u00fcr strukturelle Anwendungen<\/span>\n                                    <\/a>\n                                <\/div>\n                                <div class=\"btn-box\">\n                                    <a download href=\"https:\/\/www.miba.it\/wp-content\/uploads\/2025\/07\/Certificato-FPC-1090-ita-eng-rev.3.pdf\">PDF herunterladen<\/a>\n                                <\/div>\n                            <\/div>\n                                                    <div class=\"single-case\">\n                                <div class=\"text\">\n                                    <a class=\"mba_list_text_align\" download href=\"https:\/\/www.miba.it\/wp-content\/uploads\/2025\/02\/Certificato-ISO-45001-ita-eng-scad.-24-01-28-5.pdf\">\n                                        <i class=\"fa-regular fa-file-lines\"><\/i>\n                                        <span><strong>ISO 45001<\/strong>\u2013  Managementsystem f\u00fcr Gesundheit und Sicherheit am Arbeitsplatz<\/span>\n                                    <\/a>\n                                <\/div>\n                                <div class=\"btn-box\">\n                                    <a download href=\"https:\/\/www.miba.it\/wp-content\/uploads\/2025\/02\/Certificato-ISO-45001-ita-eng-scad.-24-01-28-5.pdf\">PDF herunterladen<\/a>\n                                <\/div>\n                            <\/div>\n                                                    <div class=\"single-case\">\n                                <div class=\"text\">\n                                    <a class=\"mba_list_text_align\" download href=\"https:\/\/www.miba.it\/wp-content\/uploads\/2025\/03\/Cribis-28.03.2025-IT-1.png\">\n                                        <i class=\"fa-regular fa-file-lines\"><\/i>\n                                        <span>UNTERNEHMEN CRIBIS PRIME<\/span>\n                                    <\/a>\n                                <\/div>\n                                <div class=\"btn-box\">\n                                    <a download href=\"https:\/\/www.miba.it\/wp-content\/uploads\/2025\/03\/Cribis-28.03.2025-IT-1.png\">PDF herunterladen<\/a>\n                                <\/div>\n                            <\/div>\n                                                    <div class=\"single-case\">\n                                <div class=\"text\">\n                                    <a class=\"mba_list_text_align\" download href=\"https:\/\/www.miba.it\/wp-content\/uploads\/2025\/03\/Cribis-28.03.2025-UK.png\">\n                                        <i class=\"fa-regular fa-file-lines\"><\/i>\n                                        <span>CRIBIS , DUNS-Nummer<\/span>\n                                    <\/a>\n                                <\/div>\n                                <div class=\"btn-box\">\n                                    <a download href=\"https:\/\/www.miba.it\/wp-content\/uploads\/2025\/03\/Cribis-28.03.2025-UK.png\">PDF herunterladen<\/a>\n                                <\/div>\n                            <\/div>\n                                                    <div class=\"single-case\">\n                                <div class=\"text\">\n                                    <a class=\"mba_list_text_align\" download href=\"https:\/\/www.miba.it\/wp-content\/uploads\/2025\/08\/AGCM.REGISTRO-UFFICIALE_2025-1.pdf\">\n                                        <i class=\"fa-regular fa-file-lines\"><\/i>\n                                        <span>LEGALITY RATING <\/span>\n                                    <\/a>\n                                <\/div>\n                                <div class=\"btn-box\">\n                                    <a download href=\"https:\/\/www.miba.it\/wp-content\/uploads\/2025\/08\/AGCM.REGISTRO-UFFICIALE_2025-1.pdf\">PDF herunterladen<\/a>\n                                <\/div>\n                            <\/div>\n                                                    <div class=\"single-case\">\n                                <div class=\"text\">\n                                    <a class=\"mba_list_text_align\" download href=\"https:\/\/www.miba.it\/wp-content\/uploads\/2025\/10\/DACH-certificazione-scaled.jpg\">\n                                        <i class=\"fa-regular fa-file-lines\"><\/i>\n                                        <span>INTERNATIONALISIERUNGSPROJEKT \"DACH\"-GEBIET\"<\/span>\n                                    <\/a>\n                                <\/div>\n                                <div class=\"btn-box\">\n                                    <a download href=\"https:\/\/www.miba.it\/wp-content\/uploads\/2025\/10\/DACH-certificazione-scaled.jpg\">PDF herunterladen<\/a>\n                                <\/div>\n                            <\/div>\n                                                            <\/div>\n            <\/div>\n        <\/div>\n    <\/div>\n<\/section>\n\r\n    <style>\r\n        .case-lists.single_list_item_case {\r\n            display: inline;\r\n        }\r\n    <\/style>\r\n    <section class=\"case-study-main certification-case progetto-main\" style=\"background: #fff;\">\r\n        <div class=\"container\">\r\n            <div class=\"row\">\r\n                <div class=\"col-12\">\r\n\r\n                    <h6 style=\"text-align: center\" class=\"translation-block\">Arbeitssicherheit und Umweltschutz sind <strong>unverzichtbare und grundlegende<\/strong> Bedingungen f\u00fcr die technologische und qualitative Entwicklung und Verbesserung, die MIBA anstrebt.<\/h6>\r\n                <\/div>\r\n            <\/div>\r\n            <div class=\"row\">\r\n                <div class=\"col-xs-12 col-sm-12 col-md-2 col-lg-2\">\r\n\r\n                <\/div>\r\n                <div class=\"col-xs-12 col-sm-12 col-md-8 col-lg-8\">\r\n                    <div class=\"case-lists single_list_item_case\">\r\n                                                                                    <div class=\"single-case\">\r\n                                    <div class=\"text\">\r\n                                        <a download href=\"https:\/\/www.miba.it\/wp-content\/uploads\/2024\/12\/Quality-Environment-Health-and-Safety-Policy.pdf\">\r\n                                            <i class=\"fa-regular fa-file-lines\"><\/i>\r\n                                            Qualit\u00e4ts-, Umwelt- und Sicherheitspolitik                                         <\/a>\r\n                                    <\/div>\r\n                                    <div class=\"btn-box\">\r\n                                        <a download href=\"https:\/\/www.miba.it\/wp-content\/uploads\/2024\/12\/Quality-Environment-Health-and-Safety-Policy.pdf\">PDF herunterladen<\/a>\r\n                                    <\/div>\r\n                                <\/div>\r\n                                                                        <\/div>\r\n                <\/div>\r\n                <div class=\"col-xs-12 col-sm-12 col-md-2 col-lg-2\">\r\n\r\n                <\/div>\r\n            <\/div>\r\n        <\/div>\r\n    <\/section>\r\n<\/div><\/div><\/div><\/div>\n<\/div>","protected":false},"excerpt":{"rendered":"<p> [&#8230;]<\/p>\n<p><a class=\"btn btn-secondary redapple-read-more-link\" href=\"https:\/\/www.miba.it\/de\/zertifizierungen\/\">Weiterlesen&#8230;<\/a><\/p>\n","protected":false},"author":1,"featured_media":0,"parent":0,"menu_order":0,"comment_status":"closed","ping_status":"closed","template":"","meta":{"_acf_changed":false,"inline_featured_image":false,"footnotes":""},"class_list":["post-126","page","type-page","status-publish","hentry"],"acf":[],"yoast_head":"<!-- This site is optimized with the Yoast SEO plugin v26.6 - https:\/\/yoast.com\/wordpress\/plugins\/seo\/ -->\n<title>MIBA | Certificazioni Qualit\u00e0 e Sicurezza<\/title>\n<meta name=\"description\" content=\"Scopri il nostro impegno per la qualit\u00e0, la sicurezza e l&#039;ambiente, certificazioni ISO che garantiscono i pi\u00f9 alti standard nel settore.\" \/>\n<meta name=\"robots\" content=\"index, follow, max-snippet:-1, max-image-preview:large, max-video-preview:-1\" \/>\n<link rel=\"canonical\" href=\"https:\/\/www.miba.it\/de\/zertifizierungen\/\" \/>\n<meta property=\"og:locale\" content=\"de_DE\" \/>\n<meta property=\"og:type\" content=\"article\" \/>\n<meta property=\"og:title\" content=\"MIBA | Certificazioni Qualit\u00e0 e Sicurezza\" \/>\n<meta property=\"og:description\" content=\"Scopri il nostro impegno per la qualit\u00e0, la sicurezza e l&#039;ambiente, certificazioni ISO che garantiscono i pi\u00f9 alti standard nel settore.\" \/>\n<meta property=\"og:url\" content=\"https:\/\/www.miba.it\/de\/zertifizierungen\/\" \/>\n<meta property=\"og:site_name\" content=\"MIBA\" \/>\n<meta property=\"article:modified_time\" content=\"2025-10-10T11:44:11+00:00\" \/>\n<meta property=\"og:image\" content=\"https:\/\/www.miba.it\/wp-content\/uploads\/2025\/06\/MIBAHOME22-scaled.png\" \/>\n\t<meta property=\"og:image:width\" content=\"2560\" \/>\n\t<meta property=\"og:image:height\" content=\"1011\" \/>\n\t<meta property=\"og:image:type\" content=\"image\/png\" \/>\n<meta name=\"twitter:card\" content=\"summary_large_image\" \/>\n<meta name=\"twitter:label1\" content=\"Gesch\u00e4tzte Lesezeit\" \/>\n\t<meta name=\"twitter:data1\" content=\"1\u00a0Minute\" \/>\n<script type=\"application\/ld+json\" class=\"yoast-schema-graph\">{\"@context\":\"https:\/\/schema.org\",\"@graph\":[{\"@type\":\"WebPage\",\"@id\":\"https:\/\/www.miba.it\/certificazioni\/\",\"url\":\"https:\/\/www.miba.it\/certificazioni\/\",\"name\":\"MIBA | Certificazioni Qualit\u00e0 e Sicurezza\",\"isPartOf\":{\"@id\":\"https:\/\/www.miba.it\/#website\"},\"datePublished\":\"2024-07-13T11:22:52+00:00\",\"dateModified\":\"2025-10-10T11:44:11+00:00\",\"description\":\"Scopri il nostro impegno per la qualit\u00e0, la sicurezza e l'ambiente, certificazioni ISO che garantiscono i pi\u00f9 alti standard nel settore.\",\"breadcrumb\":{\"@id\":\"https:\/\/www.miba.it\/certificazioni\/#breadcrumb\"},\"inLanguage\":\"de\",\"potentialAction\":[{\"@type\":\"ReadAction\",\"target\":[\"https:\/\/www.miba.it\/certificazioni\/\"]}]},{\"@type\":\"BreadcrumbList\",\"@id\":\"https:\/\/www.miba.it\/certificazioni\/#breadcrumb\",\"itemListElement\":[{\"@type\":\"ListItem\",\"position\":1,\"name\":\"Home\",\"item\":\"https:\/\/www.miba.it\/\"},{\"@type\":\"ListItem\",\"position\":2,\"name\":\"CERTIFICAZIONI\"}]},{\"@type\":\"WebSite\",\"@id\":\"https:\/\/www.miba.it\/#website\",\"url\":\"https:\/\/www.miba.it\/\",\"name\":\"MIBA\",\"description\":\"The outsourcing solution\",\"potentialAction\":[{\"@type\":\"SearchAction\",\"target\":{\"@type\":\"EntryPoint\",\"urlTemplate\":\"https:\/\/www.miba.it\/?s={search_term_string}\"},\"query-input\":{\"@type\":\"PropertyValueSpecification\",\"valueRequired\":true,\"valueName\":\"search_term_string\"}}],\"inLanguage\":\"de\"}]}<\/script>\n<!-- \/ Yoast SEO plugin. -->","yoast_head_json":{"title":"MIBA | Qualit\u00e4ts- und Sicherheitszertifizierungen","description":"Entdecken Sie unser Engagement f\u00fcr Qualit\u00e4t, Sicherheit und Umwelt, ISO-Zertifizierungen, die die h\u00f6chsten Standards in der Branche garantieren.","robots":{"index":"index","follow":"follow","max-snippet":"max-snippet:-1","max-image-preview":"max-image-preview:large","max-video-preview":"max-video-preview:-1"},"canonical":"https:\/\/www.miba.it\/de\/zertifizierungen\/","og_locale":"de_DE","og_type":"article","og_title":"MIBA | Certificazioni Qualit\u00e0 e Sicurezza","og_description":"Scopri il nostro impegno per la qualit\u00e0, la sicurezza e l'ambiente, certificazioni ISO che garantiscono i pi\u00f9 alti standard nel settore.","og_url":"https:\/\/www.miba.it\/de\/zertifizierungen\/","og_site_name":"MIBA","article_modified_time":"2025-10-10T11:44:11+00:00","og_image":[{"width":2560,"height":1011,"url":"https:\/\/www.miba.it\/wp-content\/uploads\/2025\/06\/MIBAHOME22-scaled.png","type":"image\/png"}],"twitter_card":"summary_large_image","twitter_misc":{"Gesch\u00e4tzte Lesezeit":"1\u00a0Minute"},"schema":{"@context":"https:\/\/schema.org","@graph":[{"@type":"WebPage","@id":"https:\/\/www.miba.it\/certificazioni\/","url":"https:\/\/www.miba.it\/certificazioni\/","name":"MIBA | Qualit\u00e4ts- und Sicherheitszertifizierungen","isPartOf":{"@id":"https:\/\/www.miba.it\/#website"},"datePublished":"2024-07-13T11:22:52+00:00","dateModified":"2025-10-10T11:44:11+00:00","description":"Entdecken Sie unser Engagement f\u00fcr Qualit\u00e4t, Sicherheit und Umwelt, ISO-Zertifizierungen, die die h\u00f6chsten Standards in der Branche garantieren.","breadcrumb":{"@id":"https:\/\/www.miba.it\/certificazioni\/#breadcrumb"},"inLanguage":"de","potentialAction":[{"@type":"ReadAction","target":["https:\/\/www.miba.it\/certificazioni\/"]}]},{"@type":"BreadcrumbList","@id":"https:\/\/www.miba.it\/certificazioni\/#breadcrumb","itemListElement":[{"@type":"ListItem","position":1,"name":"Home","item":"https:\/\/www.miba.it\/"},{"@type":"ListItem","position":2,"name":"CERTIFICAZIONI"}]},{"@type":"WebSite","@id":"https:\/\/www.miba.it\/#website","url":"https:\/\/www.miba.it\/","name":"MIBA","description":"Die Outsourcing-L\u00f6sung","potentialAction":[{"@type":"SearchAction","target":{"@type":"EntryPoint","urlTemplate":"https:\/\/www.miba.it\/?s={search_term_string}"},"query-input":{"@type":"PropertyValueSpecification","valueRequired":true,"valueName":"search_term_string"}}],"inLanguage":"de"}]}},"_links":{"self":[{"href":"https:\/\/www.miba.it\/de\/wp-json\/wp\/v2\/pages\/126","targetHints":{"allow":["GET"]}}],"collection":[{"href":"https:\/\/www.miba.it\/de\/wp-json\/wp\/v2\/pages"}],"about":[{"href":"https:\/\/www.miba.it\/de\/wp-json\/wp\/v2\/types\/page"}],"author":[{"embeddable":true,"href":"https:\/\/www.miba.it\/de\/wp-json\/wp\/v2\/users\/1"}],"replies":[{"embeddable":true,"href":"https:\/\/www.miba.it\/de\/wp-json\/wp\/v2\/comments?post=126"}],"version-history":[{"count":33,"href":"https:\/\/www.miba.it\/de\/wp-json\/wp\/v2\/pages\/126\/revisions"}],"predecessor-version":[{"id":1766,"href":"https:\/\/www.miba.it\/de\/wp-json\/wp\/v2\/pages\/126\/revisions\/1766"}],"wp:attachment":[{"href":"https:\/\/www.miba.it\/de\/wp-json\/wp\/v2\/media?parent=126"}],"curies":[{"name":"wp","href":"https:\/\/api.w.org\/{rel}","templated":true}]}}